{"id":2326,"date":"2024-05-08T07:47:51","date_gmt":"2024-05-08T07:47:51","guid":{"rendered":"https:\/\/www.samscoffee.co\/?page_id=2326"},"modified":"2024-05-08T07:47:51","modified_gmt":"2024-05-08T07:47:51","slug":"kvkk","status":"publish","type":"page","link":"https:\/\/www.samscoffee.co\/en\/kvkk\/","title":{"rendered":"Ki\u015fisel Veri Ayd\u0131nlatma Metni"},"content":{"rendered":"<div class=\"entrance-text\">De\u011ferli m\u00fc\u015fterimiz, Ki\u015fisel Verilerin Korunmas\u0131 Mevzuat\u0131 Uyar\u0131nca Ayd\u0131nlatma Metni Ki\u015fisel verilerin i\u015flenmesinde ba\u015fta \u00f6zel hayat\u0131n gizlili\u011fi olmak \u00fczere ki\u015filerin temel hak ve \u00f6zg\u00fcrl\u00fcklerini korumak, ki\u015fisel verileri i\u015fleyen ger\u00e7ek ve t\u00fczel ki\u015filerin y\u00fck\u00fcml\u00fcl\u00fckleri ile uyacaklar\u0131 kurallar\u0131 d\u00fczenlemek amac\u0131yla \u201c6698 say\u0131l\u0131 Ki\u015fisel Verilerin Korunmas\u0131 Kanunu (\u201cKVKK\u201d)\u201d 07.04.2016 tarihinde yay\u0131mlanarak y\u00fcr\u00fcrl\u00fc\u011fe girmi\u015ftir. Sams Coffee Co (\u201csamscoffee.co\u201d) olarak, veri sorumlusu s\u0131fat\u0131yla, sizlerden elde etti\u011fimiz ki\u015fisel verileri KVKK\u2019da belirtilen ve a\u015fa\u011f\u0131da detaylar\u0131 a\u00e7\u0131klanan ama\u00e7lar \u00e7er\u00e7evesinde, bu ama\u00e7lar ile ba\u011flant\u0131l\u0131, s\u0131n\u0131rl\u0131 ve \u00f6l\u00e7\u00fcl\u00fc \u015fekilde ki\u015fisel verilerin do\u011frulu\u011funu ve en g\u00fcncel halini koruyarak kaydedece\u011fimizi, depolayaca\u011f\u0131m\u0131z\u0131, muhafaza edece\u011fimizi ve kanunen ki\u015fisel verileri talep etmeye yetkili olan kurumlar ile payla\u015faca\u011f\u0131m\u0131z\u0131 KVKK\u2019n\u0131n \u00f6ng\u00f6rd\u00fc\u011f\u00fc \u015fartlarda \u00fc\u00e7\u00fcnc\u00fc ki\u015filere ve \u015firketlere aktaraca\u011f\u0131m\u0131z\u0131 bilgilerinize sunuyoruz.<\/div>\n<div class=\"sub-title\">1. KVKK\u2019ya \u0130li\u015fkin Tan\u0131mlamalar<\/div>\n<div class=\"entrance-text\">KVKK\u2019n\u0131n uygulanmas\u0131nda;<\/div>\n<div class=\"entrance-text\">\n<ul class=\"discover-list\">\n<li>Anonim h\u00e2le getirme: Ki\u015fisel verilerin, ba\u015fka verilerle e\u015fle\u015ftirilerek dahi hi\u00e7bir surette kimli\u011fi belirli veya belirlenebilir bir ger\u00e7ek ki\u015fiyle ili\u015fkilendirilemeyecek h\u00e2le getirilmesini,<\/li>\n<li>\u0130lgili Ki\u015fi: Ki\u015fisel verisi i\u015flenen ger\u00e7ek ki\u015fiyi,<\/li>\n<li>Ki\u015fisel veri: Kimli\u011fi belirli veya belirlenebilir ger\u00e7ek ki\u015fiye ili\u015fkin her t\u00fcrl\u00fc bilgiyi,<\/li>\n<li>Ki\u015fisel verilerin i\u015flenmesi: Ki\u015fisel verilerin tamamen veya k\u0131smen otomatik olan ya da herhangi bir veri kay\u0131t sisteminin par\u00e7as\u0131 olmak kayd\u0131yla otomatik olmayan yollarla elde edilmesi, kaydedilmesi, depolanmas\u0131, muhafaza edilmesi, de\u011fi\u015ftirilmesi, yeniden d\u00fczenlenmesi, a\u00e7\u0131klanmas\u0131, aktar\u0131lmas\u0131, devral\u0131nmas\u0131, elde edilebilir h\u00e2le getirilmesi, s\u0131n\u0131fland\u0131r\u0131lmas\u0131 ya da kullan\u0131lmas\u0131n\u0131n engellenmesi gibi veriler \u00fczerinde ger\u00e7ekle\u015ftirilen her t\u00fcrl\u00fc i\u015flemi,<\/li>\n<li>Kurul: Ki\u015fisel Verileri Koruma Kurulunu,<\/li>\n<li>Kurum: Ki\u015fisel Verileri Koruma Kurumunu,<\/li>\n<li>Veri i\u015fleyen: Veri sorumlusunun verdi\u011fi yetkiye dayanarak onun ad\u0131na ki\u015fisel verileri i\u015fleyen ger\u00e7ek veya t\u00fczel ki\u015fiyi,<\/li>\n<li>Veri kay\u0131t sistemi: Ki\u015fisel verilerin belirli kriterlere g\u00f6re yap\u0131land\u0131r\u0131larak i\u015flendi\u011fi kay\u0131t sistemini,<\/li>\n<li>Veri sorumlusu: Ki\u015fisel verilerin i\u015fleme ama\u00e7lar\u0131n\u0131 ve vas\u0131talar\u0131n\u0131 belirleyen, veri kay\u0131t sisteminin kurulmas\u0131ndan ve y\u00f6netilmesinden sorumlu olan ger\u00e7ek veya t\u00fczel ki\u015fiyi,<\/li>\n<li>\u00d6zel nitelikli ki\u015fisel veri: Ki\u015filerin \u0131rk\u0131, etnik k\u00f6keni, siyasi d\u00fc\u015f\u00fcncesi, felsefi inanc\u0131, dini, mezhebi veya di\u011fer inan\u00e7lar\u0131, k\u0131l\u0131k ve k\u0131yafeti, dernek, vak\u0131f ya da sendika \u00fcyeli\u011fi, sa\u011fl\u0131\u011f\u0131, cinsel hayat\u0131, ceza mahk\u00fbmiyeti ve g\u00fcvenlik tedbirleriyle ilgili verileri ile biyometrik ve genetik verilerini, ifade eder.<\/li>\n<\/ul>\n<\/div>\n<div class=\"sub-title\">Ki\u015fisel Veri Nedir? Hangi Ki\u015fisel Veriler \u0130\u015flenmektedir?<\/div>\n<div class=\"entrance-text\">Ki\u015fisel veri, kimli\u011finizi belirleyen veya belirlenebilir k\u0131lan her t\u00fcrl\u00fc bilgidir. Bu kapsamda ba\u015fl\u0131ca kimlik bilgileriniz olan ad\u0131n\u0131z soyad\u0131n\u0131z, T.C. kimlik numaran\u0131z olmak \u00fczere, adres ve telefon bilgileriniz, banka hesap bilgileriniz gibi sizinle ili\u015fkilendirilebilir her t\u00fcrl\u00fc bilgi \u201cKi\u015fisel Veri\u201d olarak ifade edilmektedir. KVKK madde 6 uyar\u0131nca d\u00fczenlenen \u0131rk, etnik k\u00f6ken, siyasi d\u00fc\u015f\u00fcnce, felsefi inan\u00e7, din, mezhep veya di\u011fer inan\u00e7lar\u0131, dernek, vak\u0131f veya sendika \u00fcyeli\u011fi, sa\u011fl\u0131k, cinsel hayat, ceza mahkumiyeti ve g\u00fcvenlik tedbirleriyle ilgili verileriniz ile biyometrik ve genetik verileriniz gibi hassas nitelikli veriler ise \u201c\u00d6zel Nitelikli Ki\u015fisel Veri\u201d olarak ifade edilmektedir. samscoffee.co olarak m\u00fc\u015fterilerimizin \u00f6zel nitelikli ki\u015fisel verilerini i\u015flemedi\u011fimizi belirtmek isteriz.<\/div>\n<div class=\"sub-title\">\u0130\u015flenebilecek Ki\u015fisel Verileri, Veri \u0130\u015fleme Amac\u0131 ve Hukuki Sebepleri<\/div>\n<div class=\"entrance-text\">Bu kapsamda samscoffee.co olarak \u00fcr\u00fcnlerimiz hakk\u0131nda yapt\u0131\u011f\u0131n\u0131z yorum ve payla\u015f\u0131mlar do\u011frultusunda KVKK\u2019ya uygun olarak a\u015fa\u011f\u0131da belirtti\u011fimiz Ki\u015fisel Verileri yine belirtti\u011fimiz i\u015fleme amac\u0131 ve hukuki sebepler do\u011frultusunda a\u00e7\u0131k r\u0131zan\u0131za dayanarak sizlerden al\u0131p, kendi sosyal medya hesaplar\u0131m\u0131zda payla\u015fmaktay\u0131z. Bu do\u011frultuda samscoffee.co taraf\u0131ndan i\u015flenen Ki\u015fisel Veriler a\u015fa\u011f\u0131daki \u015fekilde detayland\u0131rabilir:<\/div>\n<table>\n<tbody>\n<tr>\n<th>\u0130\u015flenebilecek Veri Kategorisi<\/th>\n<td>Kimlik<\/td>\n<\/tr>\n<tr>\n<th>\u0130\u015flenebilecek Ki\u015fisel Veriler<\/th>\n<td>\u0130sim-soyisim, Kullan\u0131c\u0131 ad\u0131<\/td>\n<\/tr>\n<tr>\n<th>\u0130\u015flenme Ama\u00e7lar\u0131<\/th>\n<td>Reklam \/ Kampanya \/ Promosyon S\u00fcre\u00e7lerinin Y\u00fcr\u00fct\u00fclmesi M\u00fc\u015fteri \u0130li\u015fkileri Y\u00f6netimi S\u00fcre\u00e7lerinin Y\u00fcr\u00fct\u00fclmesi M\u00fc\u015fteri Memnuniyetine Y\u00f6nelik Aktivitelerin Y\u00fcr\u00fct\u00fclmesi Yorum ve G\u00f6rsel Kay\u0131tlar\u0131n\u0131z\u0131n Sosyal Medya Hesaplar\u0131m\u0131zda Payla\u015f\u0131lmas\u0131<\/td>\n<\/tr>\n<tr>\n<th>\u0130\u015flenme Hukuki Sebepleri<\/th>\n<td>An\u0131lan kimlik verileriniz sosyal medya hesaplar\u0131m\u0131zda ve b\u00fclten \u00e7al\u0131\u015fmalar\u0131m\u0131zda i\u00e7erik payla\u015f\u0131mlar\u0131 yapmak \u00fczere a\u00e7\u0131k r\u0131zan\u0131z\u0131n varl\u0131\u011f\u0131 halinde i\u015flenecektir.<\/td>\n<\/tr>\n<\/tbody>\n<\/table>\n<table>\n<tbody>\n<tr>\n<th>\u0130\u015flenebilecek Veri Kategorisi<\/th>\n<td>\u0130leti\u015fim<\/td>\n<\/tr>\n<tr>\n<th>\u0130\u015flenebilecek Ki\u015fisel Veriler<\/th>\n<td>E-posta, Cep telefon numaran\u0131z<\/td>\n<\/tr>\n<tr>\n<th>\u0130\u015flenme Ama\u00e7lar\u0131<\/th>\n<td>\u0130leti\u015fim faaliyetlerinin y\u00fcr\u00fct\u00fclmesi, Reklam \/ Kampanya \/ Promosyon S\u00fcre\u00e7lerinin Y\u00fcr\u00fct\u00fclmesi M\u00fc\u015fteri \u0130li\u015fkileri Y\u00f6netimi S\u00fcre\u00e7lerinin Y\u00fcr\u00fct\u00fclmesi M\u00fc\u015fteri Memnuniyetine Y\u00f6nelik Aktivitelerin Y\u00fcr\u00fct\u00fclmesi<\/td>\n<\/tr>\n<tr>\n<th>\u0130\u015flenme Hukuki Sebepleri<\/th>\n<td>An\u0131lan kimlik verileriniz sosyal medya hesaplar\u0131m\u0131zda ve b\u00fclten \u00e7al\u0131\u015fmalar\u0131m\u0131zda i\u00e7erik payla\u015f\u0131mlar\u0131 yapmak \u00fczere a\u00e7\u0131k r\u0131zan\u0131z\u0131n varl\u0131\u011f\u0131 halinde i\u015flenecektir.<\/td>\n<\/tr>\n<\/tbody>\n<\/table>\n<table>\n<tbody>\n<tr>\n<th>\u0130\u015flenebilecek Veri Kategorisi<\/th>\n<td>G\u00f6rsel ve \u0130\u015fitsel Kay\u0131tlar<\/td>\n<\/tr>\n<tr>\n<th>\u0130\u015flenebilecek Ki\u015fisel Veriler<\/th>\n<td>Payla\u015f\u0131m yapm\u0131\u015f oldu\u011funuz \u00fcr\u00fcn ve yorum g\u00f6rselleri<\/td>\n<\/tr>\n<tr>\n<th>\u0130\u015flenme Ama\u00e7lar\u0131<\/th>\n<td>Reklam \/ Kampanya \/ Promosyon S\u00fcre\u00e7lerinin Y\u00fcr\u00fct\u00fclmesi M\u00fc\u015fteri \u0130li\u015fkileri Y\u00f6netimi S\u00fcre\u00e7lerinin Y\u00fcr\u00fct\u00fclmesi M\u00fc\u015fteri Memnuniyetine Y\u00f6nelik Aktivitelerin Y\u00fcr\u00fct\u00fclmesi Yorum ve G\u00f6rsel Kay\u0131tlar\u0131n\u0131z\u0131n Sosyal Medya Hesaplar\u0131m\u0131zda Payla\u015f\u0131lmas\u0131<\/td>\n<\/tr>\n<tr>\n<th>\u0130\u015flenme Hukuki Sebepleri<\/th>\n<td>An\u0131lan kimlik verileriniz sosyal medya hesaplar\u0131m\u0131zda ve b\u00fclten \u00e7al\u0131\u015fmalar\u0131m\u0131zda i\u00e7erik payla\u015f\u0131mlar\u0131 yapmak \u00fczere a\u00e7\u0131k r\u0131zan\u0131z\u0131n varl\u0131\u011f\u0131 halinde i\u015flenecektir.<\/td>\n<\/tr>\n<\/tbody>\n<\/table>\n<div class=\"sub-title\">Ki\u015fisel Veri Toplama Y\u00f6ntemi<\/div>\n<div class=\"entrance-text\">Ki\u015fisel verilerinizi internet ve \u00e7e\u015fitli sosyal medya mecralar\u0131nda samscoffee.co ad\u0131na i\u015fletilen sosyal medya hesaplar\u0131m\u0131z \u00fczerinden, e-posta, k\u0131sa mesajlar (&#8220;SMS&#8221;) veya multimedya mesajlar\u0131 (&#8220;MMS&#8221;) dahil sair ileti\u015fim y\u00f6ntemleri kanal\u0131yla, m\u00fc\u015fteri memnuniyeti ve reklam ve pazarlama ama\u00e7l\u0131 faaliyetlerimizi ger\u00e7ekle\u015ftirmemiz s\u0131ras\u0131nda, sesli, s\u00f6zl\u00fc, yaz\u0131l\u0131 veya elektronik ortamda olmak kayd\u0131yla tamamen veya k\u0131smen otomatik olan ya da herhangi bir veri kay\u0131t sisteminin par\u00e7as\u0131 olarak otomatik olmayan \u00e7e\u015fitli y\u00f6ntemler ile toplamaktay\u0131z.<\/div>\n<div class=\"sub-title\">Ki\u015fisel Verilerin G\u00fcvenli\u011fi Nas\u0131l Sa\u011flanmaktad\u0131r ?<\/div>\n<div class=\"entrance-text\">samscoffee.co, Ki\u015fisel Verilerin gizlili\u011fini ve g\u00fcvenli\u011fini korumaya olduk\u00e7a \u00f6nem verir. Bu kapsamda Ki\u015fisel Verileri yetkisiz eri\u015fim, zarar, kay\u0131p, veya if\u015faya kar\u015f\u0131 korumak i\u00e7in gerekli teknik ve idari g\u00fcvenlik \u00f6nlemleri al\u0131n\u0131r. Bu do\u011frultuda gerekli sistemsel kontrolleri, veri eri\u015fim kontrolleri, g\u00fcvenlik transferleri, i\u015f s\u00fcreklili\u011fi kontrolleri ve di\u011fer gerekli kurumsal kontroller uygulan\u0131r.<\/div>\n<div class=\"sub-title\">Ki\u015fisel Verilerinizi 3.ki\u015filere ve\/veya yurtd\u0131\u015f\u0131na aktar\u0131yor muyuz ?<\/div>\n<div class=\"entrance-text\">samscoffee.co olarak Ki\u015fisel Verilerinizi g\u00fcvenli bir \u015fekilde muhafaza edilece\u011fini ve hukuka ayk\u0131r\u0131 bir \u015fekilde i\u015flenmeyece\u011fini taahh\u00fct etmekteyiz. Yine yukar\u0131da belirtti\u011fimiz hukuki sebeblerin varl\u0131\u011f\u0131 halinde, Ki\u015fisel Verilerinizi, sosyal medya hesaplar\u0131m\u0131zda payla\u015fabilmekteyiz.<\/div>\n<div class=\"sub-title\">\u0130lgili Ki\u015finin Haklar\u0131 Olarak Haklar\u0131n\u0131z Nedir ve Ba\u015fvuru Usul\u00fc nas\u0131ld\u0131r ?<\/div>\n<div class=\"sub-title\">i. Ki\u015fisel Verilerinize \u0130li\u015fkin Haklar\u0131n\u0131z<\/div>\n<div class=\"entrance-text\">samscoffee.co b\u00fcnyesinde i\u015flenmekte olan verilerinize ili\u015fkin olarak a\u015fa\u011f\u0131da say\u0131lan haklar\u0131n\u0131z\u0131n bulundu\u011funu belirtmek isteriz:<\/div>\n<div class=\"entrance-text\">\n<ul class=\"discover-list\">\n<li>Ki\u015fisel Verilerinizin i\u015flenip i\u015flenmedi\u011fini \u00f6\u011frenme,<\/li>\n<li>Ki\u015fisel Verileriniz i\u015fleniyorsa bunlara ili\u015fkin bilgi edinme,<\/li>\n<li>Ki\u015fisel Verilerinizin i\u015flenme amacan\u0131n ne oldu\u011fu ve ki\u015fisel verilerinizin amac\u0131na uygun olarak kullan\u0131p kullan\u0131lmad\u0131\u011f\u0131n\u0131 \u00f6\u011frenme,<\/li>\n<li>Varsa yurti\u00e7inde verilerin aktar\u0131ld\u0131\u011f\u0131 \u00fc\u00e7\u00fcnc\u00fc ki\u015filerin kimler oldu\u011funu ve hangi verilerin aktar\u0131ld\u0131\u011f\u0131n\u0131 \u00f6\u011frenme,<\/li>\n<li>\u0130\u015flenen Ki\u015fisel Verilerin eksik veya yanl\u0131\u015f olmas\u0131 halinde bunlar\u0131n d\u00fczeltilmesini isteme,<\/li>\n<li>Ki\u015fisel Verilerinizin i\u015flenmesini gerektiren sebeblerin ortadan kalkmas\u0131 veya Ki\u015fisel Verilerinizin g\u00fcncelli\u011fini kaybetmesi halinde, i\u015flenmi\u015f olunan Ki\u015fisel Verilerinizin silinmesini veya yok edilmesini isteme,<\/li>\n<li>\u0130\u015flenen Ki\u015fisel Verilerinizin m\u00fcnhas\u0131ran otomatik sistemler vas\u0131tas\u0131yla analiz edilmesi suretiyle aleyhinize bir sonucun ortaya \u00e7\u0131kmas\u0131na itiraz etme,<\/li>\n<li>Ki\u015fisel Verilerinizin kanuna ayk\u0131r\u0131 olarak i\u015flenmesi sebebiyle zarara u\u011framan\u0131z halinde zarar\u0131n giderilmesini talep etme haklar\u0131na sahipsiniz,<\/li>\n<\/ul>\n<\/div>\n<div class=\"entrance-text\">Bu haklar\u0131n\u0131za ili\u015fkin taleplerinizi a\u015fa\u011f\u0131da yer alan ba\u015fvuru usulleri ile bize iletebilirsiniz.<\/div>\n<div class=\"sub-title\">ii. Ba\u015fvuru<\/div>\n<div class=\"entrance-text\">Ki\u015fisel Verilerinize ili\u015fkin taleplerinizi, internet sitemizde yer alan ba\u015fvuru formunu doldurup yaz\u0131l\u0131 olarak son b\u00f6l\u00fcmde belirtilen adrese elden teslimat, posta veya kargo ya da noter kanal\u0131yla, g\u00fcvenli elektronik imza ve mobil imza ile kay\u0131tl\u0131 elektronik posta (KEP) adresimize veya taraf\u0131m\u0131za daha \u00f6nce bildirdi\u011finiz ve sistemimizde kay\u0131tl\u0131 olan elektronik posta adresiniz \u00fczerinden\u00a0<a href=\"mailto:hello@samscoffee.co\">hello@samscoffee.co<\/a>\u00a0e-posta adresi arac\u0131l\u0131\u011f\u0131yla ba\u015fvurmak suretiyle taraf\u0131m\u0131za iletebilirsiniz. samscoffee.co kendisine y\u00f6neltilen talepleri, talebin niteli\u011fine g\u00f6re en k\u0131sa s\u00fcrede ve en ge\u00e7 otuz g\u00fcn i\u00e7erisinde \u00fccretsiz olarak sonu\u00e7land\u0131racakt\u0131r. Taleplerinizin yerine getirilmesi sebebiyle bir maliyet do\u011fmas\u0131 halinde yaln\u0131zca kurul taraf\u0131nda belirlenen tarifedeki \u00fccretleri sizden talep edebiliriz. samscoffee.co&#8217;ya y\u00f6neltilen talepler sonucunda, talepleri kabul edebilir veya gerek\u00e7esini a\u00e7\u0131klamak suretiyle reddedilebilir bu cevab\u0131 yaz\u0131l\u0131 olarak veya elektronik ortamda talepte bulunan ki\u015fiye iletebiliriz. Talebin kabul edebilmesi halinde, samscoffee.co olarak derhal talebin gere\u011fini yerine getirmekle y\u00fck\u00fcml\u00fcy\u00fcz.<\/div>\n<div class=\"sub-title\">iv. Veri Sorumlusu Kimlik Bilgileri<\/div>\n<div class=\"entrance-text\">\u0130\u015fbu metinde kullan\u0131lan samscoffee.co ifadesi T\u00fcrkiye&#8217;de kurulu ve a\u015fa\u011f\u0131da bilgileri verilen samscoffee.co internet sitesi i\u00e7in d\u00fczenlenmi\u015ftir.<\/div>","protected":false},"excerpt":{"rendered":"<p>De\u011ferli m\u00fc\u015fterimiz, Ki\u015fisel Verilerin Korunmas\u0131 Mevzuat\u0131 Uyar\u0131nca Ayd\u0131nlatma Metni Ki\u015fisel verilerin i\u015flenmesinde ba\u015fta \u00f6zel hayat\u0131n gizlili\u011fi olmak \u00fczere ki\u015filerin temel hak ve \u00f6zg\u00fcrl\u00fcklerini korumak, ki\u015fisel verileri i\u015fleyen ger\u00e7ek ve t\u00fczel ki\u015filerin y\u00fck\u00fcml\u00fcl\u00fckleri ile uyacaklar\u0131 kurallar\u0131 d\u00fczenlemek amac\u0131yla \u201c6698 say\u0131l\u0131 Ki\u015fisel Verilerin Korunmas\u0131 Kanunu (\u201cKVKK\u201d)\u201d 07.04.2016 tarihinde yay\u0131mlanarak y\u00fcr\u00fcrl\u00fc\u011fe girmi\u015ftir. Sams Coffee Co (\u201csamscoffee.co\u201d) olarak, veri sorumlusu s\u0131fat\u0131yla, sizlerden elde etti\u011fimiz ki\u015fisel verileri KVKK\u2019da belirtilen ve a\u015fa\u011f\u0131da detaylar\u0131 a\u00e7\u0131klanan ama\u00e7lar \u00e7er\u00e7evesinde, bu ama\u00e7lar ile ba\u011flant\u0131l\u0131, s\u0131n\u0131rl\u0131 ve \u00f6l\u00e7\u00fcl\u00fc \u015fekilde ki\u015fisel verilerin do\u011frulu\u011funu ve en g\u00fcncel&hellip;<\/p>","protected":false},"author":1,"featured_media":0,"parent":0,"menu_order":0,"comment_status":"closed","ping_status":"closed","template":"page-templates\/no-sidebar.php","meta":{"footnotes":""},"class_list":["post-2326","page","type-page","status-publish","hentry"],"_links":{"self":[{"href":"https:\/\/www.samscoffee.co\/en\/wp-json\/wp\/v2\/pages\/2326","targetHints":{"allow":["GET"]}}],"collection":[{"href":"https:\/\/www.samscoffee.co\/en\/wp-json\/wp\/v2\/pages"}],"about":[{"href":"https:\/\/www.samscoffee.co\/en\/wp-json\/wp\/v2\/types\/page"}],"author":[{"embeddable":true,"href":"https:\/\/www.samscoffee.co\/en\/wp-json\/wp\/v2\/users\/1"}],"replies":[{"embeddable":true,"href":"https:\/\/www.samscoffee.co\/en\/wp-json\/wp\/v2\/comments?post=2326"}],"version-history":[{"count":0,"href":"https:\/\/www.samscoffee.co\/en\/wp-json\/wp\/v2\/pages\/2326\/revisions"}],"wp:attachment":[{"href":"https:\/\/www.samscoffee.co\/en\/wp-json\/wp\/v2\/media?parent=2326"}],"curies":[{"name":"wp","href":"https:\/\/api.w.org\/{rel}","templated":true}]}}