{"id":2410,"date":"2024-11-19T12:29:58","date_gmt":"2024-11-19T12:29:58","guid":{"rendered":"https:\/\/www.samscoffee.co\/?page_id=2410"},"modified":"2024-11-19T13:22:43","modified_gmt":"2024-11-19T13:22:43","slug":"add-product","status":"publish","type":"page","link":"https:\/\/www.samscoffee.co\/en\/my-account\/add-product\/","title":{"rendered":"\u00dcr\u00fcn Ekle"},"content":{"rendered":"<div style=\"\">\n            <div style=\"max-width: 600px; margin: 0 auto; background: #fff; border-radius: 10px; box-shadow: 0 4px 10px rgba(0, 0, 0, 0.1); overflow: hidden;\">\n                <div style=\"background-color: #c29d83; padding: 20px; color: #fff;\">\n                    <h2 style=\"margin: 0; font-size: 24px;\">List and Sell Unused Coffee Equipment!<\/h2>\n                    <p style=\"margin: 5px 0 0;\">Kahve tutkunlar\u0131yla bulu\u015fman\u0131n tam zaman\u0131! Ekipmanlar\u0131n\u0131 hemen listele, kolayca sat\u0131\u015f yap. \u00dccretsiz ilan f\u0131rsat\u0131n\u0131 ka\u00e7\u0131rma!<\/p>\n                <\/div>\n                <div style=\"padding: 20px;\">\n                    <p style=\"font-size: 16px;\">Do you have a coffee machine, grinder or accessories? Bring your second-hand coffee equipment together only with real coffee enthusiasts. Create your advert now on samscoffee.co and enjoy fast and secure sales!<\/p>\n                    <a href=\"\/en\/my-account\/\" style=\"display: inline-block; padding: 12px 20px; background-color: #c29d83; color: #fff; text-decoration: none; border-radius: 5px; font-size: 16px; font-weight: bold; transition: background-color 0.3s ease;\">Giri\u015f Yap<\/a>\n                <\/div>\n                <div style=\"background-color: #f1f1f1; padding: 10px; font-size: 14px; color: #666;\">\n                    Hesab\u0131n\u0131z yok mu? <a href=\"\/en\/my-account\/\" style=\"color: #c29d83; text-decoration: underline;\">Hemen kaydolun!<\/a>\n                <\/div>\n            <\/div>\n        <\/div>","protected":false},"excerpt":{"rendered":"Kullanmad\u0131\u011f\u0131n Kahve Ekipmanlar\u0131n\u0131 Listele ve Sat! Kahve tutkunlar\u0131yla bulu\u015fman\u0131n tam zaman\u0131! Ekipmanlar\u0131n\u0131 hemen listele, kolayca sat\u0131\u015f yap. \u00dccretsiz ilan f\u0131rsat\u0131n\u0131 ka\u00e7\u0131rma! Kahve makinesi, \u00f6\u011f\u00fct\u00fcc\u00fc ya da aksesuarlar m\u0131 var? Evinizdeki 2. el kahve ekipmanlar\u0131n\u0131 sadece ger\u00e7ek kahve tutkunlar\u0131yla bulu\u015fturun. samscoffee.co\u2019da \u015fimdi ilan\u0131n\u0131z\u0131 olu\u015fturun, h\u0131zl\u0131 ve g\u00fcvenli sat\u0131\u015f yapman\u0131n keyfini ya\u015fay\u0131n! Giri\u015f Yap Hesab\u0131n\u0131z yok mu? Hemen kaydolun!","protected":false},"author":1,"featured_media":0,"parent":416,"menu_order":0,"comment_status":"closed","ping_status":"closed","template":"page-templates\/no-sidebar.php","meta":{"footnotes":""},"class_list":["post-2410","page","type-page","status-publish","hentry"],"_links":{"self":[{"href":"https:\/\/www.samscoffee.co\/en\/wp-json\/wp\/v2\/pages\/2410","targetHints":{"allow":["GET"]}}],"collection":[{"href":"https:\/\/www.samscoffee.co\/en\/wp-json\/wp\/v2\/pages"}],"about":[{"href":"https:\/\/www.samscoffee.co\/en\/wp-json\/wp\/v2\/types\/page"}],"author":[{"embeddable":true,"href":"https:\/\/www.samscoffee.co\/en\/wp-json\/wp\/v2\/users\/1"}],"replies":[{"embeddable":true,"href":"https:\/\/www.samscoffee.co\/en\/wp-json\/wp\/v2\/comments?post=2410"}],"version-history":[{"count":0,"href":"https:\/\/www.samscoffee.co\/en\/wp-json\/wp\/v2\/pages\/2410\/revisions"}],"up":[{"embeddable":true,"href":"https:\/\/www.samscoffee.co\/en\/wp-json\/wp\/v2\/pages\/416"}],"wp:attachment":[{"href":"https:\/\/www.samscoffee.co\/en\/wp-json\/wp\/v2\/media?parent=2410"}],"curies":[{"name":"wp","href":"https:\/\/api.w.org\/{rel}","templated":true}]}}