{"id":347,"date":"2016-08-29T09:03:25","date_gmt":"2016-08-29T09:03:25","guid":{"rendered":"http:\/\/wp.ideapark.kz\/kidz\/clothes\/?page_id=2"},"modified":"2023-12-25T10:10:23","modified_gmt":"2023-12-25T10:10:23","slug":"sample-page-2-2","status":"publish","type":"page","link":"https:\/\/www.samscoffee.co\/en\/","title":{"rendered":"Sam's Coffee"},"content":{"rendered":"<div class=\"vc_row wpb_row vc_row-fluid\"><div class=\"wpb_column vc_column_container vc_col-sm-12\"><div class=\"vc_column-inner\"><div class=\"wpb_wrapper\">\n\t<div class=\"wpb_text_column wpb_content_element\" >\n\t\t<div class=\"wpb_wrapper\">\n\t\t\t<p>Sams Coffee Co. was founded in Antalya in 2020 by Samed Baranl\u0131, a Certified Coffee Expert and Barista Trainer.<\/p>\n<p>We source each of our coffee beans from green coffee buyers who find the perfect quality coffee and pay the farmers the price they deserve. We purchase, blend, roast and package the coffee from specialty suppliers to ensure it travels as little as possible once it leaves the farm. We roast all our coffees on a weekly basis, rest them and grind them after your order.<\/p>\n<figure id=\"attachment_752\" aria-describedby=\"caption-attachment-752\" style=\"width: 60px\" class=\"wp-caption aligncenter\"><img loading=\"lazy\" decoding=\"async\" class=\"wp-image-752\" src=\"https:\/\/www.samscoffee.co\/wp-content\/uploads\/2020\/12\/kahve-cekirdegi-menu.png\" alt=\"kahve\" width=\"60\" height=\"60\" srcset=\"https:\/\/www.samscoffee.co\/wp-content\/uploads\/2020\/12\/kahve-cekirdegi-menu.png 128w, https:\/\/www.samscoffee.co\/wp-content\/uploads\/2020\/12\/kahve-cekirdegi-menu-70x70.png 70w, https:\/\/www.samscoffee.co\/wp-content\/uploads\/2020\/12\/kahve-cekirdegi-menu-53x53.png 53w\" sizes=\"auto, (max-width: 60px) 100vw, 60px\" \/><figcaption id=\"caption-attachment-752\" class=\"wp-caption-text\"><span style=\"color: #ffffff;\">kahve<\/span><\/figcaption><\/figure>\n<h2>Each coffee has a different story<\/h2>\n<p>As Sams Coffee, we think that every coffee has a story, and we work hard to share the story of the perfect coffee with you and to bring the best to you.<\/p>\n<p><a href=\"https:\/\/www.samscoffee.co\/en\/product-category\/kahveler\/\" target=\"_blank\" rel=\"noopener\">Coffee beans<\/a>, filter coffee, ground coffee varieties in different sizes at the best prices. You can use the secure payment infrastructure with credit card or money order \/ eft options for your purchases from our website. We would like to inform you that your orders from our website will be shipped in maximum 3 working days. Order now for qualified coffee.<\/p>\n\n\t\t<\/div>\n\t<\/div>\n<div class=\"vc_btn3-container vc_btn3-center\" ><a class=\"vc_general vc_btn3 vc_btn3-size-md vc_btn3-shape-round vc_btn3-style-outline vc_btn3-color-chino\" href=\"https:\/\/www.samscoffee.co\/en\/product-category\/kahveler\/\" title=\"\">Coffees<\/a><\/div><\/div><\/div><\/div><\/div>","protected":false},"excerpt":{"rendered":"Sams Coffee Co. 2020 y\u0131l\u0131nda Sertifikal\u0131 Kahve Uzman\u0131 ve Barista E\u011fitmeni olan Samed Baranl\u0131 taraf\u0131ndan Antalya\u2019da kuruldu. Her bir kahve \u00e7ekirde\u011fimizi, m\u00fckemmel kalitedeki kahveyi bulan ve \u00e7ift\u00e7ilere hak etti\u011fi fiyat\u0131 \u00f6deyen ye\u015fil kahve al\u0131c\u0131lar\u0131ndan temin ediyoruz. Kahve \u00e7iftlikten yola \u00e7\u0131kt\u0131ktan sonra olabildi\u011fince az yolculuk yapmas\u0131n\u0131 sa\u011flamak i\u00e7in \u00f6zel tedarik\u00e7ilerden sat\u0131n al\u0131yor, harmanl\u0131yor, kavuruyor ve paketliyoruz. T\u00fcm kahvelerimizi haftal\u0131k olarak taze kavuruyor, dinlendiriyor ve sipari\u015finiz sonras\u0131 \u00f6\u011f\u00fct\u00fcyoruz. kahve Her kahvenin ayr\u0131 bir hikayesi var Sams Coffee olarak her kahvenin bir hikayesinin oldu\u011funu d\u00fc\u015f\u00fcn\u00fcyor, m\u00fckemmel kahvenin&hellip;","protected":false},"author":1,"featured_media":0,"parent":0,"menu_order":0,"comment_status":"closed","ping_status":"open","template":"","meta":{"footnotes":""},"class_list":["post-347","page","type-page","status-publish","hentry"],"_links":{"self":[{"href":"https:\/\/www.samscoffee.co\/en\/wp-json\/wp\/v2\/pages\/347","targetHints":{"allow":["GET"]}}],"collection":[{"href":"https:\/\/www.samscoffee.co\/en\/wp-json\/wp\/v2\/pages"}],"about":[{"href":"https:\/\/www.samscoffee.co\/en\/wp-json\/wp\/v2\/types\/page"}],"author":[{"embeddable":true,"href":"https:\/\/www.samscoffee.co\/en\/wp-json\/wp\/v2\/users\/1"}],"replies":[{"embeddable":true,"href":"https:\/\/www.samscoffee.co\/en\/wp-json\/wp\/v2\/comments?post=347"}],"version-history":[{"count":0,"href":"https:\/\/www.samscoffee.co\/en\/wp-json\/wp\/v2\/pages\/347\/revisions"}],"wp:attachment":[{"href":"https:\/\/www.samscoffee.co\/en\/wp-json\/wp\/v2\/media?parent=347"}],"curies":[{"name":"wp","href":"https:\/\/api.w.org\/{rel}","templated":true}]}}