{"id":838,"date":"2020-12-13T18:57:04","date_gmt":"2020-12-13T18:57:04","guid":{"rendered":"http:\/\/www.samscoffee.co\/?page_id=838"},"modified":"2021-09-17T08:51:17","modified_gmt":"2021-09-17T08:51:17","slug":"about-us","status":"publish","type":"page","link":"https:\/\/www.samscoffee.co\/en\/about-us\/","title":{"rendered":"About Us"},"content":{"rendered":"<div class=\"vc_row wpb_row vc_row-fluid\"><div class=\"wpb_column vc_column_container vc_col-sm-6\"><div class=\"vc_column-inner\"><div class=\"wpb_wrapper\">\n\t<div class=\"wpb_text_column wpb_content_element\" >\n\t\t<div class=\"wpb_wrapper\">\n\t\t\t<p>\nSam's Coffee Co. was founded in Antalya in 2020 by Samed Baranli, a Certified Coffee Expert and Barista Trainer.<\/p>\n<p>We source each of our coffee beans from green coffee buyers who find excellent quality coffee and pay the farmers the price they deserve. We buy, blend, roast and pack from specialised suppliers to ensure that the coffee travels as little as possible from the farm.<\/p>\n<p>We roast all our coffees fresh weekly, rest them and grind them after your order.<\/p>\n<div>\n<p>As Sams Coffee, we think that every coffee has a story, and we work hard to share the story of the perfect coffee with you and to bring the best to you.<\/p>\n<\/div>\n<p>We offer you our bean coffee, filter coffee, ground coffee varieties in different sizes and at the best prices. You can use secure payment infrastructure with credit card or money order \/ eft options when shopping on our website. Finally, we would like to inform you that your orders will be shipped in a maximum of 3 working days.<\/p>\n<p>\n&nbsp;<\/p>\n\n\t\t<\/div>\n\t<\/div>\n<\/div><\/div><\/div><div class=\"wpb_column vc_column_container vc_col-sm-6\"><div class=\"vc_column-inner\"><div class=\"wpb_wrapper\">\n\t<div  class=\"wpb_single_image wpb_content_element vc_align_center\">\n\t\t\n\t\t<figure class=\"wpb_wrapper vc_figure\">\n\t\t\t<div class=\"vc_single_image-wrapper vc_box_shadow_3d  vc_box_border_grey\"><img loading=\"lazy\" decoding=\"async\" width=\"1080\" height=\"1080\" src=\"https:\/\/www.samscoffee.co\/wp-content\/uploads\/2021\/09\/samed-baranli-sams-coffee-co.jpg\" class=\"vc_single_image-img attachment-full\" alt=\"\" srcset=\"https:\/\/www.samscoffee.co\/wp-content\/uploads\/2021\/09\/samed-baranli-sams-coffee-co.jpg 1080w, https:\/\/www.samscoffee.co\/wp-content\/uploads\/2021\/09\/samed-baranli-sams-coffee-co-210x210.jpg 210w, https:\/\/www.samscoffee.co\/wp-content\/uploads\/2021\/09\/samed-baranli-sams-coffee-co-70x70.jpg 70w, https:\/\/www.samscoffee.co\/wp-content\/uploads\/2021\/09\/samed-baranli-sams-coffee-co-600x600.jpg 600w, https:\/\/www.samscoffee.co\/wp-content\/uploads\/2021\/09\/samed-baranli-sams-coffee-co-360x360.jpg 360w, https:\/\/www.samscoffee.co\/wp-content\/uploads\/2021\/09\/samed-baranli-sams-coffee-co-590x590.jpg 590w, https:\/\/www.samscoffee.co\/wp-content\/uploads\/2021\/09\/samed-baranli-sams-coffee-co-12x12.jpg 12w, https:\/\/www.samscoffee.co\/wp-content\/uploads\/2021\/09\/samed-baranli-sams-coffee-co-425x425.jpg 425w, https:\/\/www.samscoffee.co\/wp-content\/uploads\/2021\/09\/samed-baranli-sams-coffee-co-241x241.jpg 241w, https:\/\/www.samscoffee.co\/wp-content\/uploads\/2021\/09\/samed-baranli-sams-coffee-co-142x142.jpg 142w, https:\/\/www.samscoffee.co\/wp-content\/uploads\/2021\/09\/samed-baranli-sams-coffee-co-250x250.jpg 250w, https:\/\/www.samscoffee.co\/wp-content\/uploads\/2021\/09\/samed-baranli-sams-coffee-co-53x53.jpg 53w, https:\/\/www.samscoffee.co\/wp-content\/uploads\/2021\/09\/samed-baranli-sams-coffee-co-140x140.jpg 140w\" sizes=\"auto, (max-width: 1080px) 100vw, 1080px\" \/><\/div>\n\t\t<\/figure>\n\t<\/div>\n<\/div><\/div><\/div><\/div>","protected":false},"excerpt":{"rendered":"Sams Coffee Co. 2020 y\u0131l\u0131nda Sertifikal\u0131 Kahve Uzman\u0131 ve Barista E\u011fitmeni olan Samed Baranl\u0131 taraf\u0131ndan Antalya'da kuruldu. Her bir kahve \u00e7ekirde\u011fimizi, m\u00fckemmel kalitedeki kahveyi bulan ve \u00e7ift\u00e7ilere hak etti\u011fi fiyat\u0131 \u00f6deyen ye\u015fil kahve al\u0131c\u0131lar\u0131ndan temin ediyoruz. Kahve \u00e7iftlikten yola \u00e7\u0131kt\u0131ktan sonra olabildi\u011fince az yolculuk yapmas\u0131n\u0131 sa\u011flamak i\u00e7in \u00f6zel tedarik\u00e7ilerden sat\u0131n al\u0131yor, harmanl\u0131yor, kavuruyor ve paketliyoruz. T\u00fcm kahvelerimizi haftal\u0131k olarak taze kavuruyor, dinlendiriyor ve sipari\u015finiz sonras\u0131 \u00f6\u011f\u00fct\u00fcyoruz. Sams Coffee olarak her kahvenin bir hikayesinin oldu\u011funu d\u00fc\u015f\u00fcn\u00fcyor, m\u00fckemmel kahvenin hikayesine sizleri de ortak etmek ve en&hellip;","protected":false},"author":1,"featured_media":0,"parent":0,"menu_order":0,"comment_status":"closed","ping_status":"closed","template":"page-templates\/no-sidebar.php","meta":{"footnotes":""},"class_list":["post-838","page","type-page","status-publish","hentry"],"_links":{"self":[{"href":"https:\/\/www.samscoffee.co\/en\/wp-json\/wp\/v2\/pages\/838","targetHints":{"allow":["GET"]}}],"collection":[{"href":"https:\/\/www.samscoffee.co\/en\/wp-json\/wp\/v2\/pages"}],"about":[{"href":"https:\/\/www.samscoffee.co\/en\/wp-json\/wp\/v2\/types\/page"}],"author":[{"embeddable":true,"href":"https:\/\/www.samscoffee.co\/en\/wp-json\/wp\/v2\/users\/1"}],"replies":[{"embeddable":true,"href":"https:\/\/www.samscoffee.co\/en\/wp-json\/wp\/v2\/comments?post=838"}],"version-history":[{"count":0,"href":"https:\/\/www.samscoffee.co\/en\/wp-json\/wp\/v2\/pages\/838\/revisions"}],"wp:attachment":[{"href":"https:\/\/www.samscoffee.co\/en\/wp-json\/wp\/v2\/media?parent=838"}],"curies":[{"name":"wp","href":"https:\/\/api.w.org\/{rel}","templated":true}]}}