{"id":877,"date":"2020-12-13T20:24:40","date_gmt":"2020-12-13T20:24:40","guid":{"rendered":"http:\/\/www.samscoffee.co\/?page_id=877"},"modified":"2020-12-13T21:02:10","modified_gmt":"2020-12-13T21:02:10","slug":"kullanim-kosullari","status":"publish","type":"page","link":"https:\/\/www.samscoffee.co\/en\/kullanim-kosullari\/","title":{"rendered":"Terms of Use"},"content":{"rendered":"<p>Bu web sitesini (K\u0131saca &#8220;S\u0130TE&#8221; olarak an\u0131lacakt\u0131r) kullanmak i\u00e7in l\u00fctfen a\u015fa\u011f\u0131da yaz\u0131l\u0131 ko\u015fullar\u0131 okuyunuz. Bu S\u0130TE&#8217;de sunulan hizmetlerden yararlananlar veya herhangi bir \u015fekilde S\u0130TE&#8217;ye eri\u015fim sa\u011flayan her ger\u00e7ek ve t\u00fczel ki\u015fi a\u015fa\u011f\u0131daki kullan\u0131m ko\u015fullar\u0131n\u0131 kabul etmi\u015f say\u0131lmaktad\u0131r. <b>Kullan\u0131m ko\u015fullar\u0131<\/b><\/p>\n<p>Bu S\u0130TE&#8217;de sunulan hizmetler Sams Coffee Co. taraf\u0131ndan sa\u011flanmaktad\u0131r ve S\u0130TE&#8217;nin yasal sahibi Sams Coffee Co.\u00a0olup, S\u0130TE \u00fczerinde her t\u00fcrl\u00fc kullan\u0131m ve tasarruf yetkisi Sams Coffee Co.&#8217;ya\u00a0aittir.<\/p>\n<p>\u0130\u015fbu kullan\u0131m ko\u015fullar\u0131n\u0131 Sams Coffee Co.\u00a0gerekti\u011fi zaman de\u011fi\u015ftirebilir; ancak bu de\u011fi\u015fiklikler d\u00fczenli olarak S\u0130TE&#8217;de yay\u0131nlanacak ve ayn\u0131 tarihten itibaren ge\u00e7erli olacakt\u0131r.<\/p>\n<p>S\u0130TE hizmetlerinden yararlanan ve S\u0130TE&#8217;ye eri\u015fim sa\u011flayan her ger\u00e7ek ve t\u00fczel ki\u015fi, Sams Coffee Co.\u00a0taraf\u0131ndan i\u015fbu kullan\u0131m ko\u015fullar\u0131 h\u00fck\u00fcmlerinde yap\u0131lan her de\u011fi\u015fikli\u011fi, \u00f6nceden kabul etmi\u015f say\u0131lmaktad\u0131r.<\/p>\n<p>Sams Coffee Co., bu S\u0130TE&#8217; de yer alan veya alacak olan bilgileri, formlar\u0131 ve i\u00e7eri\u011fi diledi\u011fi zaman de\u011fi\u015ftirme hakk\u0131n\u0131 sakl\u0131 tutmaktad\u0131r.<\/p>\n<p><b>S\u00f6zle\u015fme tan\u0131mlar\u0131<\/b><\/p>\n<p>S\u0130TE: Sams Coffee Co.\u00a0taraf\u0131ndan belirlenen \u00e7er\u00e7eve i\u00e7erisinde \u00e7e\u015fitli hizmetlerin ve i\u00e7eriklerin sunuldu\u011fu \u00e7evrimi\u00e7i (on-line) ortamdan eri\u015fimi m\u00fcmk\u00fcn olan web sitesidir.<\/p>\n<p>\u00dcYE: Sams Coffee Co.&#8217;dan\u00a0\u00fcr\u00fcn al\u0131m\u0131 yapmak \u00fczere faydalanmak isteyen, se\u00e7mi\u015f oldu\u011fu \u00fcyelik formunu eksiksiz doldurarak, Sams Coffee Co.\u00a0taraf\u0131ndan \u00fcyelikleri onaylanarak, kabul edilen her ger\u00e7ek ve t\u00fczel ki\u015fidir. Bu s\u00f6zle\u015fmede k\u0131saca &#8220;\u00dcYE&#8221; olarak an\u0131lacaklard\u0131r. 18 ya\u015f\u0131ndan g\u00fcn alm\u0131\u015f bireyler, ger\u00e7ek kimlik bilgileri ile S\u0130TE&#8217;deki ilgili \u00fcyelik formunu eksiksiz doldurarak \u00fcye olabilirler. \u00dcYE olmak isteyen \u015firketler (\u015eah\u0131s ve ortaklar), Kolektif \u015eirketler, Adi Komandit \u015eirketler, Sermayesi Paylara B\u00f6l\u00fcnm\u00fc\u015f Komandit \u015eirketler, Limited \u015eirketler, Anonim \u015eirketler, Kooperatiflerin ve di\u011fer kurumlar\u0131n t\u00fczel bilgileri ile 18 ya\u015f\u0131ndan g\u00fcn alm\u0131\u015f yasal yetkilisi S\u0130TE&#8217;deki ilgili \u00fcyelik formunu eksiksiz doldurarak \u00dcYE olabilir ve kurumlar\u0131 ad\u0131na i\u015flem yapabilir. &#8220;\u00dcye ad\u0131&#8221; \u00fcyeye \u00f6zeldir ve ayn\u0131 &#8220;\u00dcye ad\u0131&#8221; iki farkl\u0131 \u00dcYE&#8217;ye verilmez.<\/p>\n<p>KULLANICI: Sams Coffee Co.\u00a0web sitesini al\u0131\u015fveri\u015f yaparak ya da al\u0131\u015fveri\u015f yapmaks\u0131z\u0131n ziyaret eden ki\u015fidir.<\/p>\n<p>L\u0130NK: S\u0130TE \u00fczerinden bir ba\u015fka web sitesine, dosyalara, i\u00e7eri\u011fe veya ba\u015fka bir web sitesinden S\u0130TE&#8217;ye, dosyalara ve i\u00e7eri\u011fe eri\u015fimi m\u00fcmk\u00fcn k\u0131lan ba\u011flant\u0131d\u0131r.<\/p>\n<p>\u0130\u00c7ER\u0130K: S\u0130TE&#8217;de ve\/veya herhangi bir web sitesinde yay\u0131nlanan veya eri\u015fimi m\u00fcmk\u00fcn olan her t\u00fcrl\u00fc bilgi, dosya, resim, program, rakam, fiyat, vs. g\u00f6rsel, yaz\u0131nsal ve i\u015fitsel imgelerdir.<\/p>\n<p>WEB S\u0130TES\u0130 KULLANIM KO\u015eULLARI VE \u00dcYEL\u0130K S\u00d6ZLE\u015eMES\u0130: S\u0130TE vas\u0131tas\u0131yla sunulmakta olan ticari ve ki\u015fiye \u00f6zel nitelikteki hizmetlerden yararlanacak ger\u00e7ek ve\/veya t\u00fczel ki\u015filerle Sams Coffee Co.\u00a0aras\u0131nda elektronik ortamda akdedilen i\u015fbu s\u00f6zle\u015fmedir.<\/p>\n<p>K\u0130\u015e\u0130SEL B\u0130LG\u0130: \u00dcyenin kimli\u011fi, adresi, elektronik posta adresi, telefon numaras\u0131, IP adresi, S\u0130TE&#8217;nin hangi b\u00f6l\u00fcmlerini ziyaret etti\u011fi, domain tipi, browser tipi, ziyaret tarihi, saati, vs. bilgilerdir.<\/p>\n<p><b>Hizmetlerin kapsam\u0131<\/b><\/p>\n<p>Sams Coffee Co.&#8217;nun, S\u0130TE \u00fczerinden sunaca\u011f\u0131 hizmetler genel itibariyle T\u00fcketici Hukuku mevzuat\u0131nda tan\u0131mlanan elektronik ticaretten ibarettir.<\/p>\n<p>Sams Coffee Co.&#8217;nun, S\u0130TE \u00fczerinden verece\u011fi hizmetler s\u0131n\u0131rl\u0131 say\u0131da olmamak \u00fczere; Sams Coffee Co.&#8217;ya\u00a0ait www.samscoffee.co adresinde sat\u0131\u015fa sunulan \u00fcr\u00fcnlerin; \u00dcYE taraf\u0131ndan bedeli \u00f6dendikten sonra, tedarik\u00e7inin stok durumunun m\u00fcsait olmas\u0131 halinde &#8220;yani s\u00f6zle\u015fmenin sat\u0131c\u0131ya y\u00fckledi\u011fi; mal\u0131n teslim edilmesi&#8221; borcunun ifa edilebilir olmas\u0131 durumunda; taahh\u00fct edilen s\u00fcrede mal\u0131n m\u00fc\u015fteriye kargo firmas\u0131 taraf\u0131ndan Sams Coffee Co.\u00a0ad\u0131na ay\u0131ps\u0131z olarak teslimidir.<\/p>\n<p>Sams Coffee Co., S\u0130TE \u00fczerinden sunaca\u011f\u0131 hizmetlerin kapsam\u0131n\u0131 ve niteli\u011fini belirlemekte tamamen serbest olup, hizmetlere ili\u015fkin olarak yapaca\u011f\u0131 de\u011fi\u015fiklikleri S\u0130TE&#8217;de yay\u0131nlamas\u0131yla y\u00fcr\u00fcrl\u00fc\u011fe koymu\u015f addedilir.<\/p>\n<p>S\u0130TE b\u00fcnyesinde sunulacak hizmetlerden yararlanabilmek i\u00e7in kullan\u0131c\u0131lar\u0131n Sams Coffee Co.\u00a0taraf\u0131ndan belirlenecek ve S\u0130TE&#8217;nin ilgili b\u00f6l\u00fcm\u00fcn\u00fcn i\u00e7eri\u011finde belirtilecek \u00f6zellikleri ta\u015f\u0131mas\u0131 gereklidir. Sams Coffee Co., bu \u00f6zellikleri belirlemekte tamamen serbest olup, \u00f6zelliklere ili\u015fkin olarak yapaca\u011f\u0131 de\u011fi\u015fiklikleri S\u0130TE&#8217;de yay\u0131nlamas\u0131yla y\u00fcr\u00fcrl\u00fc\u011fe koymu\u015f addedilir.<\/p>\n<p><b>Genel h\u00fck\u00fcmler<\/b><\/p>\n<p>S\u0130TE \u00fczerinden, Sams Coffee Co.&#8217;nun\u00a0kendi kontrol\u00fcnde olmayan ve ba\u015fkaca \u00fc\u00e7\u00fcnc\u00fc ki\u015filerin sahip oldu\u011fu ve i\u015fletti\u011fi ba\u015fka web S\u0130TElerine ve\/veya ba\u015fka i\u00e7eriklere link verilebilir. Bu linkler KULLANICI&#8217;lara ve \u00dcYE&#8217;lere y\u00f6nlenme kolayl\u0131\u011f\u0131 sa\u011flamak amac\u0131yla konmu\u015f olup herhangi bir web sitesini veya o siteyi i\u015fleten ki\u015fiyi desteklememektedir. Link verilen web sitesinin i\u00e7erdi\u011fi bilgilere y\u00f6nelik herhangi bir t\u00fcrde bir beyan veya garanti niteli\u011fi ta\u015f\u0131mamaktad\u0131r. S\u0130TE \u00fczerindeki linkler vas\u0131tas\u0131yla eri\u015filen web siteleri ve i\u00e7erikleri hakk\u0131nda Sams Coffee Co.&#8217;nun\u00a0herhangi bir sorumlulu\u011fu yoktur ve bu sitelerin kullan\u0131m\u0131yla do\u011fabilecek zararlar, KULLANICI&#8217;lar\u0131n ve \u00dcYE&#8217;lerin kendi sorumlulu\u011fundad\u0131r. Sams Coffee Co.\u00a0bu t\u00fcr link verilen web sitelerine eri\u015fimi, kendi yaz\u0131l\u0131 muvafakatine ba\u011flayabilece\u011fi gibi, Sams Coffee Co.&#8217;nun\u00a0uygun g\u00f6rmeyece\u011fi linklere eri\u015fimi her zaman kesebilir.<\/p>\n<p>Sams Coffee Co., S\u0130TE&#8217;de mevcut olan bilgilerin do\u011fruluk ve g\u00fcncelli\u011fini s\u00fcrekli olarak kontrol etmektedir. Ancak g\u00f6sterilen \u00e7abaya ra\u011fmen, S\u0130TE \u00fczerindeki bilgiler fiili de\u011fi\u015fikliklerin gerisinde kalabilir. S\u0130TE muhteviyat\u0131nda yer alan materyal ve bilgiler S\u0130TE&#8217;ye verildi\u011fi anda sunulmaktad\u0131r, ilgili hizmet veya bilginin g\u00fcncel durumu ile S\u0130TE&#8217;de yer alan durumu aras\u0131nda farkl\u0131l\u0131k olabilir. S\u0130TE&#8217;de yer alan bilgilerin, g\u00fcncelli\u011fi, do\u011frulu\u011fu, \u015fartlar\u0131, kalitesi, performans\u0131, pazarlanabilirli\u011fi, belli bir amaca uygunlu\u011fu ve Sams Coffee Co.&#8217;nun\u00a0S\u0130TE&#8217;de mevcut ve bunlarla s\u0131n\u0131rl\u0131 olmayan, bunlarla ba\u011flant\u0131l\u0131 veya ba\u011f\u0131ms\u0131z di\u011fer bilgi, hizmet veya \u00fcr\u00fcnlere etkisi ile taml\u0131\u011f\u0131 hakk\u0131nda herhangi bir sarih ya da z\u0131mni garanti verilmemekte ve taahh\u00fctte bulunulmamaktad\u0131r.<\/p>\n<p>KULLANICI ve \u00dcYE, S\u0130TE&#8217;deki, y\u00fcklenmeye (download) ve\/veya payla\u015f\u0131ma m\u00fcsait dosya, bilgi ve belgelerin, vir\u00fcslerden, wormlardan, truva atlar\u0131ndan, dialer programlar\u0131ndan spam, spyware veya bunlar gibi di\u011fer her t\u00fcrl\u00fc k\u00f6t\u00fc ve zarar verme ama\u00e7l\u0131 kodlardan veya materyallerden ar\u0131nd\u0131r\u0131lamam\u0131\u015f olabilece\u011fini ve bu hususlarda S\u0130TE&#8217;nin garanti vermedi\u011fini kabul etmektedir. Bu tip k\u00f6t\u00fc ve zarar verme ama\u00e7l\u0131 programlar\u0131n, kodlar\u0131n veya materyallerin \u00f6nlenmesi, veri giri\u015f &#8211; \u00e7\u0131k\u0131\u015flar\u0131n\u0131n do\u011frulu\u011fu veya herhangi bir kay\u0131p verinin geri kazan\u0131lmas\u0131 i\u00e7in gereken t\u00fcm yaz\u0131l\u0131m ve donan\u0131m ihtiya\u00e7lar\u0131n\u0131 kar\u015f\u0131lamak, bak\u0131m ve g\u00fcncellemelerini yapmak tamamen KULLANICI&#8217;n\u0131n ve \u00dcYE&#8217;nin sorumlulu\u011fundad\u0131r. Bu t\u00fcr k\u00f6t\u00fc ama\u00e7l\u0131 programlar, kodlar veya materyallerin sebep olabilece\u011fi, veri yanl\u0131\u015fl\u0131klar\u0131 veya kay\u0131plar\u0131ndan dolay\u0131 KULLANICI ve \u00dcYE&#8217;nin veya \u00fc\u00e7\u00fcnc\u00fc ki\u015filerin u\u011frayabilece\u011fi hi\u00e7bir zarardan Sams Coffee Co.\u00a0sorumlu de\u011fildir. Bu t\u00fcr k\u00f6t\u00fc ama\u00e7l\u0131 programlar, kodlar veya materyaller, veri yanl\u0131\u015fl\u0131klar\u0131 veya kay\u0131plar\u0131ndan dolay\u0131 KULLANICI&#8217;n\u0131n ve \u00dcYE&#8217;nin veya \u00fc\u00e7\u00fcnc\u00fc ki\u015filerin u\u011frayabilece\u011fi hi\u00e7bir zarardan Sams Coffee Co.\u00a0sorumlu de\u011fildir.<\/p>\n<p>Sams Coffee Co., i\u015fbu S\u0130TE ve S\u0130TE uzant\u0131s\u0131nda mevcut her t\u00fcr hizmet, \u00fcr\u00fcn, kampanya, vs. bilgiler ve S\u0130TE&#8217;yi kullanma ko\u015fullar\u0131 ile S\u0130TE&#8217;de sunulan bilgileri \u00f6nceden bir ihtara gerek olmaks\u0131z\u0131n de\u011fi\u015ftirme, S\u0130TE&#8217;yi ve i\u00e7eri\u011fini yeniden d\u00fczenleme, yay\u0131n\u0131 durdurma ve\/veya duraklatma hakk\u0131n\u0131 sakl\u0131 tutar. De\u011fi\u015fiklikler, S\u0130TE&#8217;de yay\u0131nlanmalar\u0131yla y\u00fcr\u00fcrl\u00fc\u011fe girerler. S\u0130TE&#8217;nin kullan\u0131m\u0131 ya da S\u0130TE&#8217;ye giri\u015f ile bu de\u011fi\u015fiklikler de kabul edilmi\u015f say\u0131l\u0131r. Bu ko\u015fullar link verilen di\u011fer web sayfalar\u0131 i\u00e7in de ge\u00e7erlidir. Sams Coffee Co., s\u00f6zle\u015fmenin ihlali, haks\u0131z fiil, ihmal veya di\u011fer sebepler neticesinde; i\u015flemin kesintiye u\u011framas\u0131, hata, ihmal, kesinti, silinme, kay\u0131p, i\u015flemin veya ileti\u015fimin gecikmesi, bilgisayar vir\u00fcs\u00fc, ileti\u015fim hatas\u0131, h\u0131rs\u0131zl\u0131k, imha veya izinsiz olarak kay\u0131tlara girilmesi, de\u011fi\u015ftirilmesi veya kullan\u0131lmas\u0131 hususunda ve durumunda herhangi bir sorumluluk kabul etmez.<\/p>\n<p>S\u0130TE d\u00e2hilinde \u00fc\u00e7\u00fcnc\u00fc ki\u015filer taraf\u0131ndan sa\u011flanan hizmetlerden ve yay\u0131nlanan i\u00e7eriklerden dolay\u0131 Sams Coffee Co.&#8217;nun, i\u015fbirli\u011fi i\u00e7inde bulundu\u011fu kurumlar\u0131n, Sams Coffee Co.\u00a0\u00e7al\u0131\u015fanlar\u0131n\u0131n ve y\u00f6neticilerinin, Sams Coffee Co.\u00a0yetkili sat\u0131c\u0131lar\u0131n\u0131n sorumlulu\u011fu bulunmamaktad\u0131r. Herhangi bir \u00fc\u00e7\u00fcnc\u00fc ki\u015fi taraf\u0131ndan sa\u011flanan ve yay\u0131nlanan bilgilerin, i\u00e7eriklerin, g\u00f6rsel ve i\u015fitsel imgelerin do\u011frulu\u011fu ve hukuka uygunlu\u011funun taahh\u00fcd\u00fc b\u00fct\u00fcn\u00fcyle bu eylemleri ger\u00e7ekle\u015ftiren \u00fc\u00e7\u00fcnc\u00fc ki\u015filerin sorumlulu\u011fundad\u0131r. Sams Coffee Co., \u00fc\u00e7\u00fcnc\u00fc ki\u015filer taraf\u0131ndan sa\u011flanan hizmetlerin ve i\u00e7eriklerin g\u00fcvenli\u011fini, do\u011frulu\u011funu ve hukuka uygunlu\u011funu taahh\u00fct etmemektedir.<\/p>\n<p>S\u0130TE&#8217;yi kullananlar, yaln\u0131zca hukuka uygun ve \u015fahsi ama\u00e7larla S\u0130TE \u00fczerinde i\u015flem yapabilirler. KULLANICI&#8217;lar\u0131n ve \u00dcYE&#8217;lerin, S\u0130TE d\u00e2hilinde yapt\u0131\u011f\u0131 her i\u015flem ve eylemdeki hukuki ve cezai sorumluluklar\u0131 kendilerine aittir. Her KULLANICI ve her \u00dcYE, Sams Coffee Co.\u00a0ve\/veya ba\u015fka bir \u00fc\u00e7\u00fcnc\u00fc ki\u015finin haklar\u0131na tecav\u00fcz te\u015fkil edecek nitelikteki herhangi bir faaliyette bulunmayaca\u011f\u0131n\u0131 taahh\u00fct eder. KULLANICI ve \u00dcYE&#8217;lerin S\u0130TE \u00fczerindeki faaliyetleri nedeniyle \u00fc\u00e7\u00fcnc\u00fc ki\u015filerin u\u011frad\u0131klar\u0131 veya u\u011frayabilecekleri zararlardan dolay\u0131 Sams Coffee Co.&#8217;nun\u00a0do\u011frudan ve\/veya dolayl\u0131 hi\u00e7bir sorumlulu\u011fu yoktur.<\/p>\n<p>\u0130\u015fbu S\u0130TE&#8217;nin sahibi Sams Coffee Co.&#8217;dur. Bu S\u0130TE&#8217;de bulunan bilgiler, yaz\u0131lar, resimler, markalar, slogan ve di\u011fer i\u015faretler ile sair s\u0131na\u00ee ve fikri m\u00fclkiyet haklar\u0131na ili\u015fkin bilgilerin korunmas\u0131na y\u00f6nelik programlarla, sayfa d\u00fczeni ve S\u0130TE&#8217;nin sunumu Sams Coffee Co.&#8217;nun\u00a0ya da Sams Coffee Co.&#8217;nun\u00a0izin ve lisans ald\u0131\u011f\u0131 kurulu\u015flar\u0131n m\u00fclkiyetindedir. \u0130\u015fbu S\u0130TE&#8217;deki bilgilerin ya da S\u0130TE sayfalar\u0131na ili\u015fkin her t\u00fcr veritaban\u0131, web sitesi, software-code&#8217;lar\u0131n html kodu ve di\u011fer kodlar vs. ile S\u0130TE i\u00e7eri\u011finde bulunan \u00fcr\u00fcnlerin, tasar\u0131mlar\u0131n, resimlerin, metinlerin, g\u00f6rsel, i\u015fitsel vesair imgelerin, video kliplerin, dosyalar\u0131n, kataloglar\u0131n ve listelerin k\u0131smen ya da tamamen kopyalanmas\u0131, de\u011fi\u015ftirilmesi, yay\u0131nlanmas\u0131, online ya da di\u011fer bir medya kullan\u0131lmak suretiyle g\u00f6nderimi, da\u011f\u0131t\u0131m\u0131, sat\u0131lmas\u0131 yasakt\u0131r. KULLANICI ve \u00dcYE, yukar\u0131da say\u0131lan ve bunlarla s\u0131n\u0131rl\u0131 olmayan S\u0130TE yaz\u0131l\u0131m, donan\u0131m ve i\u00e7eri\u011fini \u00e7o\u011faltmayaca\u011f\u0131n\u0131, kopyalamayaca\u011f\u0131n\u0131, da\u011f\u0131tmayaca\u011f\u0131n\u0131, i\u015flemeyece\u011fini, gerek bu eylemleri ile gerekse de ba\u015fka yollarla Sams Coffee Co.\u00a0ile do\u011frudan ve\/veya dolayl\u0131 olarak rekabete girmeyece\u011fini kabul ve taahh\u00fct etmektedir. KULLANICI ve \u00dcYE, Sams Coffee Co.\u00a0hizmetlerini, Sams Coffee Co.\u00a0bilgilerini ve Sams Coffee Co.&#8217;nun\u00a0telif haklar\u0131na t\u00e2bi \u00e7al\u0131\u015fmalar\u0131n\u0131 yeniden satmak, i\u015flemek, payla\u015fmak, da\u011f\u0131tmak, sergilemek veya ba\u015fkas\u0131n\u0131n Sams Coffee Co.&#8217;nun\u00a0hizmetlerine eri\u015fmesi veya kullanmas\u0131na izin vermek hakk\u0131na sahip de\u011fildir. Bu sayfadaki bilgilerin k\u0131smen kopyalanmas\u0131, bas\u0131lmas\u0131, i\u015flenmesi, da\u011f\u0131t\u0131lmas\u0131, \u00e7o\u011falt\u0131lmas\u0131, sergilenmesi ancak ticari olmayan ki\u015fisel ihtiya\u00e7lar i\u00e7in ve Sams Coffee Co.&#8217;nun\u00a0yaz\u0131l\u0131 izni ile m\u00fcmk\u00fcnd\u00fcr.<\/p>\n<p>Sams Coffee Co., S\u0130TE \u00fczerinden KULLANICI&#8217;lar ve \u00dcYE&#8217;ler taraf\u0131ndan kendisine iletilen bilgileri &#8220;Gizlilik Politikas\u0131&#8221; ve &#8220;Web Sitesi Kullan\u0131m Ko\u015fullar\u0131&#8221; h\u00fck\u00fcmleri do\u011frultusunda kullanabilir. Bu bilgileri i\u015fleyebilir, bir veritaban\u0131 \u00fczerinde tasnif edip muhafaza edebilir. Sams Coffee Co.\u00a0ayn\u0131 zamanda; KULLANICI ve \u00dcYE&#8217;nin kimli\u011fi, adresi, elektronik posta adresi, telefon numaras\u0131, IP adresi, S\u0130TE&#8217;nin hangi b\u00f6l\u00fcmlerini ziyaret etti\u011fi, domain tipi, browser tipi, ziyaret tarihi, saati vs bilgileri de istatistiki de\u011ferlendirme, kampanyalar\u0131n duyurusunu yapma ve ki\u015fiye y\u00f6nelik hizmetler sunma gibi ama\u00e7larla kullanabilir. KULLANICI&#8217;lara ve \u00dcYE&#8217;lere ait ki\u015fisel bilgiler, kanunla yetkili k\u0131l\u0131nan mercilerin talebi ve a\u015fa\u011f\u0131da say\u0131lan haller hari\u00e7 olmak \u00fczere ger\u00e7ek ve t\u00fczel \u00fc\u00e7\u00fcnc\u00fc ki\u015filere a\u00e7\u0131klanmayacakt\u0131r. Ki\u015fisel bilgi ender olarak Sams Coffee Co.\u00a0i\u00e7in veya onun ad\u0131na davranan \u00fc\u00e7\u00fcnc\u00fc taraflara veya Sams Coffee Co.&#8217;nun\u00a0i\u015fi ile ilgili olanlara verilerin \u00f6zg\u00fcn olarak kullan\u0131m ama\u00e7lar\u0131n\u0131 daha iyi i\u015flemek ya da KULLANICI&#8217;lar\u0131n ve \u00dcYE&#8217;lerin \u00f6nerdi\u011fi ama\u00e7lara uygun olarak daha iyi hizmet verebilmek \u00fczere verilir.<\/p>\n<p>\u0130\u015fbu S\u0130TE Kullan\u0131m Ko\u015fullar\u0131 d\u00e2hilinde Sams Coffee Co.\u00a0taraf\u0131ndan a\u00e7\u0131k\u00e7a yetki verilmedi\u011fi hallerde Sams Coffee Co.; Sams Coffee Co.\u00a0hizmetleri, Sams Coffee Co.\u00a0bilgileri, Sams Coffee Co.\u00a0telif haklar\u0131na t\u00e2bi \u00e7al\u0131\u015fmalar\u0131, Sams Coffee Co.\u00a0ticari markalar\u0131, Sams Coffee Co.\u00a0ticari g\u00f6r\u00fcn\u00fcm\u00fc veya bu S\u0130TE vas\u0131tas\u0131yla sa\u011flad\u0131\u011f\u0131 ba\u015fkaca varl\u0131k ve bilgilere y\u00f6nelik t\u00fcm haklar\u0131n\u0131 sakl\u0131 tutmaktad\u0131r.<\/p>\n<p><b>Sorumlulu\u011fun s\u0131n\u0131rland\u0131r\u0131lmas\u0131<\/b><\/p>\n<p>Sams Coffee Co., S\u0130TE&#8217;ye eri\u015filmesi, S\u0130TE&#8217;nin ya da S\u0130TE&#8217;deki bilgilerin ve di\u011fer verilerin programlar\u0131n vs. kullan\u0131lmas\u0131 sebebiyle, s\u00f6zle\u015fmenin ihlali, haks\u0131z fiil, ya da ba\u015fkaca sebeplere binaen, do\u011fabilecek do\u011frudan ya da dolayl\u0131 hi\u00e7bir zarardan sorumlu de\u011fildir. Sams Coffee Co., s\u00f6zle\u015fmenin ihlali, haks\u0131z fiil, ihmal veya di\u011fer sebepler neticesinde; i\u015flemin kesintiye u\u011framas\u0131, hata, ihmal, kesinti hususunda herhangi bir sorumluluk kabul etmez. Bu S\u0130TE&#8217;ye ya da link verilen di\u011fer web sitelerine eri\u015filmesi ya da S\u0130TE&#8217;nin kullan\u0131lmas\u0131 ile Sams Coffee Co.&#8217;nun, kullan\u0131m\/ziyaret sonucunda, do\u011fabilecek her t\u00fcr sorumluluktan, mahkeme ve di\u011fer masraflar da dahil olmak \u00fczere her t\u00fcr zarar ve talep hakk\u0131ndan ayr\u0131 k\u0131l\u0131nd\u0131\u011f\u0131 kabul edilmektedir.<\/p>\n<p><b>S\u00f6zle\u015fmenin devri<\/b><\/p>\n<p>Sams Coffee Co., bu s\u00f6zle\u015fmeyi bildirimsiz olarak istedi\u011fi zaman k\u0131smen veya b\u00fct\u00fcn\u00fcyle devredebilir. Ancak KULLANICI ve \u00dcYE bu s\u00f6zle\u015fmeyi veya herhangi bir k\u0131sm\u0131n\u0131 ba\u015fka bir tarafa devredemez. Bu t\u00fcrden bir devir giri\u015fimi ge\u00e7ersizdir.<\/p>\n<p><b>M\u00fccbir sebepler<\/b><\/p>\n<p>Hukuken m\u00fccbir sebep say\u0131lan t\u00fcm durumlarda, Sams Coffee Co.\u00a0i\u015fbu &#8220;WEB S\u0130TES\u0130 KULLANIM KO\u015eULLARI&#8221;n\u0131 ge\u00e7 ifa etmekten veya ifa etmemekten dolay\u0131 y\u00fck\u00fcml\u00fc de\u011fildir. Bu ve bunun gibi durumlar, Sams Coffee Co.\u00a0a\u00e7\u0131s\u0131ndan, gecikme veya ifa etmeme veya temerr\u00fct addedilmeyecek veya bu durumlar i\u00e7in Sams Coffee Co.&#8217;nun\u00a0herhangi bir tazminat y\u00fck\u00fcml\u00fcl\u00fc\u011f\u00fc do\u011fmayacakt\u0131r.<\/p>\n<p><b>Uygulanacak hukuk ve yetki<\/b><\/p>\n<p>\u0130\u015fbu &#8220;WEB S\u0130TES\u0130 KULLANIM KO\u015eULLARI VE \u00dcYEL\u0130K S\u00d6ZLE\u015eMES\u0130&#8221;nden kaynaklanacak ihtilaflar T\u00fcrk Hukuku&#8217;na tabidir ve \u0130stanbul Merkez Mahkemeleri ve \u0130cra Daireleri yetkilidir. Sams Coffee Co.&#8217;nun, KULLANICI ve \u00dcYE&#8217;nin bulundu\u011fu \u00fclkede dava a\u00e7ma hakk\u0131 sakl\u0131d\u0131r.<\/p>\n<p><b>Y\u00fcr\u00fcrl\u00fcl\u00fck ve kabul<\/b><\/p>\n<p>&#8220;\u0130\u015fbu &#8220;WEB S\u0130TES\u0130 KULLANIM KO\u015eULLARI VE \u00dcYEL\u0130K S\u00d6ZLE\u015eMES\u0130&#8221;, Sams Coffee Co.\u00a0taraf\u0131ndan S\u0130TE i\u00e7eri\u011finde ilan edildi\u011fi tarihte y\u00fcr\u00fcrl\u00fcl\u00fck kazan\u0131r. KULLANICI&#8217;lar ve \u00dcYE&#8217;ler, i\u015fbu s\u00f6zle\u015fme h\u00fck\u00fcmlerini S\u0130TE&#8217;yi kullanmakla kabul etmi\u015f olmaktad\u0131rlar. Sams Coffee Co., diledi\u011fi zaman i\u015fbu s\u00f6zle\u015fme h\u00fck\u00fcmlerinde de\u011fi\u015fikli\u011fe gidebilir, de\u011fi\u015fiklikler, s\u00fcr\u00fcm numaras\u0131 ve de\u011fi\u015fiklik tarihi belirtilerek S\u0130TE \u00fczerinden yay\u0131nlan\u0131r ve ayn\u0131 tarihte y\u00fcr\u00fcrl\u00fc\u011fe girer.<\/p>","protected":false},"excerpt":{"rendered":"<p>Bu web sitesini (K\u0131saca &#8220;S\u0130TE&#8221; olarak an\u0131lacakt\u0131r) kullanmak i\u00e7in l\u00fctfen a\u015fa\u011f\u0131da yaz\u0131l\u0131 ko\u015fullar\u0131 okuyunuz. Bu S\u0130TE&#8217;de sunulan hizmetlerden yararlananlar veya herhangi bir \u015fekilde S\u0130TE&#8217;ye eri\u015fim sa\u011flayan her ger\u00e7ek ve t\u00fczel ki\u015fi a\u015fa\u011f\u0131daki kullan\u0131m ko\u015fullar\u0131n\u0131 kabul etmi\u015f say\u0131lmaktad\u0131r. Kullan\u0131m ko\u015fullar\u0131 Bu S\u0130TE&#8217;de sunulan hizmetler Sams Coffee Co. taraf\u0131ndan sa\u011flanmaktad\u0131r ve S\u0130TE&#8217;nin yasal sahibi Sams Coffee Co.\u00a0olup, S\u0130TE \u00fczerinde her t\u00fcrl\u00fc kullan\u0131m ve tasarruf yetkisi Sams Coffee Co.&#8217;ya\u00a0aittir. \u0130\u015fbu kullan\u0131m ko\u015fullar\u0131n\u0131 Sams Coffee Co.\u00a0gerekti\u011fi zaman de\u011fi\u015ftirebilir; ancak bu de\u011fi\u015fiklikler d\u00fczenli olarak S\u0130TE&#8217;de yay\u0131nlanacak ve ayn\u0131 tarihten&hellip;<\/p>","protected":false},"author":1,"featured_media":0,"parent":0,"menu_order":0,"comment_status":"closed","ping_status":"closed","template":"page-templates\/no-sidebar.php","meta":{"footnotes":""},"class_list":["post-877","page","type-page","status-publish","hentry"],"_links":{"self":[{"href":"https:\/\/www.samscoffee.co\/en\/wp-json\/wp\/v2\/pages\/877","targetHints":{"allow":["GET"]}}],"collection":[{"href":"https:\/\/www.samscoffee.co\/en\/wp-json\/wp\/v2\/pages"}],"about":[{"href":"https:\/\/www.samscoffee.co\/en\/wp-json\/wp\/v2\/types\/page"}],"author":[{"embeddable":true,"href":"https:\/\/www.samscoffee.co\/en\/wp-json\/wp\/v2\/users\/1"}],"replies":[{"embeddable":true,"href":"https:\/\/www.samscoffee.co\/en\/wp-json\/wp\/v2\/comments?post=877"}],"version-history":[{"count":0,"href":"https:\/\/www.samscoffee.co\/en\/wp-json\/wp\/v2\/pages\/877\/revisions"}],"wp:attachment":[{"href":"https:\/\/www.samscoffee.co\/en\/wp-json\/wp\/v2\/media?parent=877"}],"curies":[{"name":"wp","href":"https:\/\/api.w.org\/{rel}","templated":true}]}}