{"id":881,"date":"2020-12-13T20:34:14","date_gmt":"2020-12-13T20:34:14","guid":{"rendered":"http:\/\/www.samscoffee.co\/?page_id=881"},"modified":"2020-12-13T21:04:15","modified_gmt":"2020-12-13T21:04:15","slug":"iade-ve-degisim","status":"publish","type":"page","link":"https:\/\/www.samscoffee.co\/en\/iade-ve-degisim\/","title":{"rendered":"Returns and Exchanges"},"content":{"rendered":"<p>Sams Coffee Co.&#8217;dan sat\u0131n alm\u0131\u015f oldu\u011funuz \u00fcr\u00fcnleri teslim ald\u0131ktan sonra iade edebilir ya da de\u011fi\u015fim talep edebilirsiniz. \u00dcr\u00fcnlerin iade ve de\u011fi\u015fimini kargonuzu teslim ald\u0131ktan sonra 7 g\u00fcn i\u00e7erisinde yapabilirsiniz. T\u00fcketici taraf\u0131ndan ambalaj\u0131n\u0131n a\u00e7\u0131lm\u0131\u015f olmas\u0131 halinde, ses veya g\u00f6r\u00fcnt\u00fc kay\u0131tlar\u0131na, yaz\u0131l\u0131m programlar\u0131na, bilgisayar sarf malzemelerine ili\u015fkin s\u00f6zle\u015fmeler ve kitap \u00fcr\u00fcnlerinin de iade i\u015flemleri Cayma Hakk\u0131 s\u00fcrecinde yap\u0131lamamaktad\u0131r. Bozuk, a\u00e7\u0131lm\u0131\u015f, y\u0131rt\u0131lm\u0131\u015f ambalajl\u0131 \u00fcr\u00fcnlerimizi veya k\u0131r\u0131k, hasarl\u0131 oldu\u011funu fark etti\u011finiz \u00fcr\u00fcnleri teslim almadan kargo \u015firketine iade etmeniz gerekiyor. Kargo \u015firketi \u00fccretsiz olarak kap\u0131da \u00fcr\u00fcnleri teslim al\u0131p taraf\u0131m\u0131za teslim edecek, siz ayr\u0131ca bir \u00fccret \u00f6demeyeceksiniz. \u0130ade etmek istedi\u011finiz \u00fcr\u00fcnlerin kargo masraf\u0131n\u0131 Sams Coffee Co. \u00fcstleniyor. \u0130ade etti\u011finiz \u00fcr\u00fcnler Sams Coffee Co. yetkilileri taraf\u0131ndan teslim al\u0131nd\u0131\u011f\u0131nda size bilgi mesaj\u0131 ula\u015facakt\u0131r. Bunu takip eden 7 i\u015f g\u00fcn\u00fc i\u00e7erisinde \u00f6dedi\u011finiz tutar kredi kart\u0131n\u0131za iade edilecektir.<\/p>\n<h3>Her \u00fcr\u00fcn\u00fc iade edebilir miyim?<\/h3>\n<p>TTK gere\u011fince g\u0131da maddeleri, i\u00e7ecekler veya di\u011fer g\u00fcnl\u00fck t\u00fcketim maddeleri i\u00e7in cayma hakk\u0131 bulunmamaktad\u0131r. Bunlar\u0131n d\u0131\u015f\u0131nda kalan orijinal ambalaj\u0131 hasar g\u00f6rmemi\u015f, kullan\u0131lmam\u0131\u015f, kullan\u0131m hatas\u0131 sonucu zarar g\u00f6rmemi\u015f t\u00fcm \u00fcr\u00fcnler iade edilebilir.<\/p>\n<p>Ambalaj\u0131 a\u00e7\u0131lm\u0131\u015f, kullan\u0131lm\u0131\u015f ve tahrip edilmi\u015f \u00fcr\u00fcnlerin iadesi kabul edilmemektedir.<\/p>\n<p>Hi\u00e7bir gerek\u00e7e belirtmeksizin yapabilece\u011finiz \u00fcr\u00fcn iadesinin, \u00fcr\u00fcn\u00fcn taraf\u0131n\u0131za teslim edildi\u011fi hali ile ger\u00e7ekle\u015ftirilmesi gerekmektedir. Sat\u0131n ald\u0131\u011f\u0131n\u0131z \u00fcr\u00fcnde veya \u00fcr\u00fcn ambalaj\u0131nda herhangi bir bozulma, a\u00e7\u0131lma, k\u0131r\u0131lma, y\u0131rt\u0131lma, aksesuarlar\u0131nda eksiklik ve sair hallerin tespiti halinde \u00fcr\u00fcn iadesi kesinlikle kabul edilmemektedir.<\/p>\n<p>\u00dcr\u00fcn\u00fcn faturas\u0131 g\u00f6nderilmemi\u015fse, eksikse iade kabul edilmez. \u0130ade edilecek \u00fcr\u00fcnlerin mutlaka \u00fcr\u00fcn faturas\u0131n\u0131n orijinali ile birlikte teslimi gerekmektedir.<\/p>\n<p>Gerek\u00e7esiz \u00fcr\u00fcn iadesi mal\u0131n taraf\u0131n\u0131za teslimini takip eden 7 g\u00fcnl\u00fck s\u00fcre i\u00e7erisinde ve yaz\u0131l\u0131 \u015fekilde yap\u0131lmal\u0131d\u0131r.<\/p>\n<p>\u0130adesi yap\u0131lacak \u00fcr\u00fcnler Sams Coffee Co.&#8217;nun \u00e7al\u0131\u015ft\u0131\u011f\u0131 kargo \u015firketleri arac\u0131l\u0131\u011f\u0131 ile taraf\u0131m\u0131za ula\u015ft\u0131r\u0131lmal\u0131d\u0131r.<\/p>\n<p>\u00dcr\u00fcn, paket koruyucu bir ambalaj i\u00e7erisine yerle\u015ftirilmeli ve kargo \u015firketinin etiketi \u00fcr\u00fcn ambalaj\u0131n\u0131n \u00fczerinde bulunmamal\u0131d\u0131r. \u00dcr\u00fcn\u00fcn ambalaj\u0131nda meydana gelecek olan deformasyon, \u00fcr\u00fcn\u00fcn tekrar sat\u0131lmas\u0131n\u0131 engelleyen durumlar aras\u0131nda yeralmaktad\u0131r.<\/p>","protected":false},"excerpt":{"rendered":"<p>Sams Coffee Co.&#8217;dan sat\u0131n alm\u0131\u015f oldu\u011funuz \u00fcr\u00fcnleri teslim ald\u0131ktan sonra iade edebilir ya da de\u011fi\u015fim talep edebilirsiniz. \u00dcr\u00fcnlerin iade ve de\u011fi\u015fimini kargonuzu teslim ald\u0131ktan sonra 7 g\u00fcn i\u00e7erisinde yapabilirsiniz. T\u00fcketici taraf\u0131ndan ambalaj\u0131n\u0131n a\u00e7\u0131lm\u0131\u015f olmas\u0131 halinde, ses veya g\u00f6r\u00fcnt\u00fc kay\u0131tlar\u0131na, yaz\u0131l\u0131m programlar\u0131na, bilgisayar sarf malzemelerine ili\u015fkin s\u00f6zle\u015fmeler ve kitap \u00fcr\u00fcnlerinin de iade i\u015flemleri Cayma Hakk\u0131 s\u00fcrecinde yap\u0131lamamaktad\u0131r. Bozuk, a\u00e7\u0131lm\u0131\u015f, y\u0131rt\u0131lm\u0131\u015f ambalajl\u0131 \u00fcr\u00fcnlerimizi veya k\u0131r\u0131k, hasarl\u0131 oldu\u011funu fark etti\u011finiz \u00fcr\u00fcnleri teslim almadan kargo \u015firketine iade etmeniz gerekiyor. Kargo \u015firketi \u00fccretsiz olarak kap\u0131da \u00fcr\u00fcnleri teslim al\u0131p taraf\u0131m\u0131za&hellip;<\/p>","protected":false},"author":1,"featured_media":0,"parent":0,"menu_order":0,"comment_status":"closed","ping_status":"closed","template":"page-templates\/no-sidebar.php","meta":{"footnotes":""},"class_list":["post-881","page","type-page","status-publish","hentry"],"_links":{"self":[{"href":"https:\/\/www.samscoffee.co\/en\/wp-json\/wp\/v2\/pages\/881","targetHints":{"allow":["GET"]}}],"collection":[{"href":"https:\/\/www.samscoffee.co\/en\/wp-json\/wp\/v2\/pages"}],"about":[{"href":"https:\/\/www.samscoffee.co\/en\/wp-json\/wp\/v2\/types\/page"}],"author":[{"embeddable":true,"href":"https:\/\/www.samscoffee.co\/en\/wp-json\/wp\/v2\/users\/1"}],"replies":[{"embeddable":true,"href":"https:\/\/www.samscoffee.co\/en\/wp-json\/wp\/v2\/comments?post=881"}],"version-history":[{"count":0,"href":"https:\/\/www.samscoffee.co\/en\/wp-json\/wp\/v2\/pages\/881\/revisions"}],"wp:attachment":[{"href":"https:\/\/www.samscoffee.co\/en\/wp-json\/wp\/v2\/media?parent=881"}],"curies":[{"name":"wp","href":"https:\/\/api.w.org\/{rel}","templated":true}]}}