{"id":884,"date":"2020-12-13T20:43:30","date_gmt":"2020-12-13T20:43:30","guid":{"rendered":"http:\/\/www.samscoffee.co\/?page_id=884"},"modified":"2024-12-18T08:08:09","modified_gmt":"2024-12-18T08:08:09","slug":"kargo-ve-teslimat","status":"publish","type":"page","link":"https:\/\/www.samscoffee.co\/en\/kargo-ve-teslimat\/","title":{"rendered":"Shipping and Delivery"},"content":{"rendered":"<div class=\"vc_row wpb_row vc_row-fluid\"><div class=\"wpb_column vc_column_container vc_col-sm-12\"><div class=\"vc_column-inner\"><div class=\"wpb_wrapper\">\n\t<div class=\"wpb_text_column wpb_content_element\" >\n\t\t<div class=\"wpb_wrapper\">\n\t\t\t<p>Sipari\u015finiz, onayland\u0131ktan sonra, genellikle 3 i\u015f g\u00fcn\u00fc i\u00e7erisinde kargoya verilir. Kahve ekipmanlar\u0131, yiyecekler gibi kategorilerde bu s\u00fcre 15 g\u00fcn\u00fc bulabilir. Sipari\u015finizi resimli bir kimlik ibraz ederek, imza kar\u015f\u0131l\u0131\u011f\u0131 kargo g\u00f6revlisinden teslim alabilirsiniz. Zorunlu durumlarda ise imza yerine sms ile kod talep edebilir ve taraf\u0131n\u0131za iletilen kod ile sipari\u015finizi kargo g\u00f6revlisinden teslim alabilirsiniz. Teslimat adresinde bulunmaman\u0131z durumunda, adreste bulunan bir ba\u015fka \u015fah\u0131s, kimlik ibraz ederek sipari\u015finizi teslim alabilir. Ancak kargo g\u00f6revlisi adres yerinde kimseye ula\u015famad\u0131\u011f\u0131 durumda kargonuz taraf\u0131m\u0131za geri d\u00f6ner. \u0130nternet ma\u011fazam\u0131z \u00fczerinden verece\u011finiz sipari\u015fe ait teslimat tarihi, sipari\u015f s\u0131ras\u0131nda sepet sayfas\u0131nda g\u00f6r\u00fcnt\u00fclenir. Telefonla sipari\u015flerde ise sat\u0131\u015f temsilcilerimiz taraf\u0131ndan \u015fahsen bildirilir.<\/p>\n\n\t\t<\/div>\n\t<\/div>\n<\/div><\/div><\/div><\/div><div class=\"vc_row wpb_row vc_row-fluid\"><div class=\"wpb_column vc_column_container vc_col-sm-12\"><div class=\"vc_column-inner\"><div class=\"wpb_wrapper\"><div class=\"vc_tta-container\" data-vc-action=\"collapse\"><div class=\"vc_general vc_tta vc_tta-accordion vc_tta-color-chino vc_tta-style-classic vc_tta-shape-rounded vc_tta-o-shape-group vc_tta-controls-align-left vc_tta-o-no-fill\"><div class=\"vc_tta-panels-container\"><div class=\"vc_tta-panels\"><div class=\"vc_tta-panel vc_active\" id=\"1734508840857-f72f58cd-fb12\" data-vc-content=\".vc_tta-panel-body\"><div class=\"vc_tta-panel-heading\"><h4 class=\"vc_tta-panel-title vc_tta-controls-icon-position-left\"><a href=\"#1734508840857-f72f58cd-fb12\" data-vc-accordion data-vc-container=\".vc_tta-container\"><span class=\"vc_tta-title-text\">\u00dcr\u00fcn\u00fc elden teslim alabilir miyim?<\/span><i class=\"vc_tta-controls-icon vc_tta-controls-icon-plus\"><\/i><\/a><\/h4><\/div><div class=\"vc_tta-panel-body\">\n\t<div class=\"wpb_text_column wpb_content_element\" >\n\t\t<div class=\"wpb_wrapper\">\n\t\t\t<p>samscoffee.co olarak, \u00fcr\u00fcnlerimizin teslimat\u0131 konusunda belirli bir s\u00fcre\u00e7 izliyoruz. G\u00fcvenli ve d\u00fczenli bir teslimat s\u00fcreci sa\u011flamak ad\u0131na \u00fcr\u00fcnlerimizi yaln\u0131zca kargo yoluyla g\u00f6nderiyoruz. Bu y\u00f6ntemle hem sizin hem de bizim i\u00e7in daha g\u00fcvenli ve pratik bir deneyim sunmay\u0131 hedefliyoruz.<\/p>\n<p>Elden teslimat yapm\u0131yor olmam\u0131z, kargo s\u00fcrecimizi optimize ederek zaman ve g\u00fcvenlik a\u00e7\u0131s\u0131ndan en iyi hizmeti sunmam\u0131za olanak tan\u0131maktad\u0131r. Bu sayede, sipari\u015flerinizi en k\u0131sa s\u00fcrede ve sorunsuz bir \u015fekilde size ula\u015ft\u0131rabiliyoruz.<\/p>\n<p>Anlay\u0131\u015f\u0131n\u0131z i\u00e7in te\u015fekk\u00fcr ederiz. Herhangi bir sorunuz olursa bizimle ileti\u015fime ge\u00e7mekten \u00e7ekinmeyin.<\/p>\n\n\t\t<\/div>\n\t<\/div>\n<\/div><\/div><div class=\"vc_tta-panel\" id=\"1734508945627-84b27bcb-dac8\" data-vc-content=\".vc_tta-panel-body\"><div class=\"vc_tta-panel-heading\"><h4 class=\"vc_tta-panel-title vc_tta-controls-icon-position-left\"><a href=\"#1734508945627-84b27bcb-dac8\" data-vc-accordion data-vc-container=\".vc_tta-container\"><span class=\"vc_tta-title-text\">Kap\u0131da \u00f6deme se\u00e7ene\u011fi sunuyor musunuz?<\/span><i class=\"vc_tta-controls-icon vc_tta-controls-icon-plus\"><\/i><\/a><\/h4><\/div><div class=\"vc_tta-panel-body\">\n\t<div class=\"wpb_text_column wpb_content_element\" >\n\t\t<div class=\"wpb_wrapper\">\n\t\t\t<p>\u015eu anda kap\u0131da \u00f6deme hizmetimiz bulunmamaktad\u0131r. \u00d6demelerimizi g\u00fcvenli \u00f6deme altyap\u0131lar\u0131m\u0131z \u00fczerinden online olarak al\u0131yoruz. Bu y\u00f6ntem, hem siz de\u011ferli m\u00fc\u015fterilerimizin hem de bizim i\u00e7in en g\u00fcvenli ve h\u0131zl\u0131 \u00e7\u00f6z\u00fcm\u00fc sa\u011flamaktad\u0131r.<\/p>\n<p>Online \u00f6deme se\u00e7eneklerimizle ilgili herhangi bir sorunuz olursa veya destek ihtiyac\u0131n\u0131z olursa, l\u00fctfen bizimle ileti\u015fime ge\u00e7mekten \u00e7ekinmeyin. Sizin memnuniyetiniz bizim \u00f6nceli\u011fimizdir.<\/p>\n\n\t\t<\/div>\n\t<\/div>\n<\/div><\/div><div class=\"vc_tta-panel\" id=\"1734509003158-ff310477-df2e\" data-vc-content=\".vc_tta-panel-body\"><div class=\"vc_tta-panel-heading\"><h4 class=\"vc_tta-panel-title vc_tta-controls-icon-position-left\"><a href=\"#1734509003158-ff310477-df2e\" data-vc-accordion data-vc-container=\".vc_tta-container\"><span class=\"vc_tta-title-text\">\u0130kinci el \u00fcr\u00fcnler ger\u00e7ekten belirtilen durumda m\u0131?<\/span><i class=\"vc_tta-controls-icon vc_tta-controls-icon-plus\"><\/i><\/a><\/h4><\/div><div class=\"vc_tta-panel-body\">\n\t<div class=\"wpb_text_column wpb_content_element\" >\n\t\t<div class=\"wpb_wrapper\">\n\t\t\t<p>\u0130kinci el \u00fcr\u00fcnlerimizi sat\u0131\u015f \u00f6ncesinde detayl\u0131 bir \u015fekilde kontrol ediyor ve \u00fcr\u00fcn a\u00e7\u0131klamalar\u0131m\u0131zda durumunu en do\u011fru \u015fekilde belirtiyoruz. \u00dcr\u00fcn\u00fcn durumu ile ilgili daha fazla bilgi isterseniz, size yard\u0131mc\u0131 olmaktan memnuniyet duyar\u0131z.<\/p>\n\n\t\t<\/div>\n\t<\/div>\n<\/div><\/div><div class=\"vc_tta-panel\" id=\"1734509078660-5b5c13b9-eea4\" data-vc-content=\".vc_tta-panel-body\"><div class=\"vc_tta-panel-heading\"><h4 class=\"vc_tta-panel-title vc_tta-controls-icon-position-left\"><a href=\"#1734509078660-5b5c13b9-eea4\" data-vc-accordion data-vc-container=\".vc_tta-container\"><span class=\"vc_tta-title-text\">\u00dcr\u00fcnle ilgili ek foto\u011fraflar payla\u015fabilir misiniz?<\/span><i class=\"vc_tta-controls-icon vc_tta-controls-icon-plus\"><\/i><\/a><\/h4><\/div><div class=\"vc_tta-panel-body\">\n\t<div class=\"wpb_text_column wpb_content_element\" >\n\t\t<div class=\"wpb_wrapper\">\n\t\t\t<p>Tabii ki! \u00dcr\u00fcnlerimizle ilgili talep etti\u011finiz ek foto\u011fraflar\u0131 payla\u015fmaktan mutluluk duyar\u0131z. Daha fazla bilgi almak i\u00e7in bizimle ileti\u015fime ge\u00e7ebilirsiniz.<\/p>\n\n\t\t<\/div>\n\t<\/div>\n<\/div><\/div><div class=\"vc_tta-panel\" id=\"1734509102785-fa6edf8e-88d7\" data-vc-content=\".vc_tta-panel-body\"><div class=\"vc_tta-panel-heading\"><h4 class=\"vc_tta-panel-title vc_tta-controls-icon-position-left\"><a href=\"#1734509102785-fa6edf8e-88d7\" data-vc-accordion data-vc-container=\".vc_tta-container\"><span class=\"vc_tta-title-text\">Kargo \u00fccreti bana m\u0131 ait?<\/span><i class=\"vc_tta-controls-icon vc_tta-controls-icon-plus\"><\/i><\/a><\/h4><\/div><div class=\"vc_tta-panel-body\">\n\t<div class=\"wpb_text_column wpb_content_element\" >\n\t\t<div class=\"wpb_wrapper\">\n\t\t\t<p>Kargo \u00fccretleri sipari\u015finize ve kampanyalar\u0131m\u0131za ba\u011fl\u0131 olarak de\u011fi\u015febilir. Sipari\u015finizi tamamlarken \u00f6deme sayfas\u0131nda t\u00fcm detaylar\u0131 g\u00f6rebilirsiniz.<\/p>\n\n\t\t<\/div>\n\t<\/div>\n<\/div><\/div><div class=\"vc_tta-panel\" id=\"1734509128571-60ae345d-6368\" data-vc-content=\".vc_tta-panel-body\"><div class=\"vc_tta-panel-heading\"><h4 class=\"vc_tta-panel-title vc_tta-controls-icon-position-left\"><a href=\"#1734509128571-60ae345d-6368\" data-vc-accordion data-vc-container=\".vc_tta-container\"><span class=\"vc_tta-title-text\">\u00d6deme bilgilerim g\u00fcvende mi?<\/span><i class=\"vc_tta-controls-icon vc_tta-controls-icon-plus\"><\/i><\/a><\/h4><\/div><div class=\"vc_tta-panel-body\">\n\t<div class=\"wpb_text_column wpb_content_element\" >\n\t\t<div class=\"wpb_wrapper\">\n\t\t\t<p>Kesinlikle! \u00d6demeleriniz, samscoffee.co\u2019nun g\u00fcvenli \u00f6deme altyap\u0131s\u0131 \u00fczerinden i\u015flenir. Ki\u015fisel bilgileriniz ve \u00f6deme detaylar\u0131n\u0131z koruma alt\u0131ndad\u0131r.<\/p>\n\n\t\t<\/div>\n\t<\/div>\n<\/div><\/div><div class=\"vc_tta-panel\" id=\"1734509160781-0a72b6ef-3291\" data-vc-content=\".vc_tta-panel-body\"><div class=\"vc_tta-panel-heading\"><h4 class=\"vc_tta-panel-title vc_tta-controls-icon-position-left\"><a href=\"#1734509160781-0a72b6ef-3291\" data-vc-accordion data-vc-container=\".vc_tta-container\"><span class=\"vc_tta-title-text\">Taksitli \u00f6deme yapabilir miyim?<\/span><i class=\"vc_tta-controls-icon vc_tta-controls-icon-plus\"><\/i><\/a><\/h4><\/div><div class=\"vc_tta-panel-body\">\n\t<div class=\"wpb_text_column wpb_content_element\" >\n\t\t<div class=\"wpb_wrapper\">\n\t\t\t<p>Kredi kart\u0131 ile al\u0131\u015fveri\u015flerinizde, bankan\u0131z\u0131n sundu\u011fu taksit se\u00e7eneklerinden faydalanabilirsiniz. Bu konuda daha fazla bilgi i\u00e7in bizimle ileti\u015fime ge\u00e7ebilirsiniz.<\/p>\n\n\t\t<\/div>\n\t<\/div>\n<\/div><\/div><div class=\"vc_tta-panel\" id=\"1734509223418-30c06fba-dfa3\" data-vc-content=\".vc_tta-panel-body\"><div class=\"vc_tta-panel-heading\"><h4 class=\"vc_tta-panel-title vc_tta-controls-icon-position-left\"><a href=\"#1734509223418-30c06fba-dfa3\" data-vc-accordion data-vc-container=\".vc_tta-container\"><span class=\"vc_tta-title-text\">Sipari\u015fimin durumunu nas\u0131l takip edebilirim?<\/span><i class=\"vc_tta-controls-icon vc_tta-controls-icon-plus\"><\/i><\/a><\/h4><\/div><div class=\"vc_tta-panel-body\">\n\t<div class=\"wpb_text_column wpb_content_element\" >\n\t\t<div class=\"wpb_wrapper\">\n\t\t\t<p>Sipari\u015finiz kargoya verildi\u011finde size bir takip numaras\u0131 iletilecektir. Bu numara ile kargo firmas\u0131 \u00fczerinden sipari\u015finizi takip edebilirsiniz.<\/p>\n\n\t\t<\/div>\n\t<\/div>\n<\/div><\/div><\/div><\/div><\/div><\/div><\/div><\/div><\/div><\/div>","protected":false},"excerpt":{"rendered":"Sipari\u015finiz, onayland\u0131ktan sonra, genellikle 3 i\u015f g\u00fcn\u00fc i\u00e7erisinde kargoya verilir. Kahve ekipmanlar\u0131, yiyecekler gibi kategorilerde bu s\u00fcre 15 g\u00fcn\u00fc bulabilir. Sipari\u015finizi resimli bir kimlik ibraz ederek, imza kar\u015f\u0131l\u0131\u011f\u0131 kargo g\u00f6revlisinden teslim alabilirsiniz. Zorunlu durumlarda ise imza yerine sms ile kod talep edebilir ve taraf\u0131n\u0131za iletilen kod ile sipari\u015finizi kargo g\u00f6revlisinden teslim alabilirsiniz. Teslimat adresinde bulunmaman\u0131z durumunda, adreste bulunan bir ba\u015fka \u015fah\u0131s, kimlik ibraz ederek sipari\u015finizi teslim alabilir. Ancak kargo g\u00f6revlisi adres yerinde kimseye ula\u015famad\u0131\u011f\u0131 durumda kargonuz taraf\u0131m\u0131za geri d\u00f6ner. \u0130nternet ma\u011fazam\u0131z \u00fczerinden verece\u011finiz sipari\u015fe&hellip;","protected":false},"author":1,"featured_media":0,"parent":0,"menu_order":0,"comment_status":"closed","ping_status":"closed","template":"page-templates\/no-sidebar.php","meta":{"footnotes":""},"class_list":["post-884","page","type-page","status-publish","hentry"],"_links":{"self":[{"href":"https:\/\/www.samscoffee.co\/en\/wp-json\/wp\/v2\/pages\/884","targetHints":{"allow":["GET"]}}],"collection":[{"href":"https:\/\/www.samscoffee.co\/en\/wp-json\/wp\/v2\/pages"}],"about":[{"href":"https:\/\/www.samscoffee.co\/en\/wp-json\/wp\/v2\/types\/page"}],"author":[{"embeddable":true,"href":"https:\/\/www.samscoffee.co\/en\/wp-json\/wp\/v2\/users\/1"}],"replies":[{"embeddable":true,"href":"https:\/\/www.samscoffee.co\/en\/wp-json\/wp\/v2\/comments?post=884"}],"version-history":[{"count":0,"href":"https:\/\/www.samscoffee.co\/en\/wp-json\/wp\/v2\/pages\/884\/revisions"}],"wp:attachment":[{"href":"https:\/\/www.samscoffee.co\/en\/wp-json\/wp\/v2\/media?parent=884"}],"curies":[{"name":"wp","href":"https:\/\/api.w.org\/{rel}","templated":true}]}}