{"id":888,"date":"2020-12-13T20:53:02","date_gmt":"2020-12-13T20:53:02","guid":{"rendered":"http:\/\/www.samscoffee.co\/?page_id=888"},"modified":"2020-12-13T21:00:08","modified_gmt":"2020-12-13T21:00:08","slug":"odeme-secenekleri","status":"publish","type":"page","link":"https:\/\/www.samscoffee.co\/en\/odeme-secenekleri\/","title":{"rendered":"Payment Options"},"content":{"rendered":"<p>samscoffee.co&#8217;da yararlanabilece\u011finiz iki farkl\u0131 \u00f6deme se\u00e7ene\u011fi bulunmaktad\u0131r.<\/p>\n<ul>\n<li>Kredi Kart\u0131 \/ Banka Kart\u0131<\/li>\n<li>Havale \/ EFT<\/li>\n<\/ul>\n<p>Sams&#8217;in online kahve d\u00fckkan\u0131ndan yapaca\u011f\u0131n\u0131z al\u0131\u015fveri\u015fler i\u00e7in kredi kart\u0131 veya banka kart\u0131 ile \u00f6deme yapabilirsiniz. Anla\u015fmal\u0131 oldu\u011fumuz sanal pos firmas\u0131 Shopier ile kredi ya da banka kartlar\u0131n\u0131 kullanarak taksit avantajlar\u0131ndan faydalanabilir, di\u011fer t\u00fcm kredi\/banka kartlar\u0131 ile tek \u00e7ekimde \u00f6deme yapabilirsiniz. Taksit se\u00e7enekleri ve kampanya bilgileri \u00f6deme sayfas\u0131nda beyan edilmektedir. \u0130nternet ma\u011fazam\u0131zdan sipari\u015f verirken l\u00fctfen kredi kart\u0131\/banka kart\u0131 bilgilerinizi belirtilen alanlara girin.\u00a0<\/p>","protected":false},"excerpt":{"rendered":"<p>samscoffee.co&#8217;da yararlanabilece\u011finiz iki farkl\u0131 \u00f6deme se\u00e7ene\u011fi bulunmaktad\u0131r. Kredi Kart\u0131 \/ Banka Kart\u0131 Havale \/ EFT Sams&#8217;in online kahve d\u00fckkan\u0131ndan yapaca\u011f\u0131n\u0131z al\u0131\u015fveri\u015fler i\u00e7in kredi kart\u0131 veya banka kart\u0131 ile \u00f6deme yapabilirsiniz. Anla\u015fmal\u0131 oldu\u011fumuz sanal pos firmas\u0131 Shopier ile kredi ya da banka kartlar\u0131n\u0131 kullanarak taksit avantajlar\u0131ndan faydalanabilir, di\u011fer t\u00fcm kredi\/banka kartlar\u0131 ile tek \u00e7ekimde \u00f6deme yapabilirsiniz. Taksit se\u00e7enekleri ve kampanya bilgileri \u00f6deme sayfas\u0131nda beyan edilmektedir. \u0130nternet ma\u011fazam\u0131zdan sipari\u015f verirken l\u00fctfen kredi kart\u0131\/banka kart\u0131 bilgilerinizi belirtilen alanlara girin.\u00a0<\/p>","protected":false},"author":1,"featured_media":0,"parent":0,"menu_order":0,"comment_status":"closed","ping_status":"closed","template":"page-templates\/no-sidebar.php","meta":{"footnotes":""},"class_list":["post-888","page","type-page","status-publish","hentry"],"_links":{"self":[{"href":"https:\/\/www.samscoffee.co\/en\/wp-json\/wp\/v2\/pages\/888","targetHints":{"allow":["GET"]}}],"collection":[{"href":"https:\/\/www.samscoffee.co\/en\/wp-json\/wp\/v2\/pages"}],"about":[{"href":"https:\/\/www.samscoffee.co\/en\/wp-json\/wp\/v2\/types\/page"}],"author":[{"embeddable":true,"href":"https:\/\/www.samscoffee.co\/en\/wp-json\/wp\/v2\/users\/1"}],"replies":[{"embeddable":true,"href":"https:\/\/www.samscoffee.co\/en\/wp-json\/wp\/v2\/comments?post=888"}],"version-history":[{"count":0,"href":"https:\/\/www.samscoffee.co\/en\/wp-json\/wp\/v2\/pages\/888\/revisions"}],"wp:attachment":[{"href":"https:\/\/www.samscoffee.co\/en\/wp-json\/wp\/v2\/media?parent=888"}],"curies":[{"name":"wp","href":"https:\/\/api.w.org\/{rel}","templated":true}]}}