{"id":1005,"date":"2020-12-20T18:40:10","date_gmt":"2020-12-20T18:40:10","guid":{"rendered":"https:\/\/www.samscoffee.co\/?post_type=product&#038;p=1005"},"modified":"2025-09-29T13:30:25","modified_gmt":"2025-09-29T13:30:25","slug":"kolombiya-cekirdek-kahve-500g","status":"publish","type":"product","link":"https:\/\/www.samscoffee.co\/en\/product\/kolombiya-cekirdek-kahve-500g\/","title":{"rendered":"Colombia Bean Coffee 500g"},"content":{"rendered":"<p>Kolombiya\u2019da kahve genellikle k\u00fc\u00e7\u00fck \u00e7iftliklerde \u00fcretilir ve %100\u2019\u00fc Arabica\u2019d\u0131r. Kolombiya, \u00fcretim standartlar\u0131na verdi\u011fi yo\u011fun eme\u011fin kar\u015f\u0131l\u0131\u011f\u0131n\u0131 d\u00fcnyan\u0131n en b\u00fcy\u00fck kahve \u00fcreticisi olarak al\u0131yor.<\/p>","protected":false},"excerpt":{"rendered":"<p>Kolombiya&#8217;n\u0131n kendine \u00f6zel bitkisel ve ceviz tad\u0131n\u0131 and\u0131ran aromas\u0131yla 100, 200 ve 500g&#8217;l\u0131k paketlerle kahve severlerle bulu\u015fuyor&#8230;<\/p>","protected":false},"featured_media":971,"comment_status":"open","ping_status":"closed","template":"","meta":[],"product_brand":[],"product_cat":[58,134],"product_tag":[60,61,59,163,162,164],"class_list":{"0":"post-1005","1":"product","2":"type-product","3":"status-publish","4":"has-post-thumbnail","6":"product_cat-kahveler","7":"product_cat-medium-roast","8":"product_tag-cekirdek-kahve","9":"product_tag-cekirdek-kahveler","10":"product_tag-colombia-narino","11":"product_tag-kolombiya-cekirdek-kahve","12":"product_tag-kolombiya-filtre-kahve","13":"product_tag-kolombiya-kahve","15":"first","16":"instock","17":"shipping-taxable","18":"purchasable","19":"product-type-variable"},"_links":{"self":[{"href":"https:\/\/www.samscoffee.co\/en\/wp-json\/wp\/v2\/product\/1005","targetHints":{"allow":["GET"]}}],"collection":[{"href":"https:\/\/www.samscoffee.co\/en\/wp-json\/wp\/v2\/product"}],"about":[{"href":"https:\/\/www.samscoffee.co\/en\/wp-json\/wp\/v2\/types\/product"}],"replies":[{"embeddable":true,"href":"https:\/\/www.samscoffee.co\/en\/wp-json\/wp\/v2\/comments?post=1005"}],"wp:featuredmedia":[{"embeddable":true,"href":"https:\/\/www.samscoffee.co\/en\/wp-json\/wp\/v2\/media\/971"}],"wp:attachment":[{"href":"https:\/\/www.samscoffee.co\/en\/wp-json\/wp\/v2\/media?parent=1005"}],"wp:term":[{"taxonomy":"product_brand","embeddable":true,"href":"https:\/\/www.samscoffee.co\/en\/wp-json\/wp\/v2\/product_brand?post=1005"},{"taxonomy":"product_cat","embeddable":true,"href":"https:\/\/www.samscoffee.co\/en\/wp-json\/wp\/v2\/product_cat?post=1005"},{"taxonomy":"product_tag","embeddable":true,"href":"https:\/\/www.samscoffee.co\/en\/wp-json\/wp\/v2\/product_tag?post=1005"}],"curies":[{"name":"wp","href":"https:\/\/api.w.org\/{rel}","templated":true}]}}