{"id":1052,"date":"2020-12-28T15:36:01","date_gmt":"2020-12-28T15:36:01","guid":{"rendered":"https:\/\/www.samscoffee.co\/?post_type=product&#038;p=1052"},"modified":"2025-10-21T08:27:10","modified_gmt":"2025-10-21T08:27:10","slug":"seramik-kahve-ogutucu","status":"publish","type":"product","link":"https:\/\/www.samscoffee.co\/en\/product\/seramik-kahve-ogutucu\/","title":{"rendered":"Ceramic Coffee Grinder"},"content":{"rendered":"<p>Seramik \u015f\u0131k tasar\u0131ma sahip manuel kahve \u00f6\u011f\u00fctme de\u011firmeni ile \u00e7ekirdek kahvelerinizi istedi\u011finiz ayarda taze olarak \u00f6\u011f\u00fctebilirsiniz.<\/p>\n<p><strong>\u00d6zellikler:<\/strong><\/p>\n<ul>\n<li>Ta\u015f\u0131nabilir<\/li>\n<li>Manuel el de\u011firmeni<\/li>\n<li>Ayarlanabilir \u00f6\u011f\u00fctme derecesi<\/li>\n<li>Seramik<\/li>\n<li>\u015e\u0131k tasar\u0131m<\/li>\n<li>Metal kokusu ve paslanma olmaz<\/li>\n<li>Kolay temizlenebilir<\/li>\n<\/ul>","protected":false},"excerpt":{"rendered":"<p>Ayarlanabilir \u00f6\u011f\u00fctme dereceli seramik kahve de\u011firmeni en iyi fiyatlarla Sams Coffee&#8217;de!<\/p>","protected":false},"featured_media":1055,"comment_status":"open","ping_status":"closed","template":"","meta":[],"product_brand":[],"product_cat":[47,141],"product_tag":[221,219,218,217,215,220,216,214,281],"class_list":{"0":"post-1052","1":"product","2":"type-product","3":"status-publish","4":"has-post-thumbnail","6":"product_cat-ekipmanlar","7":"product_cat-kahve-degirmenleri","8":"product_tag-baharat-ogutucu","9":"product_tag-filtre-kahve-ogutucu","10":"product_tag-kahve-cekirdegi-ogutucu","11":"product_tag-kahve-cekme-makinesi","12":"product_tag-kahve-degirmeni","13":"product_tag-kahve-ogutme","14":"product_tag-kahve-ogutme-makinesi","15":"product_tag-kahve-ogutucu","16":"product_tag-seramik-kahve-ogutucu","18":"first","19":"outofstock","20":"sale","21":"shipping-taxable","22":"purchasable","23":"product-type-simple"},"_links":{"self":[{"href":"https:\/\/www.samscoffee.co\/en\/wp-json\/wp\/v2\/product\/1052","targetHints":{"allow":["GET"]}}],"collection":[{"href":"https:\/\/www.samscoffee.co\/en\/wp-json\/wp\/v2\/product"}],"about":[{"href":"https:\/\/www.samscoffee.co\/en\/wp-json\/wp\/v2\/types\/product"}],"replies":[{"embeddable":true,"href":"https:\/\/www.samscoffee.co\/en\/wp-json\/wp\/v2\/comments?post=1052"}],"wp:featuredmedia":[{"embeddable":true,"href":"https:\/\/www.samscoffee.co\/en\/wp-json\/wp\/v2\/media\/1055"}],"wp:attachment":[{"href":"https:\/\/www.samscoffee.co\/en\/wp-json\/wp\/v2\/media?parent=1052"}],"wp:term":[{"taxonomy":"product_brand","embeddable":true,"href":"https:\/\/www.samscoffee.co\/en\/wp-json\/wp\/v2\/product_brand?post=1052"},{"taxonomy":"product_cat","embeddable":true,"href":"https:\/\/www.samscoffee.co\/en\/wp-json\/wp\/v2\/product_cat?post=1052"},{"taxonomy":"product_tag","embeddable":true,"href":"https:\/\/www.samscoffee.co\/en\/wp-json\/wp\/v2\/product_tag?post=1052"}],"curies":[{"name":"wp","href":"https:\/\/api.w.org\/{rel}","templated":true}]}}