{"id":1057,"date":"2020-12-28T18:42:15","date_gmt":"2020-12-28T18:42:15","guid":{"rendered":"https:\/\/www.samscoffee.co\/?post_type=product&#038;p=1057"},"modified":"2025-06-03T02:21:39","modified_gmt":"2025-06-03T02:21:39","slug":"v60-kahve-demleme-ekipmani","status":"publish","type":"product","link":"https:\/\/www.samscoffee.co\/en\/product\/v60-kahve-demleme-ekipmani\/","title":{"rendered":"V60 Coffee Brewing Equipment"},"content":{"rendered":"<p>V60 seramik kahve demleme ekipman\u0131 ile evinizde harika filtre kahveyi kendiniz yap\u0131n!<\/p>\n<p><strong>V60 ile kahve nas\u0131l demlenir?<\/strong><br \/>\nV60 ile kahve demlemek olduk\u00e7a kolayd\u0131r. Alman Melitta Bentz taraf\u0131ndan ke\u015ffedilen bu demleme y\u00f6ntemi bug\u00fcn 3. nesil kahve d\u00fckkanlar\u0131nda en \u00e7ok kullan\u0131lan demleme y\u00f6ntemlerinden birisi.<\/p>\n<ol>\n<li>Kahve oran\u0131n\u0131 ve suyu belirleyin<\/li>\n<li>Kahvenizi \u00f6\u011f\u00fct\u00fcn (Kahve \u00e7ekirdeklerini ince ayarda \u00f6\u011f\u00fct\u00fcn)<\/li>\n<li>S\u0131cak suyu d\u00f6kmeye ba\u015flay\u0131n<\/li>\n<\/ol>\n<p><strong>\u00d6zellikler:<\/strong><\/p>\n<ul>\n<li>Pratik kullan\u0131m<\/li>\n<li>\u015e\u0131k tasar\u0131m<\/li>\n<li>Ta\u015f\u0131n\u0131labilir<\/li>\n<li>Kolay temizlenebilir<\/li>\n<\/ul>\n<p>&nbsp;<\/p>","protected":false},"excerpt":{"rendered":"<p>V60 kahve demleme kiti ile evinizde harika filtre kahveler demleyin.<\/p>","protected":false},"featured_media":1180,"comment_status":"open","ping_status":"closed","template":"","meta":[],"product_brand":[],"product_cat":[47,145,139],"product_tag":[224,229,228,150,223,225,222,226,227],"class_list":{"0":"post-1057","1":"product","2":"type-product","3":"status-publish","4":"has-post-thumbnail","6":"product_cat-ekipmanlar","7":"product_cat-kahve-demleyici","8":"product_cat-v60","9":"product_tag-kahve-demleme-seti","10":"product_tag-nasil-demlenir","11":"product_tag-pour-over","12":"product_tag-v60","13":"product_tag-v60-demleme","14":"product_tag-v60-demleme-seti","15":"product_tag-v60-kahve-demleme","16":"product_tag-v60-kahve-seti","17":"product_tag-v60-seramik","19":"first","20":"outofstock","21":"sale","22":"shipping-taxable","23":"purchasable","24":"product-type-simple"},"_links":{"self":[{"href":"https:\/\/www.samscoffee.co\/en\/wp-json\/wp\/v2\/product\/1057","targetHints":{"allow":["GET"]}}],"collection":[{"href":"https:\/\/www.samscoffee.co\/en\/wp-json\/wp\/v2\/product"}],"about":[{"href":"https:\/\/www.samscoffee.co\/en\/wp-json\/wp\/v2\/types\/product"}],"replies":[{"embeddable":true,"href":"https:\/\/www.samscoffee.co\/en\/wp-json\/wp\/v2\/comments?post=1057"}],"wp:featuredmedia":[{"embeddable":true,"href":"https:\/\/www.samscoffee.co\/en\/wp-json\/wp\/v2\/media\/1180"}],"wp:attachment":[{"href":"https:\/\/www.samscoffee.co\/en\/wp-json\/wp\/v2\/media?parent=1057"}],"wp:term":[{"taxonomy":"product_brand","embeddable":true,"href":"https:\/\/www.samscoffee.co\/en\/wp-json\/wp\/v2\/product_brand?post=1057"},{"taxonomy":"product_cat","embeddable":true,"href":"https:\/\/www.samscoffee.co\/en\/wp-json\/wp\/v2\/product_cat?post=1057"},{"taxonomy":"product_tag","embeddable":true,"href":"https:\/\/www.samscoffee.co\/en\/wp-json\/wp\/v2\/product_tag?post=1057"}],"curies":[{"name":"wp","href":"https:\/\/api.w.org\/{rel}","templated":true}]}}