{"id":1135,"date":"2021-01-05T12:01:06","date_gmt":"2021-01-05T12:01:06","guid":{"rendered":"https:\/\/www.samscoffee.co\/?post_type=product&#038;p=1135"},"modified":"2021-01-29T21:58:10","modified_gmt":"2021-01-29T21:58:10","slug":"nostalji-bluetooth-muzik-calar","status":"publish","type":"product","link":"https:\/\/www.samscoffee.co\/en\/product\/nostalji-bluetooth-muzik-calar\/","title":{"rendered":"Nostalji Bluetooth M\u00fczik \u00c7alar"},"content":{"rendered":"<p>Minimalist ve \u015f\u0131k tasar\u0131ma sahip retro \/ nostalji gramofon g\u00f6r\u00fcn\u00fcml\u00fc bluetooth hoparl\u00f6r ile m\u00fczik keyfinizi ta\u00e7land\u0131r\u0131n. Ayr\u0131ca sevdiklerinize hediye edebilece\u011finiz \u00f6zel bir \u00fcr\u00fcnd\u00fcr. Bluetooth, FM Radyo, AUX, USB, SD ve Mikro SD kart \u00f6zelli\u011fiyle Sams&#8217;in online kahve d\u00fckkan\u0131nda en \u00e7ok sat\u0131lan aksesuarlar aras\u0131nda.<\/p>\n<p><em>Not: \u00dcr\u00fcn\u00fcm\u00fcz ah\u015fap g\u00f6r\u00fcn\u00fcme sahip, plastik malzemeden \u00fcretilmi\u015ftir.<\/em><\/p>","protected":false},"excerpt":{"rendered":"<p>Kahve keyfinizi m\u00fczikle renklendirin! Retro tasar\u0131ma sahip minimalist bluetooth hoparl\u00f6r Sams&#8217;in online d\u00fckkan\u0131nda sizleri bekliyor.<\/p>\n<p>[contact-form-7 id=&#8221;676&#8243; title=&#8221;ghv&#8221;]<\/p>","protected":false},"featured_media":1137,"comment_status":"open","ping_status":"closed","template":"","meta":[],"product_brand":[],"product_cat":[246],"product_tag":[247,254,253,252,251],"class_list":{"0":"post-1135","1":"product","2":"type-product","3":"status-publish","4":"has-post-thumbnail","6":"product_cat-aksesuarlar","7":"product_tag-bluetooth-hoparlor","8":"product_tag-kahve","9":"product_tag-muzik","10":"product_tag-retro-tasarim","11":"product_tag-retro-urunler","13":"first","14":"outofstock","15":"shipping-taxable","16":"purchasable","17":"product-type-simple"},"_links":{"self":[{"href":"https:\/\/www.samscoffee.co\/en\/wp-json\/wp\/v2\/product\/1135","targetHints":{"allow":["GET"]}}],"collection":[{"href":"https:\/\/www.samscoffee.co\/en\/wp-json\/wp\/v2\/product"}],"about":[{"href":"https:\/\/www.samscoffee.co\/en\/wp-json\/wp\/v2\/types\/product"}],"replies":[{"embeddable":true,"href":"https:\/\/www.samscoffee.co\/en\/wp-json\/wp\/v2\/comments?post=1135"}],"wp:featuredmedia":[{"embeddable":true,"href":"https:\/\/www.samscoffee.co\/en\/wp-json\/wp\/v2\/media\/1137"}],"wp:attachment":[{"href":"https:\/\/www.samscoffee.co\/en\/wp-json\/wp\/v2\/media?parent=1135"}],"wp:term":[{"taxonomy":"product_brand","embeddable":true,"href":"https:\/\/www.samscoffee.co\/en\/wp-json\/wp\/v2\/product_brand?post=1135"},{"taxonomy":"product_cat","embeddable":true,"href":"https:\/\/www.samscoffee.co\/en\/wp-json\/wp\/v2\/product_cat?post=1135"},{"taxonomy":"product_tag","embeddable":true,"href":"https:\/\/www.samscoffee.co\/en\/wp-json\/wp\/v2\/product_tag?post=1135"}],"curies":[{"name":"wp","href":"https:\/\/api.w.org\/{rel}","templated":true}]}}