{"id":1220,"date":"2021-01-11T19:24:36","date_gmt":"2021-01-11T19:24:36","guid":{"rendered":"https:\/\/www.samscoffee.co\/?post_type=product&#038;p=1220"},"modified":"2025-11-02T09:16:43","modified_gmt":"2025-11-02T09:16:43","slug":"chemex-3-cup","status":"publish","type":"product","link":"https:\/\/www.samscoffee.co\/en\/product\/chemex-3-cup\/","title":{"rendered":"Chemex 3 Cup"},"content":{"rendered":"<p>Bilimsel olarak tasarlanm\u0131\u015f, patentli Chemex\u00ae Bonded Filters ile birlikte kullan\u0131lan Three Cup Classic Serisi, d\u00f6kme demleme i\u015flemimizin, herhangi bir tortu veya ac\u0131 eleman olmadan m\u00fckemmel bir fincan kahve sunaca\u011f\u0131n\u0131 garanti eder.<\/p>\n<p>Kokular\u0131 veya kimyasal kal\u0131nt\u0131lar\u0131 absorbe etmeyen g\u00f6zeneksiz borosilikat cam\u0131ndan yap\u0131lm\u0131\u015ft\u0131r.<\/p>","protected":false},"excerpt":{"rendered":"<p>Kokular\u0131 veya kimyasal kal\u0131nt\u0131lar\u0131 absorbe etmeyen g\u00f6zeneksiz borosilikat camdan \u00fcretilmi\u015f, ah\u015fap tutacakl\u0131 Chemex 3 Cup Sams Coffee&#8217;de!<\/p>","protected":false},"featured_media":1221,"comment_status":"open","ping_status":"closed","template":"","meta":[],"product_brand":[],"product_cat":[47,143,145],"product_tag":[269,228],"class_list":{"0":"post-1220","1":"product","2":"type-product","3":"status-publish","4":"has-post-thumbnail","6":"product_cat-ekipmanlar","7":"product_cat-chemex-pour-over","8":"product_cat-kahve-demleyici","9":"product_tag-chemex","10":"product_tag-pour-over","12":"first","13":"outofstock","14":"shipping-taxable","15":"purchasable","16":"product-type-simple"},"_links":{"self":[{"href":"https:\/\/www.samscoffee.co\/en\/wp-json\/wp\/v2\/product\/1220","targetHints":{"allow":["GET"]}}],"collection":[{"href":"https:\/\/www.samscoffee.co\/en\/wp-json\/wp\/v2\/product"}],"about":[{"href":"https:\/\/www.samscoffee.co\/en\/wp-json\/wp\/v2\/types\/product"}],"replies":[{"embeddable":true,"href":"https:\/\/www.samscoffee.co\/en\/wp-json\/wp\/v2\/comments?post=1220"}],"wp:featuredmedia":[{"embeddable":true,"href":"https:\/\/www.samscoffee.co\/en\/wp-json\/wp\/v2\/media\/1221"}],"wp:attachment":[{"href":"https:\/\/www.samscoffee.co\/en\/wp-json\/wp\/v2\/media?parent=1220"}],"wp:term":[{"taxonomy":"product_brand","embeddable":true,"href":"https:\/\/www.samscoffee.co\/en\/wp-json\/wp\/v2\/product_brand?post=1220"},{"taxonomy":"product_cat","embeddable":true,"href":"https:\/\/www.samscoffee.co\/en\/wp-json\/wp\/v2\/product_cat?post=1220"},{"taxonomy":"product_tag","embeddable":true,"href":"https:\/\/www.samscoffee.co\/en\/wp-json\/wp\/v2\/product_tag?post=1220"}],"curies":[{"name":"wp","href":"https:\/\/api.w.org\/{rel}","templated":true}]}}