{"id":1226,"date":"2021-01-11T19:56:03","date_gmt":"2021-01-11T19:56:03","guid":{"rendered":"https:\/\/www.samscoffee.co\/?post_type=product&#038;p=1226"},"modified":"2021-11-17T15:30:24","modified_gmt":"2021-11-17T15:30:24","slug":"delonghi-kg79-kahve-ogutucu","status":"publish","type":"product","link":"https:\/\/www.samscoffee.co\/en\/product\/delonghi-kg79-kahve-ogutucu\/","title":{"rendered":"Delonghi KG79 Kahve \u00d6\u011f\u00fct\u00fcc\u00fc"},"content":{"rendered":"<p>\u00c7ekirdek Kapasitesi: 120 gram<br \/>\n\u00dcr\u00fcn Boyutu: 16x13x26cm<br \/>\nKilo: 1.5 kg<br \/>\nKapasite: 12 Fincan<br \/>\nVolt: 12<br \/>\nG\u00fc\u00e7\/Watt: 110<br \/>\nMalzeme: Plastik<br \/>\nMen\u015fe: \u00c7in<\/p>","protected":false},"excerpt":{"rendered":"<p>Profesyonel tip Delonghi KG79 kahve \u00f6\u011f\u00fct\u00fcc\u00fc ile \u00e7ekirdek kahvelerinizi 12 farkl\u0131 \u00f6\u011f\u00fctme derecesinde \u00f6\u011f\u00fct\u00fcn.<\/p>","protected":false},"featured_media":1524,"comment_status":"open","ping_status":"closed","template":"","meta":[],"product_brand":[],"product_cat":[47,141],"product_tag":[101,272,270,273,274,271],"class_list":{"0":"post-1226","1":"product","2":"type-product","3":"status-publish","4":"has-post-thumbnail","6":"product_cat-ekipmanlar","7":"product_cat-kahve-degirmenleri","8":"product_tag-delonghi","9":"product_tag-delonghi-kg79-kahve-ogutucu","10":"product_tag-delongi-kg79","11":"product_tag-kahve-ogutucu-makineler","12":"product_tag-kahve-ogutuculeri","13":"product_tag-kg79-kahve-ogutucu","15":"first","16":"outofstock","17":"shipping-taxable","18":"purchasable","19":"product-type-simple"},"_links":{"self":[{"href":"https:\/\/www.samscoffee.co\/en\/wp-json\/wp\/v2\/product\/1226","targetHints":{"allow":["GET"]}}],"collection":[{"href":"https:\/\/www.samscoffee.co\/en\/wp-json\/wp\/v2\/product"}],"about":[{"href":"https:\/\/www.samscoffee.co\/en\/wp-json\/wp\/v2\/types\/product"}],"replies":[{"embeddable":true,"href":"https:\/\/www.samscoffee.co\/en\/wp-json\/wp\/v2\/comments?post=1226"}],"wp:featuredmedia":[{"embeddable":true,"href":"https:\/\/www.samscoffee.co\/en\/wp-json\/wp\/v2\/media\/1524"}],"wp:attachment":[{"href":"https:\/\/www.samscoffee.co\/en\/wp-json\/wp\/v2\/media?parent=1226"}],"wp:term":[{"taxonomy":"product_brand","embeddable":true,"href":"https:\/\/www.samscoffee.co\/en\/wp-json\/wp\/v2\/product_brand?post=1226"},{"taxonomy":"product_cat","embeddable":true,"href":"https:\/\/www.samscoffee.co\/en\/wp-json\/wp\/v2\/product_cat?post=1226"},{"taxonomy":"product_tag","embeddable":true,"href":"https:\/\/www.samscoffee.co\/en\/wp-json\/wp\/v2\/product_tag?post=1226"}],"curies":[{"name":"wp","href":"https:\/\/api.w.org\/{rel}","templated":true}]}}