{"id":1235,"date":"2021-07-14T13:18:51","date_gmt":"2021-07-14T13:18:51","guid":{"rendered":"https:\/\/www.samscoffee.co\/?post_type=product&#038;p=1235"},"modified":"2021-11-17T15:21:55","modified_gmt":"2021-11-17T15:21:55","slug":"drip-kettle-1200-ml","status":"publish","type":"product","link":"https:\/\/www.samscoffee.co\/en\/product\/drip-kettle-1200-ml\/","title":{"rendered":"Drip Kettle 1200 ml"},"content":{"rendered":"<p>Paslanmaz \u00e7elikten \u00fcretilmi\u015f 1200 ml kapasiteli \u00f6zel tasarlanan ak\u0131\u015f ucu ile rahat su ak\u0131\u015f\u0131 kontrol\u00fc sa\u011flayan barista drip kettle Sams&#8217;in online kahve d\u00fckkan\u0131nda!<\/p>","protected":false},"excerpt":{"rendered":"<p>Paslanmaz \u00e7elikten \u00fcretilmi\u015f 1200 ml kapasiteli \u00f6zel tasarlanan ak\u0131\u015f ucu ile rahat su ak\u0131\u015f\u0131 kontrol\u00fc sa\u011flayan barista drip kettle Sams&#8217;in online kahve d\u00fckkan\u0131nda!<\/p>","protected":false},"featured_media":1234,"comment_status":"open","ping_status":"closed","template":"","meta":[],"product_brand":[],"product_cat":[47,145],"product_tag":[279,267,278,277,152],"class_list":{"0":"post-1235","1":"product","2":"type-product","3":"status-publish","4":"has-post-thumbnail","6":"product_cat-ekipmanlar","7":"product_cat-kahve-demleyici","8":"product_tag-barista-drip-kettle","9":"product_tag-drip-kettle","10":"product_tag-drip-kettle-1200-ml","11":"product_tag-ibrik","12":"product_tag-kahve-demleme","14":"first","15":"outofstock","16":"shipping-taxable","17":"purchasable","18":"product-type-simple"},"_links":{"self":[{"href":"https:\/\/www.samscoffee.co\/en\/wp-json\/wp\/v2\/product\/1235","targetHints":{"allow":["GET"]}}],"collection":[{"href":"https:\/\/www.samscoffee.co\/en\/wp-json\/wp\/v2\/product"}],"about":[{"href":"https:\/\/www.samscoffee.co\/en\/wp-json\/wp\/v2\/types\/product"}],"replies":[{"embeddable":true,"href":"https:\/\/www.samscoffee.co\/en\/wp-json\/wp\/v2\/comments?post=1235"}],"wp:featuredmedia":[{"embeddable":true,"href":"https:\/\/www.samscoffee.co\/en\/wp-json\/wp\/v2\/media\/1234"}],"wp:attachment":[{"href":"https:\/\/www.samscoffee.co\/en\/wp-json\/wp\/v2\/media?parent=1235"}],"wp:term":[{"taxonomy":"product_brand","embeddable":true,"href":"https:\/\/www.samscoffee.co\/en\/wp-json\/wp\/v2\/product_brand?post=1235"},{"taxonomy":"product_cat","embeddable":true,"href":"https:\/\/www.samscoffee.co\/en\/wp-json\/wp\/v2\/product_cat?post=1235"},{"taxonomy":"product_tag","embeddable":true,"href":"https:\/\/www.samscoffee.co\/en\/wp-json\/wp\/v2\/product_tag?post=1235"}],"curies":[{"name":"wp","href":"https:\/\/api.w.org\/{rel}","templated":true}]}}