{"id":1241,"date":"2021-01-14T16:07:31","date_gmt":"2021-01-14T16:07:31","guid":{"rendered":"https:\/\/www.samscoffee.co\/?post_type=product&#038;p=1241"},"modified":"2021-11-17T15:28:49","modified_gmt":"2021-11-17T15:28:49","slug":"celik-termos-600-ml-siyah","status":"publish","type":"product","link":"https:\/\/www.samscoffee.co\/en\/product\/celik-termos-600-ml-siyah\/","title":{"rendered":"\u00c7elik Termos 600 ml Siyah"},"content":{"rendered":"<p>\u0130\u00e7eceklerinizin uzun s\u00fcre s\u0131cak veya so\u011fuk kalmas\u0131n\u0131 sa\u011flayan paslanmaz \u00e7elikten \u00fcretilmi\u015f 600 ml hacme sahip \u00e7elik termos Sams&#8217;de!<\/p>","protected":false},"excerpt":{"rendered":"<p>\u0130\u00e7eceklerinizin uzun s\u00fcre s\u0131cak veya so\u011fuk kalmas\u0131n\u0131 sa\u011flayan paslanmaz \u00e7elikten \u00fcretilmi\u015f 600 ml hacme sahip \u00e7elik termos Sams&#8217;de!<\/p>","protected":false},"featured_media":1240,"comment_status":"open","ping_status":"closed","template":"","meta":[],"product_brand":[],"product_cat":[47,144],"product_tag":[280],"class_list":{"0":"post-1241","1":"product","2":"type-product","3":"status-publish","4":"has-post-thumbnail","6":"product_cat-ekipmanlar","7":"product_cat-termos","8":"product_tag-celik-termos","10":"first","11":"outofstock","12":"shipping-taxable","13":"purchasable","14":"product-type-simple"},"_links":{"self":[{"href":"https:\/\/www.samscoffee.co\/en\/wp-json\/wp\/v2\/product\/1241","targetHints":{"allow":["GET"]}}],"collection":[{"href":"https:\/\/www.samscoffee.co\/en\/wp-json\/wp\/v2\/product"}],"about":[{"href":"https:\/\/www.samscoffee.co\/en\/wp-json\/wp\/v2\/types\/product"}],"replies":[{"embeddable":true,"href":"https:\/\/www.samscoffee.co\/en\/wp-json\/wp\/v2\/comments?post=1241"}],"wp:featuredmedia":[{"embeddable":true,"href":"https:\/\/www.samscoffee.co\/en\/wp-json\/wp\/v2\/media\/1240"}],"wp:attachment":[{"href":"https:\/\/www.samscoffee.co\/en\/wp-json\/wp\/v2\/media?parent=1241"}],"wp:term":[{"taxonomy":"product_brand","embeddable":true,"href":"https:\/\/www.samscoffee.co\/en\/wp-json\/wp\/v2\/product_brand?post=1241"},{"taxonomy":"product_cat","embeddable":true,"href":"https:\/\/www.samscoffee.co\/en\/wp-json\/wp\/v2\/product_cat?post=1241"},{"taxonomy":"product_tag","embeddable":true,"href":"https:\/\/www.samscoffee.co\/en\/wp-json\/wp\/v2\/product_tag?post=1241"}],"curies":[{"name":"wp","href":"https:\/\/api.w.org\/{rel}","templated":true}]}}