{"id":1257,"date":"2021-01-20T19:41:29","date_gmt":"2021-01-20T19:41:29","guid":{"rendered":"https:\/\/www.samscoffee.co\/?post_type=product&#038;p=1257"},"modified":"2021-11-17T15:29:16","modified_gmt":"2021-11-17T15:29:16","slug":"kahve-demleme-surahisi","status":"publish","type":"product","link":"https:\/\/www.samscoffee.co\/en\/product\/kahve-demleme-surahisi\/","title":{"rendered":"Kahve Demleme S\u00fcrahisi"},"content":{"rendered":"","protected":false},"excerpt":{"rendered":"<p>Kahve servisi ve demleme ekipmanlar\u0131yla da uyumlu kahve s\u00fcrahisi 600 ml kapasiteye sahip borosilikat camdan \u00fcretilmi\u015ftir. <\/p>","protected":false},"featured_media":1258,"comment_status":"open","ping_status":"closed","template":"","meta":[],"product_brand":[],"product_cat":[47,145],"product_tag":[282],"class_list":{"0":"post-1257","1":"product","2":"type-product","3":"status-publish","4":"has-post-thumbnail","6":"product_cat-ekipmanlar","7":"product_cat-kahve-demleyici","8":"product_tag-kahve-surahisi","10":"first","11":"outofstock","12":"shipping-taxable","13":"purchasable","14":"product-type-simple"},"_links":{"self":[{"href":"https:\/\/www.samscoffee.co\/en\/wp-json\/wp\/v2\/product\/1257","targetHints":{"allow":["GET"]}}],"collection":[{"href":"https:\/\/www.samscoffee.co\/en\/wp-json\/wp\/v2\/product"}],"about":[{"href":"https:\/\/www.samscoffee.co\/en\/wp-json\/wp\/v2\/types\/product"}],"replies":[{"embeddable":true,"href":"https:\/\/www.samscoffee.co\/en\/wp-json\/wp\/v2\/comments?post=1257"}],"wp:featuredmedia":[{"embeddable":true,"href":"https:\/\/www.samscoffee.co\/en\/wp-json\/wp\/v2\/media\/1258"}],"wp:attachment":[{"href":"https:\/\/www.samscoffee.co\/en\/wp-json\/wp\/v2\/media?parent=1257"}],"wp:term":[{"taxonomy":"product_brand","embeddable":true,"href":"https:\/\/www.samscoffee.co\/en\/wp-json\/wp\/v2\/product_brand?post=1257"},{"taxonomy":"product_cat","embeddable":true,"href":"https:\/\/www.samscoffee.co\/en\/wp-json\/wp\/v2\/product_cat?post=1257"},{"taxonomy":"product_tag","embeddable":true,"href":"https:\/\/www.samscoffee.co\/en\/wp-json\/wp\/v2\/product_tag?post=1257"}],"curies":[{"name":"wp","href":"https:\/\/api.w.org\/{rel}","templated":true}]}}