{"id":1324,"date":"2021-01-24T13:43:19","date_gmt":"2021-01-24T13:43:19","guid":{"rendered":"https:\/\/www.samscoffee.co\/?post_type=product&#038;p=1324"},"modified":"2021-11-17T15:28:22","modified_gmt":"2021-11-17T15:28:22","slug":"dijital-hassas-terazi","status":"publish","type":"product","link":"https:\/\/www.samscoffee.co\/en\/product\/dijital-hassas-terazi\/","title":{"rendered":"Dijital Hassas Terazi"},"content":{"rendered":"<p>Kahvenin lezzetini do\u011fru alabilmek i\u00e7in \u00f6l\u00e7\u00fcler \u00e7ok \u00f6nemlidir. 2 adet AAA pil ile \u00e7al\u0131\u015fan mutfakta yard\u0131mc\u0131n\u0131z olacak \u00e7ok fonksiyonlu ev tipi elektronik hassas terazi ile do\u011fru \u00f6l\u00e7\u00fcmler elde edin.<\/p>","protected":false},"excerpt":{"rendered":"<p>Ev tipi \u00e7ok fonksiyonlu dijital terazi ile hassas \u00f6l\u00e7\u00fcmler sayesinde harika kahveler demleyin.<\/p>","protected":false},"featured_media":1325,"comment_status":"open","ping_status":"closed","template":"","meta":[],"product_brand":[],"product_cat":[47],"product_tag":[294,293,292,291,290,289],"class_list":{"0":"post-1324","1":"product","2":"type-product","3":"status-publish","4":"has-post-thumbnail","6":"product_cat-ekipmanlar","7":"product_tag-dijital-hassas-tarti","8":"product_tag-dijital-hassas-terazi","9":"product_tag-hassas-tarti","10":"product_tag-hassas-terazi","11":"product_tag-tarti","12":"product_tag-terazi","14":"first","15":"outofstock","16":"shipping-taxable","17":"purchasable","18":"product-type-simple"},"_links":{"self":[{"href":"https:\/\/www.samscoffee.co\/en\/wp-json\/wp\/v2\/product\/1324","targetHints":{"allow":["GET"]}}],"collection":[{"href":"https:\/\/www.samscoffee.co\/en\/wp-json\/wp\/v2\/product"}],"about":[{"href":"https:\/\/www.samscoffee.co\/en\/wp-json\/wp\/v2\/types\/product"}],"replies":[{"embeddable":true,"href":"https:\/\/www.samscoffee.co\/en\/wp-json\/wp\/v2\/comments?post=1324"}],"wp:featuredmedia":[{"embeddable":true,"href":"https:\/\/www.samscoffee.co\/en\/wp-json\/wp\/v2\/media\/1325"}],"wp:attachment":[{"href":"https:\/\/www.samscoffee.co\/en\/wp-json\/wp\/v2\/media?parent=1324"}],"wp:term":[{"taxonomy":"product_brand","embeddable":true,"href":"https:\/\/www.samscoffee.co\/en\/wp-json\/wp\/v2\/product_brand?post=1324"},{"taxonomy":"product_cat","embeddable":true,"href":"https:\/\/www.samscoffee.co\/en\/wp-json\/wp\/v2\/product_cat?post=1324"},{"taxonomy":"product_tag","embeddable":true,"href":"https:\/\/www.samscoffee.co\/en\/wp-json\/wp\/v2\/product_tag?post=1324"}],"curies":[{"name":"wp","href":"https:\/\/api.w.org\/{rel}","templated":true}]}}