{"id":1348,"date":"2021-01-29T17:30:10","date_gmt":"2021-01-29T17:30:10","guid":{"rendered":"https:\/\/www.samscoffee.co\/?post_type=product&#038;p=1348"},"modified":"2023-12-06T12:22:50","modified_gmt":"2023-12-06T12:22:50","slug":"bosch-turk-kahvesi-makinesi","status":"publish","type":"product","link":"https:\/\/www.samscoffee.co\/en\/product\/bosch-turk-kahvesi-makinesi\/","title":{"rendered":"Bosch T\u00fcrk Kahvesi Makinesi"},"content":{"rendered":"<p><strong>\u00dcr\u00fcn Bilgileri:<\/strong><br \/>\n<strong>Dokunmatik kontrol paneli:<\/strong> Lezzetli kahveler parma\u011f\u0131n\u0131z\u0131n ucunda.<br \/>\n<strong>Fincan boyutu ayarlama:<\/strong> Fincan\u0131n\u0131z hangi b\u00fcy\u00fckl\u00fckte olursa olsun (k\u00fc\u00e7\u00fck, orta, b\u00fcy\u00fck) kahveniz tek dokunu\u015fla haz\u0131r.<br \/>\n<strong>Otomatik su ayar\u0131 ve su \u00e7ekme:<\/strong> T\u00fcrk kahvesi keyfiniz i\u00e7in, cihaz fincan\u0131n\u0131za uygun miktarda suyu otomatik ayarlar<br \/>\n\u00d6l\u00e7\u00fc ka\u015f\u0131\u011f\u0131 ile birlikte. Her seferinde ayn\u0131 miktar kahveyi kullanarak lezzetli kahvelerin kontrol\u00fcn\u00fc elinize al\u0131n.<br \/>\n<strong>Sens\u00f6r kontroll\u00fc ta\u015fmay\u0131 \u00f6nleyen sistem:<\/strong> Kahvenizin ba\u015f\u0131nda bekleme derdine son. Sens\u00f6r teknolojisi sayesinde mutfa\u011f\u0131n\u0131z her kullan\u0131mda temiz kals\u0131n.<br \/>\n<strong>\u00c7\u0131kart\u0131labilir su tank\u0131:<\/strong> Doldurmas\u0131 ve temizlemesi \u00e7ok kolay<br \/>\nTek seferde 6 fincan kahve: Sa\u011f ve sol haznede 3&#8217;er fincan kahve haz\u0131rlama imkan\u0131. Aayn\u0131 anda toplamda 6 ki\u015filik servis!<br \/>\n<strong>Kahve yakma derdine son:<\/strong> Sens\u00f6rler ve kahve pi\u015fince \u00e7\u0131kan sinyal sayesinde kahveniz yanmaz.<br \/>\n<strong>Susuz pi\u015firme korumas\u0131:<\/strong> Su seviye g\u00f6stergesi sayesinde su haznesi bo\u015falmadan haberiniz olsun.<br \/>\n<strong>\u00c7ocuk kilidi:<\/strong> \u0130stenmeyen yanmalar\u0131n ve yaralanmalar\u0131n \u00f6n\u00fcne ge\u00e7in.<br \/>\n<strong>Uyku modu:<\/strong> Cihaz\u0131 kullanmad\u0131\u011f\u0131n\u0131zda enerji tasarrufu i\u00e7in kendini kapat\u0131r, uyku moduna ge\u00e7er.<\/p>","protected":false},"excerpt":{"rendered":"<p>Tek seferde 6 fincana kadar T\u00fcrk Kahvesi yapma imkan\u0131 sa\u011flayan Bosch T\u00fcrk Kahvesi Makinesi Coffeexx plus Sams&#8217;in online <em>kahve<\/em> d\u00fckkan\u0131nda!<\/p>","protected":false},"featured_media":1350,"comment_status":"open","ping_status":"closed","template":"","meta":[],"product_brand":[],"product_cat":[47,148],"product_tag":[298,562,299],"class_list":{"0":"post-1348","1":"product","2":"type-product","3":"status-publish","4":"has-post-thumbnail","6":"product_cat-ekipmanlar","7":"product_cat-turk-kahvesi-makineleri","8":"product_tag-bosch","9":"product_tag-turk-kahve-makinesi","10":"product_tag-turk-kahvesi-makinesi","12":"first","13":"outofstock","14":"shipping-taxable","15":"purchasable","16":"product-type-simple"},"_links":{"self":[{"href":"https:\/\/www.samscoffee.co\/en\/wp-json\/wp\/v2\/product\/1348","targetHints":{"allow":["GET"]}}],"collection":[{"href":"https:\/\/www.samscoffee.co\/en\/wp-json\/wp\/v2\/product"}],"about":[{"href":"https:\/\/www.samscoffee.co\/en\/wp-json\/wp\/v2\/types\/product"}],"replies":[{"embeddable":true,"href":"https:\/\/www.samscoffee.co\/en\/wp-json\/wp\/v2\/comments?post=1348"}],"wp:featuredmedia":[{"embeddable":true,"href":"https:\/\/www.samscoffee.co\/en\/wp-json\/wp\/v2\/media\/1350"}],"wp:attachment":[{"href":"https:\/\/www.samscoffee.co\/en\/wp-json\/wp\/v2\/media?parent=1348"}],"wp:term":[{"taxonomy":"product_brand","embeddable":true,"href":"https:\/\/www.samscoffee.co\/en\/wp-json\/wp\/v2\/product_brand?post=1348"},{"taxonomy":"product_cat","embeddable":true,"href":"https:\/\/www.samscoffee.co\/en\/wp-json\/wp\/v2\/product_cat?post=1348"},{"taxonomy":"product_tag","embeddable":true,"href":"https:\/\/www.samscoffee.co\/en\/wp-json\/wp\/v2\/product_tag?post=1348"}],"curies":[{"name":"wp","href":"https:\/\/api.w.org\/{rel}","templated":true}]}}