{"id":1352,"date":"2021-01-29T17:39:25","date_gmt":"2021-01-29T17:39:25","guid":{"rendered":"https:\/\/www.samscoffee.co\/?post_type=product&#038;p=1352"},"modified":"2023-12-16T09:48:06","modified_gmt":"2023-12-16T09:48:06","slug":"bosch-tam-otomatik-kahve-makinesi","status":"publish","type":"product","link":"https:\/\/www.samscoffee.co\/en\/product\/bosch-tam-otomatik-kahve-makinesi\/","title":{"rendered":"Bosch Fully Automatic Coffee Machine"},"content":{"rendered":"<p><strong>M\u00fckemmel bir lezzet i\u00e7in m\u00fckemmel kahve \u00f6\u011f\u00fctme: CeramDrive<\/strong><br \/>\nCeramDrive \u00f6\u011f\u00fct\u00fcc\u00fcs\u00fc \u00e7ekirdekleri e\u015fit miktarda \u00f6\u011f\u00fct\u00fcr. Bu sayede kaynatma i\u015flemi boyunca kahve \u00e7ekirdeklerinin farkl\u0131 aromalar\u0131 ger\u00e7ek lezzetlerini ortaya \u00e7\u0131karabilirler.CceramDrive y\u00fcksek kaliteli seramikten yap\u0131ld\u0131\u011f\u0131 i\u00e7in dayan\u0131kl\u0131 ve a\u015f\u0131nmaz bir yap\u0131ya sahiptir. Bu kalite size uzun \u00f6m\u00fcrl\u00fc bir keyif sunar.<\/p>\n<p><strong>\u00d6zellikler:<\/strong><\/p>\n<li>Yenilik\u00e7i \u0131s\u0131tma sistemi &#8220;senso flow&#8221;<\/li>\n<li>Tek bir dokunu\u015fla Cappuccino, Latte Macchiato<\/li>\n<li>Brita su filtresi kahvenin tad\u0131na ve kokusuna etki eden sudaki bile\u015fenleri azalt\u0131r.<\/li>\n<li>Seramik kahve \u00f6\u011f\u00fct\u00fcc\u00fc<\/li>\n<li>S\u00fct k\u00f6p\u00fc\u011f\u00fc, s\u0131cak s\u00fct ve s\u0131cak su haz\u0131rlama se\u00e7enekleri<\/li>\n<li>Minimum \u0131s\u0131nma s\u00fcresi: 45 saniyede en h\u0131zl\u0131 ilk fincan!<\/li>\n<li>15 bar bas\u0131n\u00e7l\u0131 su pompas\u0131<\/li>\n<li>\u00d6zel aroma koruyucu \u00e7ekirdek haznesi (250 Gram)<\/li>\n<li>\u00c7ekirdek \u00f6\u011f\u00fctme inceli\u011fi ayarlanabilir<\/li>\n<li>Farkl\u0131 dil se\u00e7enekleri<\/li>\n<li>G\u00fc\u00e7: 1300 Watt<\/li>","protected":false},"excerpt":{"rendered":"<p>Bosch Tam Otomatik Kahve Makinesi VeroCup 300 m\u00fckemmel kahveyi maksimum kolayl\u0131kla elde edin!<\/p>","protected":false},"featured_media":1355,"comment_status":"open","ping_status":"closed","template":"","meta":[],"product_brand":[],"product_cat":[47,137],"product_tag":[298,302,102,301,300],"class_list":{"0":"post-1352","1":"product","2":"type-product","3":"status-publish","4":"has-post-thumbnail","6":"product_cat-ekipmanlar","7":"product_cat-espresso-makineleri","8":"product_tag-bosch","9":"product_tag-cappucino","10":"product_tag-espresso-makinesi","11":"product_tag-latte","12":"product_tag-verocup-300","14":"first","15":"outofstock","16":"shipping-taxable","17":"purchasable","18":"product-type-simple"},"_links":{"self":[{"href":"https:\/\/www.samscoffee.co\/en\/wp-json\/wp\/v2\/product\/1352","targetHints":{"allow":["GET"]}}],"collection":[{"href":"https:\/\/www.samscoffee.co\/en\/wp-json\/wp\/v2\/product"}],"about":[{"href":"https:\/\/www.samscoffee.co\/en\/wp-json\/wp\/v2\/types\/product"}],"replies":[{"embeddable":true,"href":"https:\/\/www.samscoffee.co\/en\/wp-json\/wp\/v2\/comments?post=1352"}],"wp:featuredmedia":[{"embeddable":true,"href":"https:\/\/www.samscoffee.co\/en\/wp-json\/wp\/v2\/media\/1355"}],"wp:attachment":[{"href":"https:\/\/www.samscoffee.co\/en\/wp-json\/wp\/v2\/media?parent=1352"}],"wp:term":[{"taxonomy":"product_brand","embeddable":true,"href":"https:\/\/www.samscoffee.co\/en\/wp-json\/wp\/v2\/product_brand?post=1352"},{"taxonomy":"product_cat","embeddable":true,"href":"https:\/\/www.samscoffee.co\/en\/wp-json\/wp\/v2\/product_cat?post=1352"},{"taxonomy":"product_tag","embeddable":true,"href":"https:\/\/www.samscoffee.co\/en\/wp-json\/wp\/v2\/product_tag?post=1352"}],"curies":[{"name":"wp","href":"https:\/\/api.w.org\/{rel}","templated":true}]}}