{"id":1361,"date":"2021-01-29T18:50:51","date_gmt":"2021-01-29T18:50:51","guid":{"rendered":"https:\/\/www.samscoffee.co\/?post_type=product&#038;p=1361"},"modified":"2021-11-17T15:27:23","modified_gmt":"2021-11-17T15:27:23","slug":"vitastyle-mixx2go-blender","status":"publish","type":"product","link":"https:\/\/www.samscoffee.co\/en\/product\/vitastyle-mixx2go-blender\/","title":{"rendered":"VitaStyle Mixx2Go Blender"},"content":{"rendered":"<p><strong>\u00dcr\u00fcn \u00d6zellikleri:<\/strong><\/p>\n<ul>\n<li>T\u00fcm uygulamalar\u0131 i\u00e7in g\u00fc\u00e7l\u00fc 350 Watt motor.<\/li>\n<li>S\u0131cak \u00e7orbalardan buz gibi so\u011fuk i\u00e7eceklere kadar her \u015feyi g\u00fcvenli bir \u015fekilde haz\u0131rlamak i\u00e7in y\u00fcksek kaliteli ThermoSafe cam s\u00fcrahi<\/li>\n<li>Buz k\u0131rar ve donmu\u015f meyveleri par\u00e7alayabilir.<\/li>\n<li>2 h\u0131z ayar\u0131<\/li>\n<li>Temizli\u011fi \u00e7ok kolay, \u00e7\u0131kart\u0131labilir b\u0131\u00e7ak<\/li>\n<li>Cam s\u00fcrahi, kapak ve aksesuarlar bula\u015f\u0131k makinesinde y\u0131kanabilir.<\/li>\n<li>Paslanmaz \u00e7elik g\u00f6vde<\/li>\n<li>Kompakt boyutlarda 0,6 l y\u00fcksek kaliteli ThermoSafe cam s\u00fcrahi<\/li>\n<li>G\u0131da ile temas eden y\u00fczeyler BPA i\u00e7ermez<\/li>\n<li>Tritan 2Go \u015fi\u015fesi (500 ml): kullan\u0131\u015fl\u0131 i\u00e7me kapa\u011f\u0131 ile hareket halindeyken i\u00e7ece\u011finizi rahatl\u0131kla i\u00e7ebilirsiniz.<\/li>\n<li>Tritan k\u0131y\u0131c\u0131 (200 ml): k\u00fc\u00e7\u00fck miktarlarda f\u0131nd\u0131k, so\u011fan veya sar\u0131msak k\u0131ymak i\u00e7in.<\/li>\n<\/ul>","protected":false},"excerpt":{"rendered":"<p>Bosh VitaStyle Mixx2Go 350 W paslanmaz \u00e7elik blender Sams&#8217;de!<\/p>","protected":false},"featured_media":1362,"comment_status":"open","ping_status":"closed","template":"","meta":[],"product_brand":[],"product_cat":[147],"product_tag":[303,298,304],"class_list":{"0":"post-1361","1":"product","2":"type-product","3":"status-publish","4":"has-post-thumbnail","6":"product_cat-diger-urunler","7":"product_tag-blender","8":"product_tag-bosch","9":"product_tag-vitastyle-mixx2go","11":"first","12":"outofstock","13":"shipping-taxable","14":"purchasable","15":"product-type-simple"},"_links":{"self":[{"href":"https:\/\/www.samscoffee.co\/en\/wp-json\/wp\/v2\/product\/1361","targetHints":{"allow":["GET"]}}],"collection":[{"href":"https:\/\/www.samscoffee.co\/en\/wp-json\/wp\/v2\/product"}],"about":[{"href":"https:\/\/www.samscoffee.co\/en\/wp-json\/wp\/v2\/types\/product"}],"replies":[{"embeddable":true,"href":"https:\/\/www.samscoffee.co\/en\/wp-json\/wp\/v2\/comments?post=1361"}],"wp:featuredmedia":[{"embeddable":true,"href":"https:\/\/www.samscoffee.co\/en\/wp-json\/wp\/v2\/media\/1362"}],"wp:attachment":[{"href":"https:\/\/www.samscoffee.co\/en\/wp-json\/wp\/v2\/media?parent=1361"}],"wp:term":[{"taxonomy":"product_brand","embeddable":true,"href":"https:\/\/www.samscoffee.co\/en\/wp-json\/wp\/v2\/product_brand?post=1361"},{"taxonomy":"product_cat","embeddable":true,"href":"https:\/\/www.samscoffee.co\/en\/wp-json\/wp\/v2\/product_cat?post=1361"},{"taxonomy":"product_tag","embeddable":true,"href":"https:\/\/www.samscoffee.co\/en\/wp-json\/wp\/v2\/product_tag?post=1361"}],"curies":[{"name":"wp","href":"https:\/\/api.w.org\/{rel}","templated":true}]}}