{"id":1365,"date":"2021-01-29T19:01:31","date_gmt":"2021-01-29T19:01:31","guid":{"rendered":"https:\/\/www.samscoffee.co\/?post_type=product&#038;p=1365"},"modified":"2023-12-16T09:48:06","modified_gmt":"2023-12-16T09:48:06","slug":"bosch-kahve-degirmeni","status":"publish","type":"product","link":"https:\/\/www.samscoffee.co\/en\/product\/bosch-kahve-degirmeni\/","title":{"rendered":"Bosch Kahve De\u011firmeni"},"content":{"rendered":"<p><strong>\u00dcr\u00fcn \u00d6zellikleri:<\/strong><\/p>\n<ul>\n<li>Paslanmaz \u00e7elik b\u0131\u00e7aklar: \u00fcst\u00fcn performansl\u0131 uzun \u00f6m\u00fcrl\u00fc \u00f6\u011f\u00fct\u00fcc\u00fc b\u0131\u00e7aklar<\/li>\n<li>G\u00fcvenli kullan\u0131m: g\u00fcvenli kullan\u0131m i\u00e7in yaln\u0131zca kapak kapal\u0131yken ve g\u00fcvenlik tu\u015fu bas\u0131l\u0131yken \u00e7al\u0131\u015fma<\/li>\n<li>75g kapasite: tek seferde 75g \u00e7ekirdek \u00f6\u011f\u00fctme kapasitesi<\/li>\n<li>180 Watt<\/li>\n<li>Cihaz\u0131n sadece kapa\u011f\u0131 kapal\u0131yken \u00e7al\u0131\u015fmas\u0131n\u0131 sa\u011flayan emniyet sistemi<\/li>\n<li>Kapasite: 75 Gram<\/li>\n<li>paslanmaz \u00e7elik \u00f6\u011f\u00fctme b\u0131\u00e7a\u011f\u0131 ve haznesi<\/li>\n<li>Emniyet \u015falteri<\/li>\n<\/ul>","protected":false},"excerpt":{"rendered":"<p>Daha \u00e7ok aroma i\u00e7in tek seferde 75g \u00e7ekirdek \u00f6\u011f\u00fctme kapasitesi sayesinde taptaze kahve \u00f6\u011f\u00fct\u00fcn.<\/p>","protected":false},"featured_media":1367,"comment_status":"open","ping_status":"closed","template":"","meta":[],"product_brand":[],"product_cat":[47,141],"product_tag":[305,215,214],"class_list":{"0":"post-1365","1":"product","2":"type-product","3":"status-publish","4":"has-post-thumbnail","6":"product_cat-ekipmanlar","7":"product_cat-kahve-degirmenleri","8":"product_tag-bosch-kahve-degirmeni","9":"product_tag-kahve-degirmeni","10":"product_tag-kahve-ogutucu","12":"first","13":"outofstock","14":"shipping-taxable","15":"purchasable","16":"product-type-simple"},"_links":{"self":[{"href":"https:\/\/www.samscoffee.co\/en\/wp-json\/wp\/v2\/product\/1365","targetHints":{"allow":["GET"]}}],"collection":[{"href":"https:\/\/www.samscoffee.co\/en\/wp-json\/wp\/v2\/product"}],"about":[{"href":"https:\/\/www.samscoffee.co\/en\/wp-json\/wp\/v2\/types\/product"}],"replies":[{"embeddable":true,"href":"https:\/\/www.samscoffee.co\/en\/wp-json\/wp\/v2\/comments?post=1365"}],"wp:featuredmedia":[{"embeddable":true,"href":"https:\/\/www.samscoffee.co\/en\/wp-json\/wp\/v2\/media\/1367"}],"wp:attachment":[{"href":"https:\/\/www.samscoffee.co\/en\/wp-json\/wp\/v2\/media?parent=1365"}],"wp:term":[{"taxonomy":"product_brand","embeddable":true,"href":"https:\/\/www.samscoffee.co\/en\/wp-json\/wp\/v2\/product_brand?post=1365"},{"taxonomy":"product_cat","embeddable":true,"href":"https:\/\/www.samscoffee.co\/en\/wp-json\/wp\/v2\/product_cat?post=1365"},{"taxonomy":"product_tag","embeddable":true,"href":"https:\/\/www.samscoffee.co\/en\/wp-json\/wp\/v2\/product_tag?post=1365"}],"curies":[{"name":"wp","href":"https:\/\/api.w.org\/{rel}","templated":true}]}}