{"id":1377,"date":"2021-01-29T19:21:49","date_gmt":"2021-01-29T19:21:49","guid":{"rendered":"https:\/\/www.samscoffee.co\/?post_type=product&#038;p=1377"},"modified":"2025-06-03T18:31:52","modified_gmt":"2025-06-03T18:31:52","slug":"bosch-filtre-kahve-makinesi-siyah","status":"publish","type":"product","link":"https:\/\/www.samscoffee.co\/en\/product\/bosch-filtre-kahve-makinesi-siyah\/","title":{"rendered":"Bosch Filtre Kahve Makinesi"},"content":{"rendered":"<p>Tam aromal\u0131 kahve ve \u015f\u0131k dizayn ile her g\u00fcne g\u00fczel bir ruh haliyle ba\u015flay\u0131n.<\/p>\n<p>Aroma+: Aroma+ \u00f6zelli\u011fi sayesinde tek dokunu\u015fla daha yo\u011fun kahve aromas\u0131 imkan\u0131<br \/>\n\u00c7\u0131kar\u0131labilir su haznesi: Kolay \u00e7\u0131kar\u0131labilen, \u00fcst k\u0131sm\u0131ndan kolayl\u0131kla doldurulabilen su haznesi<br \/>\nKolay kire\u00e7 temizleme: S\u00fcrekli kahve keyfi i\u00e7in kolay kire\u00e7 temizleme.<br \/>\nAyarlanabilir otomatik kapanma s\u00fcresi: 20-40 veya 60 dk&#8217;ya ayarlanabilen otomatik kapanma \u00f6zelli\u011fi<br \/>\nGeni\u015f a\u011f\u0131zl\u0131 demlik: Geni\u015f a\u011fz\u0131 sayesinde kolay temizlik imkan\u0131<\/p>\n<p><strong>\u00dcr\u00fcn Bilgileri:<\/strong><br \/>\n<strong>Aroma koruyucu:<\/strong> 10\/15 fincan kapasitesinde (1.25 l) cam s\u00fcrahi<br \/>\n<strong>G\u00fc\u00e7:<\/strong> 1000-1200 Watt<br \/>\nFiltre ka\u011f\u0131d\u0131 ile kullan\u0131m (1&#215;4)<br \/>\nDamlama emniyeti (Drip-stop)<br \/>\nKablo dolama yeri<br \/>\nDaha yo\u011fun kahve keyfi i\u00e7in Aroma+ \u00f6zelli\u011fi<br \/>\n<strong>3&#8217;l\u00fc kolay kire\u00e7 temizleme:<\/strong> Kire\u00e7 temizleme program\u0131, kire\u00e7 temizleme i\u00e7in LED sinyal, su sertli\u011fi se\u00e7ebilme<br \/>\n<strong>Otomatik kapanma \u00f6zelli\u011fi:<\/strong> 20,40 ya da 60 dakika se\u00e7enekleriyle<br \/>\nSeviye g\u00f6stergeli cam demlik<\/p>\n<p><strong>Ebat ve a\u011f\u0131rl\u0131k (mm):<\/strong> 355 x 285 x 230<br \/>\n<strong>Net a\u011f\u0131rl\u0131k (kg):<\/strong> 2,005<\/p>","protected":false},"excerpt":{"rendered":"<p>Aroma+ fonksiyonu sayesinde daha yo\u011fun filtre kahve elde etmenize olanak sa\u011flayan, ayarlanabilir otomatik kapanma \u00f6zellikli Bosch ComfortLine <strong>Filtre Kahve Makinesi<\/strong> Sams Coffee online kahve d\u00fckkan\u0131 ma\u011fazas\u0131nda!<\/p>","protected":false},"featured_media":1379,"comment_status":"open","ping_status":"closed","template":"","meta":[],"product_brand":[],"product_cat":[47,149],"product_tag":[298,297,99,296],"class_list":{"0":"post-1377","1":"product","2":"type-product","3":"status-publish","4":"has-post-thumbnail","6":"product_cat-ekipmanlar","7":"product_cat-filtre-kahve-makineleri","8":"product_tag-bosch","9":"product_tag-comfortline","10":"product_tag-filtre-kahve-makinesi","11":"product_tag-filtre-kahve-makinesi-comfortline-beyaz","13":"first","14":"outofstock","15":"shipping-taxable","16":"purchasable","17":"product-type-simple"},"_links":{"self":[{"href":"https:\/\/www.samscoffee.co\/en\/wp-json\/wp\/v2\/product\/1377","targetHints":{"allow":["GET"]}}],"collection":[{"href":"https:\/\/www.samscoffee.co\/en\/wp-json\/wp\/v2\/product"}],"about":[{"href":"https:\/\/www.samscoffee.co\/en\/wp-json\/wp\/v2\/types\/product"}],"replies":[{"embeddable":true,"href":"https:\/\/www.samscoffee.co\/en\/wp-json\/wp\/v2\/comments?post=1377"}],"wp:featuredmedia":[{"embeddable":true,"href":"https:\/\/www.samscoffee.co\/en\/wp-json\/wp\/v2\/media\/1379"}],"wp:attachment":[{"href":"https:\/\/www.samscoffee.co\/en\/wp-json\/wp\/v2\/media?parent=1377"}],"wp:term":[{"taxonomy":"product_brand","embeddable":true,"href":"https:\/\/www.samscoffee.co\/en\/wp-json\/wp\/v2\/product_brand?post=1377"},{"taxonomy":"product_cat","embeddable":true,"href":"https:\/\/www.samscoffee.co\/en\/wp-json\/wp\/v2\/product_cat?post=1377"},{"taxonomy":"product_tag","embeddable":true,"href":"https:\/\/www.samscoffee.co\/en\/wp-json\/wp\/v2\/product_tag?post=1377"}],"curies":[{"name":"wp","href":"https:\/\/api.w.org\/{rel}","templated":true}]}}