{"id":1380,"date":"2021-01-23T19:33:20","date_gmt":"2021-01-23T19:33:20","guid":{"rendered":"https:\/\/www.samscoffee.co\/?post_type=product&#038;p=1380"},"modified":"2023-12-16T09:48:06","modified_gmt":"2023-12-16T09:48:06","slug":"bosch-cay-makinesi","status":"publish","type":"product","link":"https:\/\/www.samscoffee.co\/en\/product\/bosch-cay-makinesi\/","title":{"rendered":"Bosch \u00c7ay Makinesi"},"content":{"rendered":"<p>\u00dcr\u00fcn \u00d6zellikleri:<\/p>\n<ul>\n<li>G\u00fc\u00e7: 1500-1785 watt (maksimum)<\/li>\n<li>\u00c7ay kapasitesi: 0.7 lt<\/li>\n<li>Su kapasitesi: 2 lt<\/li>\n<li>Su seviye g\u00f6stergeli, \u015feffaf su \u0131s\u0131t\u0131c\u0131s\u0131<\/li>\n<li>Tek elle kolayca a\u00e7\u0131labilen, kapakl\u0131, cam s\u00fcrahi<\/li>\n<li>\u00c7elik s\u00fczge\u00e7<\/li>\n<li>\u00c7al\u0131\u015ft\u0131\u011f\u0131n\u0131 g\u00f6steren \u0131\u015f\u0131kl\u0131 halojen halka<\/li>\n<li>\u00c7ay\u0131 demledikten sonra s\u0131cak kalmas\u0131n\u0131 sa\u011flamak i\u00e7in demlik kettle \u00fczerine konulabilir<\/li>\n<li>Kaynama konumundan s\u0131cak tutma konumuna otomatik olarak ge\u00e7ebilme \u00f6zelli\u011fi<\/li>\n<li>Taban \u00fczerinde 360\u00b0 hareket edebilme \u00f6zelli\u011fi ile sa\u011f ve sol el kullan\u0131m\u0131na uygun<\/li>\n<li>Tutma yerinde \u0131s\u0131 ayar se\u00e7ene\u011fi kaynatma ve s\u0131cak tutma konumlar\u0131<\/li>\n<li>A\u00e7ma\/kapama d\u00fc\u011fmesi<\/li>\n<\/ul>","protected":false},"excerpt":{"rendered":"<p>\u00c7ay severler i\u00e7in ideal \u00fcr\u00fcn Bosch \u00c7ay Makinesi TTA2010 \u00f6zel fiyatlarla Sams&#8217;de!<\/p>","protected":false},"featured_media":1384,"comment_status":"open","ping_status":"closed","template":"","meta":[],"product_brand":[],"product_cat":[47,147],"product_tag":[298,308,307,306],"class_list":{"0":"post-1380","1":"product","2":"type-product","3":"status-publish","4":"has-post-thumbnail","6":"product_cat-ekipmanlar","7":"product_cat-diger-urunler","8":"product_tag-bosch","9":"product_tag-bosch-cay-makinesi","10":"product_tag-cay-makinesi","11":"product_tag-cayci","13":"first","14":"outofstock","15":"shipping-taxable","16":"purchasable","17":"product-type-simple"},"_links":{"self":[{"href":"https:\/\/www.samscoffee.co\/en\/wp-json\/wp\/v2\/product\/1380","targetHints":{"allow":["GET"]}}],"collection":[{"href":"https:\/\/www.samscoffee.co\/en\/wp-json\/wp\/v2\/product"}],"about":[{"href":"https:\/\/www.samscoffee.co\/en\/wp-json\/wp\/v2\/types\/product"}],"replies":[{"embeddable":true,"href":"https:\/\/www.samscoffee.co\/en\/wp-json\/wp\/v2\/comments?post=1380"}],"wp:featuredmedia":[{"embeddable":true,"href":"https:\/\/www.samscoffee.co\/en\/wp-json\/wp\/v2\/media\/1384"}],"wp:attachment":[{"href":"https:\/\/www.samscoffee.co\/en\/wp-json\/wp\/v2\/media?parent=1380"}],"wp:term":[{"taxonomy":"product_brand","embeddable":true,"href":"https:\/\/www.samscoffee.co\/en\/wp-json\/wp\/v2\/product_brand?post=1380"},{"taxonomy":"product_cat","embeddable":true,"href":"https:\/\/www.samscoffee.co\/en\/wp-json\/wp\/v2\/product_cat?post=1380"},{"taxonomy":"product_tag","embeddable":true,"href":"https:\/\/www.samscoffee.co\/en\/wp-json\/wp\/v2\/product_tag?post=1380"}],"curies":[{"name":"wp","href":"https:\/\/api.w.org\/{rel}","templated":true}]}}