{"id":1576,"date":"2021-03-30T21:46:09","date_gmt":"2021-03-30T21:46:09","guid":{"rendered":"https:\/\/www.samscoffee.co\/?post_type=product&#038;p=1576"},"modified":"2025-09-29T13:29:38","modified_gmt":"2025-09-29T13:29:38","slug":"yoresel-kahve-cesitleri-500g","status":"publish","type":"product","link":"https:\/\/www.samscoffee.co\/en\/product\/yoresel-kahve-cesitleri-500g\/","title":{"rendered":"Y\u00f6resel Kahve \u00c7e\u015fitleri 500g"},"content":{"rendered":"<p>Sams&#8217;in %100 arabica \u00e7ekirdeklerden \u00f6zenle haz\u0131rlad\u0131\u011f\u0131 Etiyopya, Guatemala, Kenya\u00a0 Kolombiya, Sams Blend ve Espresso \u00f6zel harman kahveleri 500 gram paket ve istedi\u011finiz ayarda \u00f6\u011f\u00fctme se\u00e7enekleri ile sizlere ula\u015f\u0131yor.<\/p>","protected":false},"excerpt":{"rendered":"<p>%100 arabica \u00e7ekirdek &amp; filtre kahveler 500 graml\u0131k paketlerle Sams&#8217;in online kahve d\u00fckkan\u0131nda!<\/p>","protected":false},"featured_media":1068,"comment_status":"open","ping_status":"closed","template":"","meta":[],"product_brand":[],"product_cat":[135,58,134,133],"product_tag":[],"class_list":{"0":"post-1576","1":"product","2":"type-product","3":"status-publish","4":"has-post-thumbnail","6":"product_cat-dark-roast","7":"product_cat-kahveler","8":"product_cat-medium-roast","9":"product_cat-soft-roast","11":"first","12":"instock","13":"shipping-taxable","14":"purchasable","15":"product-type-variable"},"_links":{"self":[{"href":"https:\/\/www.samscoffee.co\/en\/wp-json\/wp\/v2\/product\/1576","targetHints":{"allow":["GET"]}}],"collection":[{"href":"https:\/\/www.samscoffee.co\/en\/wp-json\/wp\/v2\/product"}],"about":[{"href":"https:\/\/www.samscoffee.co\/en\/wp-json\/wp\/v2\/types\/product"}],"replies":[{"embeddable":true,"href":"https:\/\/www.samscoffee.co\/en\/wp-json\/wp\/v2\/comments?post=1576"}],"wp:featuredmedia":[{"embeddable":true,"href":"https:\/\/www.samscoffee.co\/en\/wp-json\/wp\/v2\/media\/1068"}],"wp:attachment":[{"href":"https:\/\/www.samscoffee.co\/en\/wp-json\/wp\/v2\/media?parent=1576"}],"wp:term":[{"taxonomy":"product_brand","embeddable":true,"href":"https:\/\/www.samscoffee.co\/en\/wp-json\/wp\/v2\/product_brand?post=1576"},{"taxonomy":"product_cat","embeddable":true,"href":"https:\/\/www.samscoffee.co\/en\/wp-json\/wp\/v2\/product_cat?post=1576"},{"taxonomy":"product_tag","embeddable":true,"href":"https:\/\/www.samscoffee.co\/en\/wp-json\/wp\/v2\/product_tag?post=1576"}],"curies":[{"name":"wp","href":"https:\/\/api.w.org\/{rel}","templated":true}]}}