{"id":1620,"date":"2021-03-31T13:45:48","date_gmt":"2021-03-31T13:45:48","guid":{"rendered":"https:\/\/www.samscoffee.co\/?post_type=product&#038;p=1620"},"modified":"2022-06-04T09:16:02","modified_gmt":"2022-06-04T09:16:02","slug":"kahve-demleme-seti-s1","status":"publish","type":"product","link":"https:\/\/www.samscoffee.co\/en\/product\/kahve-demleme-seti-s1\/","title":{"rendered":"Coffee Brewing Set s1"},"content":{"rendered":"<p>Seramik Kahve \u00d6\u011f\u00fct\u00fcc\u00fc, Drip Kettle 1.2lt, Seramik V60 Dripper, Kahve Demleme S\u00fcrahisi 600ml ve Filtre Kahve Ka\u011f\u0131d\u0131 1&#215;4&#8217;ten olu\u015fan Sams Kahve Demleme Seti seri1 ile enfes kahvenin tad\u0131na var\u0131n!<\/p>\n<p>&nbsp;<\/p>\n<p><strong>\u0130\u00e7indekiler:<\/strong><\/p>\n<p>Ceramic Coffee Grinder<br \/>\nDrip Kettle 1.2lt<br \/>\nCeramic V60 Dripper<br \/>\nKahve Demleme S\u00fcrahisi<\/p>","protected":false},"excerpt":{"rendered":"<p>Sams&#8217;in olu\u015fturdu\u011fu <em>kahve demleme setleri<\/em> ile evde, ofiste veya kampta harika kahveler demleyin.<\/p>","protected":false},"featured_media":1937,"comment_status":"open","ping_status":"closed","template":"","meta":[],"product_brand":[],"product_cat":[47,141,145,142,139],"product_tag":[123,329,326,325,330,152,311,327,214,331,328,332],"class_list":{"0":"post-1620","1":"product","2":"type-product","3":"status-publish","4":"has-post-thumbnail","6":"product_cat-ekipmanlar","7":"product_cat-kahve-degirmenleri","8":"product_cat-kahve-demleyici","9":"product_cat-setler","10":"product_cat-v60","11":"product_tag-coffee","12":"product_tag-coffee-setup","13":"product_tag-demleme-kiti","14":"product_tag-demleme-seti","15":"product_tag-evde-kahve-demleme","16":"product_tag-kahve-demleme","17":"product_tag-kahve-demleme-ekipmanlari","18":"product_tag-kahve-demleme-kiti","19":"product_tag-kahve-ogutucu","20":"product_tag-ofiste-kahve-demleme","21":"product_tag-set","22":"product_tag-v60-dripper","24":"first","25":"outofstock","26":"shipping-taxable","27":"purchasable","28":"product-type-simple"},"_links":{"self":[{"href":"https:\/\/www.samscoffee.co\/en\/wp-json\/wp\/v2\/product\/1620","targetHints":{"allow":["GET"]}}],"collection":[{"href":"https:\/\/www.samscoffee.co\/en\/wp-json\/wp\/v2\/product"}],"about":[{"href":"https:\/\/www.samscoffee.co\/en\/wp-json\/wp\/v2\/types\/product"}],"replies":[{"embeddable":true,"href":"https:\/\/www.samscoffee.co\/en\/wp-json\/wp\/v2\/comments?post=1620"}],"wp:featuredmedia":[{"embeddable":true,"href":"https:\/\/www.samscoffee.co\/en\/wp-json\/wp\/v2\/media\/1937"}],"wp:attachment":[{"href":"https:\/\/www.samscoffee.co\/en\/wp-json\/wp\/v2\/media?parent=1620"}],"wp:term":[{"taxonomy":"product_brand","embeddable":true,"href":"https:\/\/www.samscoffee.co\/en\/wp-json\/wp\/v2\/product_brand?post=1620"},{"taxonomy":"product_cat","embeddable":true,"href":"https:\/\/www.samscoffee.co\/en\/wp-json\/wp\/v2\/product_cat?post=1620"},{"taxonomy":"product_tag","embeddable":true,"href":"https:\/\/www.samscoffee.co\/en\/wp-json\/wp\/v2\/product_tag?post=1620"}],"curies":[{"name":"wp","href":"https:\/\/api.w.org\/{rel}","templated":true}]}}