{"id":1783,"date":"2021-03-31T14:49:00","date_gmt":"2021-03-31T14:49:00","guid":{"rendered":"https:\/\/www.samscoffee.co\/?post_type=product&#038;p=1783"},"modified":"2021-11-17T15:25:59","modified_gmt":"2021-11-17T15:25:59","slug":"kahve-demleme-seti-s2","status":"publish","type":"product","link":"https:\/\/www.samscoffee.co\/en\/product\/kahve-demleme-seti-s2\/","title":{"rendered":"Kahve Demleme Seti s2"},"content":{"rendered":"<p>Drip Kettle 1.2lt, Seramik V60 Dripper, 600 ml Kahve Demleme S\u00fcrahisinden olu\u015fan 3 par\u00e7a Sams Kahve Demleme Seti seri1 ile enfes kahvenin tad\u0131na var\u0131n!<\/p>\n<p>&nbsp;<\/p>\n<p><strong>\u0130\u00e7indekiler:<\/strong><\/p>\n<p>Drip Kettle 1.2lt<br \/>\nCeramic V60 Dripper<br \/>\nKahve Demleme S\u00fcrahisi<\/p>","protected":false},"excerpt":{"rendered":"<p>Sams&#8217;in olu\u015fturdu\u011fu <em>kahve demleme setleri<\/em> ile evde, ofiste veya kampta harika kahveler demleyin.<\/p>","protected":false},"featured_media":1936,"comment_status":"open","ping_status":"closed","template":"","meta":[],"product_brand":[],"product_cat":[142,47,145,139],"product_tag":[325,333,311,224],"class_list":{"0":"post-1783","1":"product","2":"type-product","3":"status-publish","4":"has-post-thumbnail","6":"product_cat-setler","7":"product_cat-ekipmanlar","8":"product_cat-kahve-demleyici","9":"product_cat-v60","10":"product_tag-demleme-seti","11":"product_tag-dripper","12":"product_tag-kahve-demleme-ekipmanlari","13":"product_tag-kahve-demleme-seti","15":"first","16":"outofstock","17":"shipping-taxable","18":"purchasable","19":"product-type-simple"},"_links":{"self":[{"href":"https:\/\/www.samscoffee.co\/en\/wp-json\/wp\/v2\/product\/1783","targetHints":{"allow":["GET"]}}],"collection":[{"href":"https:\/\/www.samscoffee.co\/en\/wp-json\/wp\/v2\/product"}],"about":[{"href":"https:\/\/www.samscoffee.co\/en\/wp-json\/wp\/v2\/types\/product"}],"replies":[{"embeddable":true,"href":"https:\/\/www.samscoffee.co\/en\/wp-json\/wp\/v2\/comments?post=1783"}],"wp:featuredmedia":[{"embeddable":true,"href":"https:\/\/www.samscoffee.co\/en\/wp-json\/wp\/v2\/media\/1936"}],"wp:attachment":[{"href":"https:\/\/www.samscoffee.co\/en\/wp-json\/wp\/v2\/media?parent=1783"}],"wp:term":[{"taxonomy":"product_brand","embeddable":true,"href":"https:\/\/www.samscoffee.co\/en\/wp-json\/wp\/v2\/product_brand?post=1783"},{"taxonomy":"product_cat","embeddable":true,"href":"https:\/\/www.samscoffee.co\/en\/wp-json\/wp\/v2\/product_cat?post=1783"},{"taxonomy":"product_tag","embeddable":true,"href":"https:\/\/www.samscoffee.co\/en\/wp-json\/wp\/v2\/product_tag?post=1783"}],"curies":[{"name":"wp","href":"https:\/\/api.w.org\/{rel}","templated":true}]}}