{"id":1801,"date":"2021-04-03T22:00:11","date_gmt":"2021-04-03T22:00:11","guid":{"rendered":"https:\/\/www.samscoffee.co\/?post_type=product&#038;p=1801"},"modified":"2025-06-03T20:19:18","modified_gmt":"2025-06-03T20:19:18","slug":"kahve-demleme-seti-s3","status":"publish","type":"product","link":"https:\/\/www.samscoffee.co\/en\/product\/kahve-demleme-seti-s3\/","title":{"rendered":"Kahve Demleme Seti s3"},"content":{"rendered":"<p>V60 Dripper, 600 ml Kahve Demleme S\u00fcrahisinden olu\u015fan 2 par\u00e7a Sams Kahve Demleme Seti seri3 ile enfes kahvenin tad\u0131na var\u0131n!<\/p>\n<p><strong>\u0130\u00e7indekiler:<\/strong><\/p>\n<p>Ceramic V60 Dripper<br \/>\nKahve Demleme S\u00fcrahisi<\/p>","protected":false},"excerpt":{"rendered":"<p>Enfes filtre kahve art\u0131k her zaman yan\u0131n\u0131zda! Pratik &amp; \u015f\u0131k V60 dripper ve kahve s\u00fcrahisi ile m\u00fckemmel filtre kahveler demleyin.<\/p>","protected":false},"featured_media":1935,"comment_status":"open","ping_status":"closed","template":"","meta":[],"product_brand":[],"product_cat":[142,47,145,139],"product_tag":[347,348,152,311,224,282,349,350,222],"class_list":{"0":"post-1801","1":"product","2":"type-product","3":"status-publish","4":"has-post-thumbnail","6":"product_cat-setler","7":"product_cat-ekipmanlar","8":"product_cat-kahve-demleyici","9":"product_cat-v60","10":"product_tag-filtre-kahve-demleme","11":"product_tag-filtre-kahve-yapimi","12":"product_tag-kahve-demleme","13":"product_tag-kahve-demleme-ekipmanlari","14":"product_tag-kahve-demleme-seti","15":"product_tag-kahve-surahisi","16":"product_tag-kahve-tanisma-seti","17":"product_tag-v60-kahve","18":"product_tag-v60-kahve-demleme","20":"first","21":"outofstock","22":"shipping-taxable","23":"purchasable","24":"product-type-simple"},"_links":{"self":[{"href":"https:\/\/www.samscoffee.co\/en\/wp-json\/wp\/v2\/product\/1801","targetHints":{"allow":["GET"]}}],"collection":[{"href":"https:\/\/www.samscoffee.co\/en\/wp-json\/wp\/v2\/product"}],"about":[{"href":"https:\/\/www.samscoffee.co\/en\/wp-json\/wp\/v2\/types\/product"}],"replies":[{"embeddable":true,"href":"https:\/\/www.samscoffee.co\/en\/wp-json\/wp\/v2\/comments?post=1801"}],"wp:featuredmedia":[{"embeddable":true,"href":"https:\/\/www.samscoffee.co\/en\/wp-json\/wp\/v2\/media\/1935"}],"wp:attachment":[{"href":"https:\/\/www.samscoffee.co\/en\/wp-json\/wp\/v2\/media?parent=1801"}],"wp:term":[{"taxonomy":"product_brand","embeddable":true,"href":"https:\/\/www.samscoffee.co\/en\/wp-json\/wp\/v2\/product_brand?post=1801"},{"taxonomy":"product_cat","embeddable":true,"href":"https:\/\/www.samscoffee.co\/en\/wp-json\/wp\/v2\/product_cat?post=1801"},{"taxonomy":"product_tag","embeddable":true,"href":"https:\/\/www.samscoffee.co\/en\/wp-json\/wp\/v2\/product_tag?post=1801"}],"curies":[{"name":"wp","href":"https:\/\/api.w.org\/{rel}","templated":true}]}}