{"id":1817,"date":"2021-04-19T10:40:30","date_gmt":"2021-04-19T10:40:30","guid":{"rendered":"https:\/\/www.samscoffee.co\/?post_type=product&#038;p=1817"},"modified":"2021-05-20T16:08:47","modified_gmt":"2021-05-20T16:08:47","slug":"vestel-kopuk-5000-sut-kopurtucu-ve-isitici","status":"publish","type":"product","link":"https:\/\/www.samscoffee.co\/en\/product\/vestel-kopuk-5000-sut-kopurtucu-ve-isitici\/","title":{"rendered":"Vestel K\u00f6p\u00fck 5000 S\u00fct K\u00f6p\u00fcrt\u00fcc\u00fc &#038; Is\u0131t\u0131c\u0131"},"content":{"rendered":"<ul>\n<li>500 ml s\u00fct \u0131s\u0131tma<\/li>\n<li>S\u0131cak \u00e7ikolata yapabilme<\/li>\n<li>350 ml s\u00fct k\u00f6p\u00fcrtme<\/li>\n<li>S\u0131cak ve so\u011fuk s\u00fct k\u00f6p\u00fc\u011f\u00fc haz\u0131rlama<\/li>\n<\/ul>","protected":false},"excerpt":{"rendered":"<p>500 ml s\u00fct \u0131s\u0131tma haznesiyle evinizde kadifemsi, lezzetli s\u00fct \u0131s\u0131tman\u0131z\u0131 sa\u011flayan Vestel <strong>s\u00fct k\u00f6p\u00fcrt\u00fcc\u00fc<\/strong> K\u00f6p\u00fck 5000 avantajl\u0131 fiyat\u0131yla Sams&#8217;de!<\/p>\n<p>[contact-form-7 id=&#8221;676&#8243; title=&#8221;ghv&#8221;]<\/p>","protected":false},"featured_media":1863,"comment_status":"open","ping_status":"closed","template":"","meta":[],"product_brand":[],"product_cat":[140],"product_tag":[352,351,353,354],"class_list":{"0":"post-1817","1":"product","2":"type-product","3":"status-publish","4":"has-post-thumbnail","6":"product_cat-sut-kopurtuculer","7":"product_tag-sut-isitici","8":"product_tag-sut-kopurtucu","9":"product_tag-vestel-kopuk-500","10":"product_tag-vestel-kopuk-5000","12":"first","13":"outofstock","14":"sale","15":"shipping-taxable","16":"purchasable","17":"product-type-simple"},"_links":{"self":[{"href":"https:\/\/www.samscoffee.co\/en\/wp-json\/wp\/v2\/product\/1817","targetHints":{"allow":["GET"]}}],"collection":[{"href":"https:\/\/www.samscoffee.co\/en\/wp-json\/wp\/v2\/product"}],"about":[{"href":"https:\/\/www.samscoffee.co\/en\/wp-json\/wp\/v2\/types\/product"}],"replies":[{"embeddable":true,"href":"https:\/\/www.samscoffee.co\/en\/wp-json\/wp\/v2\/comments?post=1817"}],"wp:featuredmedia":[{"embeddable":true,"href":"https:\/\/www.samscoffee.co\/en\/wp-json\/wp\/v2\/media\/1863"}],"wp:attachment":[{"href":"https:\/\/www.samscoffee.co\/en\/wp-json\/wp\/v2\/media?parent=1817"}],"wp:term":[{"taxonomy":"product_brand","embeddable":true,"href":"https:\/\/www.samscoffee.co\/en\/wp-json\/wp\/v2\/product_brand?post=1817"},{"taxonomy":"product_cat","embeddable":true,"href":"https:\/\/www.samscoffee.co\/en\/wp-json\/wp\/v2\/product_cat?post=1817"},{"taxonomy":"product_tag","embeddable":true,"href":"https:\/\/www.samscoffee.co\/en\/wp-json\/wp\/v2\/product_tag?post=1817"}],"curies":[{"name":"wp","href":"https:\/\/api.w.org\/{rel}","templated":true}]}}