{"id":1825,"date":"2021-05-14T15:33:54","date_gmt":"2021-05-14T15:33:54","guid":{"rendered":"https:\/\/www.samscoffee.co\/?post_type=product&#038;p=1825"},"modified":"2021-11-17T15:25:12","modified_gmt":"2021-11-17T15:25:12","slug":"hario-v60-buono-drip-kettle-1lt","status":"publish","type":"product","link":"https:\/\/www.samscoffee.co\/en\/product\/hario-v60-buono-drip-kettle-1lt\/","title":{"rendered":"Hario V60 Buono Drip Kettle 1lt"},"content":{"rendered":"<p>S\u0131cak suyun ak\u0131\u015f\u0131n\u0131 kontrol etmeye imkan sa\u011flayan Hario V60 Buono Kettle, Hario V60 Dripper\u2019lar ile kahve demlemek i\u00e7in \u00f6zel tasarlanm\u0131\u015f bir kettle. T\u00fcm d\u00fcnyada baristalar\u0131n birinci tercihi olan Hario V60 Buono Kettle kahve merakl\u0131lar\u0131n\u0131n da favorisi.<\/p>","protected":false},"excerpt":{"rendered":"<p>S\u0131cak suyun ak\u0131\u015f\u0131n\u0131 kontrol etmeye imkan sa\u011flayan Hario V60 Buono Kettle, Hario V60 Dripper\u2019lar ile kahve demlemek i\u00e7in \u00f6zel tasarlanm\u0131\u015f bir kettle. T\u00fcm d\u00fcnyada baristalar\u0131n birinci tercihi olan Hario V60 Buono Kettle kahve merakl\u0131lar\u0131n\u0131n da favorisi.<\/p>","protected":false},"featured_media":1826,"comment_status":"open","ping_status":"closed","template":"","meta":[],"product_brand":[],"product_cat":[47,145],"product_tag":[266,356,355],"class_list":{"0":"post-1825","1":"product","2":"type-product","3":"status-publish","4":"has-post-thumbnail","6":"product_cat-ekipmanlar","7":"product_cat-kahve-demleyici","8":"product_tag-hario","9":"product_tag-hario-drip-kettle","10":"product_tag-hario-v60-buono-drip-kettle","12":"first","13":"outofstock","14":"shipping-taxable","15":"purchasable","16":"product-type-simple"},"_links":{"self":[{"href":"https:\/\/www.samscoffee.co\/en\/wp-json\/wp\/v2\/product\/1825","targetHints":{"allow":["GET"]}}],"collection":[{"href":"https:\/\/www.samscoffee.co\/en\/wp-json\/wp\/v2\/product"}],"about":[{"href":"https:\/\/www.samscoffee.co\/en\/wp-json\/wp\/v2\/types\/product"}],"replies":[{"embeddable":true,"href":"https:\/\/www.samscoffee.co\/en\/wp-json\/wp\/v2\/comments?post=1825"}],"wp:featuredmedia":[{"embeddable":true,"href":"https:\/\/www.samscoffee.co\/en\/wp-json\/wp\/v2\/media\/1826"}],"wp:attachment":[{"href":"https:\/\/www.samscoffee.co\/en\/wp-json\/wp\/v2\/media?parent=1825"}],"wp:term":[{"taxonomy":"product_brand","embeddable":true,"href":"https:\/\/www.samscoffee.co\/en\/wp-json\/wp\/v2\/product_brand?post=1825"},{"taxonomy":"product_cat","embeddable":true,"href":"https:\/\/www.samscoffee.co\/en\/wp-json\/wp\/v2\/product_cat?post=1825"},{"taxonomy":"product_tag","embeddable":true,"href":"https:\/\/www.samscoffee.co\/en\/wp-json\/wp\/v2\/product_tag?post=1825"}],"curies":[{"name":"wp","href":"https:\/\/api.w.org\/{rel}","templated":true}]}}