{"id":1827,"date":"2021-05-14T15:36:40","date_gmt":"2021-05-14T15:36:40","guid":{"rendered":"https:\/\/www.samscoffee.co\/?post_type=product&#038;p=1827"},"modified":"2024-08-01T07:40:52","modified_gmt":"2024-08-01T07:40:52","slug":"hario-v60-02-siyah-seffaf-plastik-dripper","status":"publish","type":"product","link":"https:\/\/www.samscoffee.co\/en\/product\/hario-v60-02-siyah-seffaf-plastik-dripper\/","title":{"rendered":"Hario V60 02 Siyah \u015eeffaf Plastik Dripper"},"content":{"rendered":"<p>Hario\u2019nun ikonik tasar\u0131ma sahip V60 02 Dripper\u2019\u0131n spiralli yap\u0131s\u0131 sayesinde suyun ak\u0131\u015f h\u0131z\u0131n\u0131 optimum derecede ayarlayarak lezzetli kahveler demlemenizi sa\u011fl\u0131yor. Bu Hario V60 Dripper k\u0131r\u0131lmaya dayan\u0131kl\u0131 malzeme yap\u0131s\u0131 ile yan\u0131n\u0131zda ta\u015f\u0131yamaya uygun bir \u00fcr\u00fcnd\u00fcr.<\/p>\n<p>* G\u0131da ile temasa uygun Acrylonitrile-styrene resinden \u00fcretilmi\u015ftir.<br \/>\n* Japonya\u2019da \u00fcretilmi\u015ftir.<\/p>","protected":false},"excerpt":{"rendered":"<p>Hario\u2019nun en \u00e7ok tercih edilen modellerinden biri olan 02 ebata sahip bu dripper ile 1-4 fincan kahve demleyebilirsiniz.<\/p>","protected":false},"featured_media":2335,"comment_status":"open","ping_status":"closed","template":"","meta":[],"product_brand":[],"product_cat":[47,145,142,139],"product_tag":[333,266,357,224,359,313,358,405,332,227,404],"class_list":{"0":"post-1827","1":"product","2":"type-product","3":"status-publish","4":"has-post-thumbnail","6":"product_cat-ekipmanlar","7":"product_cat-kahve-demleyici","8":"product_cat-setler","9":"product_cat-v60","10":"product_tag-dripper","11":"product_tag-hario","12":"product_tag-hario-set","13":"product_tag-kahve-demleme-seti","14":"product_tag-kahve-seti","15":"product_tag-kahve-setleri","16":"product_tag-seffaf-dripper","17":"product_tag-v60-coffee","18":"product_tag-v60-dripper","19":"product_tag-v60-seramik","20":"product_tag-v60-set","22":"first","23":"instock","24":"shipping-taxable","25":"purchasable","26":"product-type-simple"},"_links":{"self":[{"href":"https:\/\/www.samscoffee.co\/en\/wp-json\/wp\/v2\/product\/1827","targetHints":{"allow":["GET"]}}],"collection":[{"href":"https:\/\/www.samscoffee.co\/en\/wp-json\/wp\/v2\/product"}],"about":[{"href":"https:\/\/www.samscoffee.co\/en\/wp-json\/wp\/v2\/types\/product"}],"replies":[{"embeddable":true,"href":"https:\/\/www.samscoffee.co\/en\/wp-json\/wp\/v2\/comments?post=1827"}],"wp:featuredmedia":[{"embeddable":true,"href":"https:\/\/www.samscoffee.co\/en\/wp-json\/wp\/v2\/media\/2335"}],"wp:attachment":[{"href":"https:\/\/www.samscoffee.co\/en\/wp-json\/wp\/v2\/media?parent=1827"}],"wp:term":[{"taxonomy":"product_brand","embeddable":true,"href":"https:\/\/www.samscoffee.co\/en\/wp-json\/wp\/v2\/product_brand?post=1827"},{"taxonomy":"product_cat","embeddable":true,"href":"https:\/\/www.samscoffee.co\/en\/wp-json\/wp\/v2\/product_cat?post=1827"},{"taxonomy":"product_tag","embeddable":true,"href":"https:\/\/www.samscoffee.co\/en\/wp-json\/wp\/v2\/product_tag?post=1827"}],"curies":[{"name":"wp","href":"https:\/\/api.w.org\/{rel}","templated":true}]}}