{"id":1831,"date":"2021-05-14T15:41:38","date_gmt":"2021-05-14T15:41:38","guid":{"rendered":"https:\/\/www.samscoffee.co\/?post_type=product&#038;p=1831"},"modified":"2021-11-17T15:24:24","modified_gmt":"2021-11-17T15:24:24","slug":"hario-skerton-plus-seramik-kahve-degirmeni","status":"publish","type":"product","link":"https:\/\/www.samscoffee.co\/en\/product\/hario-skerton-plus-seramik-kahve-degirmeni\/","title":{"rendered":"Hario Skerton Plus Seramik Kahve De\u011firmeni"},"content":{"rendered":"<p>Taze \u00f6\u011f\u00fct\u00fclm\u00fc\u015f \u00e7ekirdek kahve iyi bir kahvenin yapman\u0131n olmazsa olmaz\u0131. Hario Skerton <strong>Kahve De\u011firmeni<\/strong> sa\u011flam ve tutarl\u0131 \u00f6\u011f\u00fctme performans\u0131yla kahve severlerin ve baristalar\u0131n en \u00e7ok tercih etti\u011fi el de\u011firmeni modellerinden bir tanesi. Seramik di\u015fliye sahip \u00f6\u011f\u00fctme mekanizmas\u0131 sayesinde kahvenizi yakmadan \u00f6\u011f\u00fctebilirsiniz.<\/p>\n<p>\u00d6zellikler:<br \/>\n\u2022 Ayarlanabilir \u00d6\u011f\u00fctme Mekanizmas\u0131 (Filtre Kahve, French Press, V60, Chemex, Aeropress)<br \/>\n\u2022 100g Cam Saklama Haznesi<br \/>\n\u2022 Seramik \u00d6\u011f\u00fctme Di\u015flisi<br \/>\n\u2022 Makinada y\u0131kanabilir.<\/p>","protected":false},"excerpt":{"rendered":"<p>Yeni Skerton Plus modeli i\u00e7inde yer alan geli\u015ftirilmi\u015f sabitleyici mekanizma ise daha homojen \u00f6\u011f\u00fctme performans\u0131 sa\u011fl\u0131yor. Kapa\u011f\u0131yla gelen alt cam haznesini saklama kab\u0131 olarak kullanabilirsiniz.<\/p>","protected":false},"featured_media":1832,"comment_status":"open","ping_status":"closed","template":"","meta":[],"product_brand":[],"product_cat":[47,141],"product_tag":[266,360,361],"class_list":{"0":"post-1831","1":"product","2":"type-product","3":"status-publish","4":"has-post-thumbnail","6":"product_cat-ekipmanlar","7":"product_cat-kahve-degirmenleri","8":"product_tag-hario","9":"product_tag-hario-skerton-plus-seramik-kahve-degirmeni","10":"product_tag-seramik-kahve-degirmeni","12":"first","13":"outofstock","14":"shipping-taxable","15":"purchasable","16":"product-type-simple"},"_links":{"self":[{"href":"https:\/\/www.samscoffee.co\/en\/wp-json\/wp\/v2\/product\/1831","targetHints":{"allow":["GET"]}}],"collection":[{"href":"https:\/\/www.samscoffee.co\/en\/wp-json\/wp\/v2\/product"}],"about":[{"href":"https:\/\/www.samscoffee.co\/en\/wp-json\/wp\/v2\/types\/product"}],"replies":[{"embeddable":true,"href":"https:\/\/www.samscoffee.co\/en\/wp-json\/wp\/v2\/comments?post=1831"}],"wp:featuredmedia":[{"embeddable":true,"href":"https:\/\/www.samscoffee.co\/en\/wp-json\/wp\/v2\/media\/1832"}],"wp:attachment":[{"href":"https:\/\/www.samscoffee.co\/en\/wp-json\/wp\/v2\/media?parent=1831"}],"wp:term":[{"taxonomy":"product_brand","embeddable":true,"href":"https:\/\/www.samscoffee.co\/en\/wp-json\/wp\/v2\/product_brand?post=1831"},{"taxonomy":"product_cat","embeddable":true,"href":"https:\/\/www.samscoffee.co\/en\/wp-json\/wp\/v2\/product_cat?post=1831"},{"taxonomy":"product_tag","embeddable":true,"href":"https:\/\/www.samscoffee.co\/en\/wp-json\/wp\/v2\/product_tag?post=1831"}],"curies":[{"name":"wp","href":"https:\/\/api.w.org\/{rel}","templated":true}]}}