{"id":1833,"date":"2021-05-14T15:44:10","date_gmt":"2021-05-14T15:44:10","guid":{"rendered":"https:\/\/www.samscoffee.co\/?post_type=product&#038;p=1833"},"modified":"2023-05-23T09:40:34","modified_gmt":"2023-05-23T09:40:34","slug":"hario-v60-02-dripper-seffaf-plastik","status":"publish","type":"product","link":"https:\/\/www.samscoffee.co\/en\/product\/hario-v60-02-dripper-seffaf-plastik\/","title":{"rendered":"Hario V60 02 Dripper (\u015eeffaf Plastik)"},"content":{"rendered":"<p>* \u00d6l\u00e7\u00fc ka\u015f\u0131\u011f\u0131 i\u00e7erir. (Polipropilen)<br \/>\n* G\u0131da ile temasa uygun Acrylonitrile-styrene resinden \u00fcretilmi\u015ftir.<br \/>\n* Japonya&#8217;da \u00fcretilmi\u015ftir.<\/p>","protected":false},"excerpt":{"rendered":"<p>Hario\u2019nun icat etti\u011fi kahve merakl\u0131lar\u0131 ve baristalar\u0131n favorisi Hario V60 02 Dripper\u2019\u0131n \u015feffaf modelini \u00e7ok seveceksiniz. Hario V60 02 Dripper\u2019\u0131n suyun ak\u0131\u015f h\u0131z\u0131n\u0131 ve s\u0131cakl\u0131\u011f\u0131n\u0131 kontrol eden spiral yap\u0131s\u0131yla suyun ak\u0131\u015f zaman\u0131n\u0131 kontrol ederek leziz bir kahve demlemenizi sa\u011fl\u0131yor.<\/p>","protected":false},"featured_media":1834,"comment_status":"open","ping_status":"closed","template":"","meta":[],"product_brand":[],"product_cat":[47,139],"product_tag":[333,266,152,332,362],"class_list":{"0":"post-1833","1":"product","2":"type-product","3":"status-publish","4":"has-post-thumbnail","6":"product_cat-ekipmanlar","7":"product_cat-v60","8":"product_tag-dripper","9":"product_tag-hario","10":"product_tag-kahve-demleme","11":"product_tag-v60-dripper","12":"product_tag-v60-ile-kahve-demleme","14":"first","15":"outofstock","16":"shipping-taxable","17":"purchasable","18":"product-type-simple"},"_links":{"self":[{"href":"https:\/\/www.samscoffee.co\/en\/wp-json\/wp\/v2\/product\/1833","targetHints":{"allow":["GET"]}}],"collection":[{"href":"https:\/\/www.samscoffee.co\/en\/wp-json\/wp\/v2\/product"}],"about":[{"href":"https:\/\/www.samscoffee.co\/en\/wp-json\/wp\/v2\/types\/product"}],"replies":[{"embeddable":true,"href":"https:\/\/www.samscoffee.co\/en\/wp-json\/wp\/v2\/comments?post=1833"}],"wp:featuredmedia":[{"embeddable":true,"href":"https:\/\/www.samscoffee.co\/en\/wp-json\/wp\/v2\/media\/1834"}],"wp:attachment":[{"href":"https:\/\/www.samscoffee.co\/en\/wp-json\/wp\/v2\/media?parent=1833"}],"wp:term":[{"taxonomy":"product_brand","embeddable":true,"href":"https:\/\/www.samscoffee.co\/en\/wp-json\/wp\/v2\/product_brand?post=1833"},{"taxonomy":"product_cat","embeddable":true,"href":"https:\/\/www.samscoffee.co\/en\/wp-json\/wp\/v2\/product_cat?post=1833"},{"taxonomy":"product_tag","embeddable":true,"href":"https:\/\/www.samscoffee.co\/en\/wp-json\/wp\/v2\/product_tag?post=1833"}],"curies":[{"name":"wp","href":"https:\/\/api.w.org\/{rel}","templated":true}]}}