{"id":1835,"date":"2021-05-14T15:45:52","date_gmt":"2021-05-14T15:45:52","guid":{"rendered":"https:\/\/www.samscoffee.co\/?post_type=product&#038;p=1835"},"modified":"2021-11-17T15:23:54","modified_gmt":"2021-11-17T15:23:54","slug":"hario-v60-buono-drip-kettle-mat-siyah-1-2lt","status":"publish","type":"product","link":"https:\/\/www.samscoffee.co\/en\/product\/hario-v60-buono-drip-kettle-mat-siyah-1-2lt\/","title":{"rendered":"Hario V60 Buono Drip Kettle Mat Siyah 1.2lt"},"content":{"rendered":"<p>\u2022 1.2 litre kapasite<br \/>\n\u2022 Mat Siyah<br \/>\n\u2022 Paslanmaz \u00c7elik<br \/>\n\u2022 Ergonomik tutacak ve suyun ak\u0131\u015f h\u0131z\u0131n\u0131 ve miktar\u0131n\u0131 hassas bir \u015fekilde kontrol etmenizi sa\u011flayan tasar\u0131m.<br \/>\n\u2022 \u0130nd\u00fcksiyonlu ve gazl\u0131 ocak \u00fczerinde kullan\u0131labilir.<br \/>\n\u2022 Japonya\u2019da \u00fcretilmi\u015ftir.<\/p>","protected":false},"excerpt":{"rendered":"<p>\u2022 1.2 litre kapasite \u2022 Mat Siyah \u2022 Paslanmaz \u00c7elik \u2022 Ergonomik tutacak ve suyun ak\u0131\u015f h\u0131z\u0131n\u0131 ve miktar\u0131n\u0131 hassas bir \u015fekilde kontrol etmenizi sa\u011flayan tasar\u0131m. \u2022 \u0130nd\u00fcksiyonlu ve gazl\u0131 ocak \u00fczerinde kullan\u0131labilir. \u2022 Japonya\u2019da \u00fcretilmi\u015ftir.<\/p>","protected":false},"featured_media":1836,"comment_status":"open","ping_status":"closed","template":"","meta":[],"product_brand":[],"product_cat":[47,145],"product_tag":[267,266,355],"class_list":{"0":"post-1835","1":"product","2":"type-product","3":"status-publish","4":"has-post-thumbnail","6":"product_cat-ekipmanlar","7":"product_cat-kahve-demleyici","8":"product_tag-drip-kettle","9":"product_tag-hario","10":"product_tag-hario-v60-buono-drip-kettle","12":"first","13":"outofstock","14":"shipping-taxable","15":"purchasable","16":"product-type-simple"},"_links":{"self":[{"href":"https:\/\/www.samscoffee.co\/en\/wp-json\/wp\/v2\/product\/1835","targetHints":{"allow":["GET"]}}],"collection":[{"href":"https:\/\/www.samscoffee.co\/en\/wp-json\/wp\/v2\/product"}],"about":[{"href":"https:\/\/www.samscoffee.co\/en\/wp-json\/wp\/v2\/types\/product"}],"replies":[{"embeddable":true,"href":"https:\/\/www.samscoffee.co\/en\/wp-json\/wp\/v2\/comments?post=1835"}],"wp:featuredmedia":[{"embeddable":true,"href":"https:\/\/www.samscoffee.co\/en\/wp-json\/wp\/v2\/media\/1836"}],"wp:attachment":[{"href":"https:\/\/www.samscoffee.co\/en\/wp-json\/wp\/v2\/media?parent=1835"}],"wp:term":[{"taxonomy":"product_brand","embeddable":true,"href":"https:\/\/www.samscoffee.co\/en\/wp-json\/wp\/v2\/product_brand?post=1835"},{"taxonomy":"product_cat","embeddable":true,"href":"https:\/\/www.samscoffee.co\/en\/wp-json\/wp\/v2\/product_cat?post=1835"},{"taxonomy":"product_tag","embeddable":true,"href":"https:\/\/www.samscoffee.co\/en\/wp-json\/wp\/v2\/product_tag?post=1835"}],"curies":[{"name":"wp","href":"https:\/\/api.w.org\/{rel}","templated":true}]}}