{"id":1838,"date":"2021-05-14T18:13:35","date_gmt":"2021-05-14T18:13:35","guid":{"rendered":"https:\/\/www.samscoffee.co\/?post_type=product&#038;p=1838"},"modified":"2021-11-17T15:23:42","modified_gmt":"2021-11-17T15:23:42","slug":"hario-mini-plus-seramik-kahve-degirmeni","status":"publish","type":"product","link":"https:\/\/www.samscoffee.co\/en\/product\/hario-mini-plus-seramik-kahve-degirmeni\/","title":{"rendered":"Hario Mini Plus Seramik Kahve De\u011firmeni"},"content":{"rendered":"<p>Hario Mini Plus El De\u011firmeninin kompakt boyutlar\u0131 ve kolay ayarlanabilen ayar mekan\u0131zmas\u0131 sayesinde \u00e7ekirdek kahvenizi kolayl\u0131kla \u00f6\u011f\u00fctebilirsiniz. Ayr\u0131ca yeni mini plus g\u00fc\u00e7lendirilmi\u015f \u00f6\u011f\u00fctme kolu ve alt\u0131gen \u00f6\u011f\u00fctme kolu adaptor\u00fc sayesinde art\u0131k daha dayan\u0131kl\u0131.<\/p>\n<p>Maksimum tazelikte elde edece\u011finiz \u00f6\u011f\u00fct\u00fclm\u00fc\u015f kahvenizi iste\u011finize g\u00f6re; V60, Syphon, French Press ya da di\u011fer kahve demleme metotlar\u0131yla kullanabilirsiniz. Her seferinde istedi\u011finiz kalite ve tazelikte elde edece\u011finiz kahvenizi demledi\u011finizde i\u00e7mekten b\u00fcy\u00fck keyif alacaks\u0131n\u0131z.<\/p>","protected":false},"excerpt":{"rendered":"<p>Hario Mini Plus El De\u011firmeninin kompakt boyutlar\u0131 ve kolay ayarlanabilen ayar mekan\u0131zmas\u0131 sayesinde \u00e7ekirdek kahvenizi kolayl\u0131kla \u00f6\u011f\u00fctebilirsiniz. Ayr\u0131ca yeni mini plus g\u00fc\u00e7lendirilmi\u015f \u00f6\u011f\u00fctme kolu ve alt\u0131gen \u00f6\u011f\u00fctme kolu adaptor\u00fc sayesinde art\u0131k daha dayan\u0131kl\u0131. Maksimum tazelikte elde edece\u011finiz \u00f6\u011f\u00fct\u00fclm\u00fc\u015f kahvenizi iste\u011finize g\u00f6re; V60, Syphon, French Press ya da di\u011fer kahve demleme metotlar\u0131yla kullanabilirsiniz. Her seferinde istedi\u011finiz kalite ve tazelikte elde edece\u011finiz kahvenizi demledi\u011finizde i\u00e7mekten b\u00fcy\u00fck keyif alacaks\u0131n\u0131z.<\/p>","protected":false},"featured_media":1839,"comment_status":"open","ping_status":"closed","template":"","meta":[],"product_brand":[],"product_cat":[47,141],"product_tag":[266,363,215,214],"class_list":{"0":"post-1838","1":"product","2":"type-product","3":"status-publish","4":"has-post-thumbnail","6":"product_cat-ekipmanlar","7":"product_cat-kahve-degirmenleri","8":"product_tag-hario","9":"product_tag-hario-kahve-degirmeni","10":"product_tag-kahve-degirmeni","11":"product_tag-kahve-ogutucu","13":"first","14":"outofstock","15":"shipping-taxable","16":"purchasable","17":"product-type-simple"},"_links":{"self":[{"href":"https:\/\/www.samscoffee.co\/en\/wp-json\/wp\/v2\/product\/1838","targetHints":{"allow":["GET"]}}],"collection":[{"href":"https:\/\/www.samscoffee.co\/en\/wp-json\/wp\/v2\/product"}],"about":[{"href":"https:\/\/www.samscoffee.co\/en\/wp-json\/wp\/v2\/types\/product"}],"replies":[{"embeddable":true,"href":"https:\/\/www.samscoffee.co\/en\/wp-json\/wp\/v2\/comments?post=1838"}],"wp:featuredmedia":[{"embeddable":true,"href":"https:\/\/www.samscoffee.co\/en\/wp-json\/wp\/v2\/media\/1839"}],"wp:attachment":[{"href":"https:\/\/www.samscoffee.co\/en\/wp-json\/wp\/v2\/media?parent=1838"}],"wp:term":[{"taxonomy":"product_brand","embeddable":true,"href":"https:\/\/www.samscoffee.co\/en\/wp-json\/wp\/v2\/product_brand?post=1838"},{"taxonomy":"product_cat","embeddable":true,"href":"https:\/\/www.samscoffee.co\/en\/wp-json\/wp\/v2\/product_cat?post=1838"},{"taxonomy":"product_tag","embeddable":true,"href":"https:\/\/www.samscoffee.co\/en\/wp-json\/wp\/v2\/product_tag?post=1838"}],"curies":[{"name":"wp","href":"https:\/\/api.w.org\/{rel}","templated":true}]}}