{"id":1840,"date":"2021-05-14T18:15:52","date_gmt":"2021-05-14T18:15:52","guid":{"rendered":"https:\/\/www.samscoffee.co\/?post_type=product&#038;p=1840"},"modified":"2025-06-03T21:56:21","modified_gmt":"2025-06-03T21:56:21","slug":"hario-v60-range-servis-surahisi-600-ml","status":"publish","type":"product","link":"https:\/\/www.samscoffee.co\/en\/product\/hario-v60-range-servis-surahisi-600-ml\/","title":{"rendered":"Hario V60 Range Servis S\u00fcrahisi 600 ml"},"content":{"rendered":"<p>T\u00fcm Hario V60 modelleriyle birlikte misafirlerinize kahve servisi i\u00e7in kullanabilece\u011finiz 600 ml. kapasiteli Hario Range Servis S\u00fcrahisi hem \u015f\u0131k, hem kullan\u0131\u015fl\u0131.<\/p>","protected":false},"excerpt":{"rendered":"<p>T\u00fcm Hario V60 modelleriyle birlikte misafirlerinize kahve servisi i\u00e7in kullanabilece\u011finiz 600 ml. kapasiteli Hario Range Servis S\u00fcrahisi hem \u015f\u0131k, hem kullan\u0131\u015fl\u0131.<\/p>","protected":false},"featured_media":1841,"comment_status":"open","ping_status":"closed","template":"","meta":[],"product_brand":[],"product_cat":[145],"product_tag":[266,152,311,346,364],"class_list":{"0":"post-1840","1":"product","2":"type-product","3":"status-publish","4":"has-post-thumbnail","6":"product_cat-kahve-demleyici","7":"product_tag-hario","8":"product_tag-kahve-demleme","9":"product_tag-kahve-demleme-ekipmanlari","10":"product_tag-kahve-demleme-surahisi","11":"product_tag-surahi","13":"first","14":"outofstock","15":"shipping-taxable","16":"purchasable","17":"product-type-simple"},"_links":{"self":[{"href":"https:\/\/www.samscoffee.co\/en\/wp-json\/wp\/v2\/product\/1840","targetHints":{"allow":["GET"]}}],"collection":[{"href":"https:\/\/www.samscoffee.co\/en\/wp-json\/wp\/v2\/product"}],"about":[{"href":"https:\/\/www.samscoffee.co\/en\/wp-json\/wp\/v2\/types\/product"}],"replies":[{"embeddable":true,"href":"https:\/\/www.samscoffee.co\/en\/wp-json\/wp\/v2\/comments?post=1840"}],"wp:featuredmedia":[{"embeddable":true,"href":"https:\/\/www.samscoffee.co\/en\/wp-json\/wp\/v2\/media\/1841"}],"wp:attachment":[{"href":"https:\/\/www.samscoffee.co\/en\/wp-json\/wp\/v2\/media?parent=1840"}],"wp:term":[{"taxonomy":"product_brand","embeddable":true,"href":"https:\/\/www.samscoffee.co\/en\/wp-json\/wp\/v2\/product_brand?post=1840"},{"taxonomy":"product_cat","embeddable":true,"href":"https:\/\/www.samscoffee.co\/en\/wp-json\/wp\/v2\/product_cat?post=1840"},{"taxonomy":"product_tag","embeddable":true,"href":"https:\/\/www.samscoffee.co\/en\/wp-json\/wp\/v2\/product_tag?post=1840"}],"curies":[{"name":"wp","href":"https:\/\/api.w.org\/{rel}","templated":true}]}}