{"id":1842,"date":"2021-05-14T20:46:23","date_gmt":"2021-05-14T20:46:23","guid":{"rendered":"https:\/\/www.samscoffee.co\/?post_type=product&#038;p=1842"},"modified":"2025-06-04T01:31:33","modified_gmt":"2025-06-04T01:31:33","slug":"hario-v60-craft-kahve-demleme-seti","status":"publish","type":"product","link":"https:\/\/www.samscoffee.co\/en\/product\/hario-v60-craft-kahve-demleme-seti\/","title":{"rendered":"Hario V60 Craft Kahve Demleme Seti"},"content":{"rendered":"<p>Hario V60 Craft Coffee Maker seti i\u00e7erisinde yer alan ve \u0131s\u0131ya dayan\u0131kl\u0131 camdan olu\u015fan V60 servis s\u00fcrahisinin rengi V60 Plastik Dripper ile uyumlulu\u011fu ile \u00e7arp\u0131c\u0131 bir g\u00f6r\u00fcn\u00fcme sahiptir.<\/p>\n<p>\u0130\u00e7erisine filtre ka\u011f\u0131d\u0131 yerle\u015ftirilen V60 Plastik Dripper, set i\u00e7erisinde yer alan servis s\u00fcrahisinin \u00fczerine konur. S\u0131cak su ile filtre ka\u011f\u0131d\u0131 \u0131slat\u0131l\u0131r. Ard\u0131ndan servis s\u00fcrahisinde toplanan su d\u00f6k\u00fcl\u00fcr. \u00d6\u011f\u00fct\u00fclm\u00fc\u015f kahve filtre ka\u011f\u0131d\u0131n\u0131n i\u00e7erisine konarak el ile hafif\u00e7e sallan\u0131r ve d\u00fcz bir y\u00fczey olu\u015fturulur. Hario V60 Kettle i\u00e7erindeki s\u0131cak su yava\u015f\u00e7a d\u00f6k\u00fcl\u00fcr ve k\u0131sa bir s\u00fcre beklenir. Sonra s\u0131cak su merkezden d\u0131\u015fa, d\u0131\u015ftan merkeze olacak \u015fekilde daireler \u00e7izerek yava\u015f\u00e7a eklenir. Burada dikkat edilmesi gereken duvarlara yakla\u015ft\u0131k\u00e7a filtre ka\u011f\u0131d\u0131na temas etmemesidir. Son olarak su yava\u015f\u00e7a merkeze d\u00f6k\u00fcl\u00fcr ve demlenmi\u015f olan kahve servis edilir.<\/p>\n<p>Hario V60 Kahve Demleme Setinin \u0130\u00e7indekiler:<br \/>\n*1 adet Plastik V60 Coffee Dripper-02<br \/>\n(G\u0131da ile temasa uygun Acrylonitrile-styrene resinden \u00fcretilmi\u015ftir.)<br \/>\n*1 adet V60 02 Cam Servis S\u00fcrahisi 600 ml<br \/>\n*1 adet \u00d6l\u00e7\u00fc Ka\u015f\u0131\u011f\u0131<br \/>\n*40 adet Filtre Ka\u011f\u0131d\u0131-02 (Hollanda)<br \/>\n*\u015eeffaf Dripper Japonya\u2019da, Cam Server Almanya\u2019da \u00fcretilmi\u015ftir.<\/p>","protected":false},"excerpt":{"rendered":"<p>Kahve demlemeye yeni bir ba\u015flang\u0131\u00e7 paketi olan bu \u00fcr\u00fcn ile herkes rahatl\u0131kla \u00f6zel damlama y\u00f6ntemiyle kahvesini demleyebilir. Kolayl\u0131kla k\u0131r\u0131lmayacak olan ve set i\u00e7erisinde yer alan V60 Plastik Dripper\u2019\u0131 yere d\u00fc\u015f\u00fcrme korkusu olmadan seyahatlerinizde de rahatl\u0131kla kullanabilirsiniz.<\/p>","protected":false},"featured_media":1843,"comment_status":"open","ping_status":"closed","template":"","meta":[],"product_brand":[],"product_cat":[47,145,142],"product_tag":[406,266,405,332,227,404],"class_list":{"0":"post-1842","1":"product","2":"type-product","3":"status-publish","4":"has-post-thumbnail","6":"product_cat-ekipmanlar","7":"product_cat-kahve-demleyici","8":"product_cat-setler","9":"product_tag-dripper-v60","10":"product_tag-hario","11":"product_tag-v60-coffee","12":"product_tag-v60-dripper","13":"product_tag-v60-seramik","14":"product_tag-v60-set","16":"first","17":"outofstock","18":"shipping-taxable","19":"purchasable","20":"product-type-simple"},"_links":{"self":[{"href":"https:\/\/www.samscoffee.co\/en\/wp-json\/wp\/v2\/product\/1842","targetHints":{"allow":["GET"]}}],"collection":[{"href":"https:\/\/www.samscoffee.co\/en\/wp-json\/wp\/v2\/product"}],"about":[{"href":"https:\/\/www.samscoffee.co\/en\/wp-json\/wp\/v2\/types\/product"}],"replies":[{"embeddable":true,"href":"https:\/\/www.samscoffee.co\/en\/wp-json\/wp\/v2\/comments?post=1842"}],"wp:featuredmedia":[{"embeddable":true,"href":"https:\/\/www.samscoffee.co\/en\/wp-json\/wp\/v2\/media\/1843"}],"wp:attachment":[{"href":"https:\/\/www.samscoffee.co\/en\/wp-json\/wp\/v2\/media?parent=1842"}],"wp:term":[{"taxonomy":"product_brand","embeddable":true,"href":"https:\/\/www.samscoffee.co\/en\/wp-json\/wp\/v2\/product_brand?post=1842"},{"taxonomy":"product_cat","embeddable":true,"href":"https:\/\/www.samscoffee.co\/en\/wp-json\/wp\/v2\/product_cat?post=1842"},{"taxonomy":"product_tag","embeddable":true,"href":"https:\/\/www.samscoffee.co\/en\/wp-json\/wp\/v2\/product_tag?post=1842"}],"curies":[{"name":"wp","href":"https:\/\/api.w.org\/{rel}","templated":true}]}}