{"id":1844,"date":"2021-05-14T20:48:17","date_gmt":"2021-05-14T20:48:17","guid":{"rendered":"https:\/\/www.samscoffee.co\/?post_type=product&#038;p=1844"},"modified":"2021-11-17T15:23:06","modified_gmt":"2021-11-17T15:23:06","slug":"hario-v60-02-siyah-cam-dripper","status":"publish","type":"product","link":"https:\/\/www.samscoffee.co\/en\/product\/hario-v60-02-siyah-cam-dripper\/","title":{"rendered":"Hario V60 02 Siyah Cam Dripper"},"content":{"rendered":"<p>En y\u00fcksek kalite \u0131s\u0131ya dayan\u0131kl\u0131 camdan Japonya\u2019da \u00fcretilen bu model, dayan\u0131kl\u0131 g\u00f6vdesi ve y\u00fcksek \u0131s\u0131 tutma kapasitesiyle V60 severlerin en \u00e7ok tercih etti\u011fi modellerden bir tanesi. 1-4 fincan aras\u0131 kahve demleyebilece\u011finiz bu modelin i\u00e7inde \u00f6l\u00e7\u00fc ka\u015f\u0131\u011f\u0131 da bulunmaktad\u0131r.<\/p>\n<p>* \u00d6l\u00e7\u00fc ka\u015f\u0131\u011f\u0131 i\u00e7erir. (Polipropilen)<br \/>\n* Japonya&#8217;da \u00fcretilmi\u015ftir.<\/p>","protected":false},"excerpt":{"rendered":"<p>En y\u00fcksek kalite \u0131s\u0131ya dayan\u0131kl\u0131 camdan Japonya\u2019da \u00fcretilen bu model, dayan\u0131kl\u0131 g\u00f6vdesi ve y\u00fcksek \u0131s\u0131 tutma kapasitesiyle V60 severlerin en \u00e7ok tercih etti\u011fi modellerden bir tanesi. 1-4 fincan aras\u0131 kahve demleyebilece\u011finiz bu modelin i\u00e7inde \u00f6l\u00e7\u00fc ka\u015f\u0131\u011f\u0131 da bulunmaktad\u0131r. * \u00d6l\u00e7\u00fc ka\u015f\u0131\u011f\u0131 i\u00e7erir. (Polipropilen) * Japonya&#8217;da \u00fcretilmi\u015ftir.<\/p>","protected":false},"featured_media":1846,"comment_status":"open","ping_status":"closed","template":"","meta":[],"product_brand":[],"product_cat":[47,139],"product_tag":[266,365,332],"class_list":{"0":"post-1844","1":"product","2":"type-product","3":"status-publish","4":"has-post-thumbnail","6":"product_cat-ekipmanlar","7":"product_cat-v60","8":"product_tag-hario","9":"product_tag-hario-dripper-setleri","10":"product_tag-v60-dripper","12":"first","13":"outofstock","14":"shipping-taxable","15":"purchasable","16":"product-type-simple"},"_links":{"self":[{"href":"https:\/\/www.samscoffee.co\/en\/wp-json\/wp\/v2\/product\/1844","targetHints":{"allow":["GET"]}}],"collection":[{"href":"https:\/\/www.samscoffee.co\/en\/wp-json\/wp\/v2\/product"}],"about":[{"href":"https:\/\/www.samscoffee.co\/en\/wp-json\/wp\/v2\/types\/product"}],"replies":[{"embeddable":true,"href":"https:\/\/www.samscoffee.co\/en\/wp-json\/wp\/v2\/comments?post=1844"}],"wp:featuredmedia":[{"embeddable":true,"href":"https:\/\/www.samscoffee.co\/en\/wp-json\/wp\/v2\/media\/1846"}],"wp:attachment":[{"href":"https:\/\/www.samscoffee.co\/en\/wp-json\/wp\/v2\/media?parent=1844"}],"wp:term":[{"taxonomy":"product_brand","embeddable":true,"href":"https:\/\/www.samscoffee.co\/en\/wp-json\/wp\/v2\/product_brand?post=1844"},{"taxonomy":"product_cat","embeddable":true,"href":"https:\/\/www.samscoffee.co\/en\/wp-json\/wp\/v2\/product_cat?post=1844"},{"taxonomy":"product_tag","embeddable":true,"href":"https:\/\/www.samscoffee.co\/en\/wp-json\/wp\/v2\/product_tag?post=1844"}],"curies":[{"name":"wp","href":"https:\/\/api.w.org\/{rel}","templated":true}]}}