{"id":1848,"date":"2021-05-14T20:50:08","date_gmt":"2021-05-14T20:50:08","guid":{"rendered":"https:\/\/www.samscoffee.co\/?post_type=product&#038;p=1848"},"modified":"2021-11-17T15:22:54","modified_gmt":"2021-11-17T15:22:54","slug":"v60-drip-standi","status":"publish","type":"product","link":"https:\/\/www.samscoffee.co\/en\/product\/v60-drip-standi\/","title":{"rendered":"V60 Drip Stand\u0131"},"content":{"rendered":"","protected":false},"excerpt":{"rendered":"<p>Hario V60 ile uyumlu \u00e7ok zarif ve i\u015flevsel tasar\u0131ma sahip bu stand V60 dripper ve s\u00fcrahiyi ta\u015f\u0131yarak zahmetsizce lezzetli bir kahve elde etmenizi sa\u011flar.<\/p>","protected":false},"featured_media":1849,"comment_status":"open","ping_status":"closed","template":"","meta":[],"product_brand":[],"product_cat":[47,146],"product_tag":[367,266,151,366],"class_list":{"0":"post-1848","1":"product","2":"type-product","3":"status-publish","4":"has-post-thumbnail","6":"product_cat-ekipmanlar","7":"product_cat-yedek-parcalar","8":"product_tag-drip-standi","9":"product_tag-hario","10":"product_tag-hario-v60","11":"product_tag-v60-drip-standi","13":"first","14":"outofstock","15":"shipping-taxable","16":"purchasable","17":"product-type-simple"},"_links":{"self":[{"href":"https:\/\/www.samscoffee.co\/en\/wp-json\/wp\/v2\/product\/1848","targetHints":{"allow":["GET"]}}],"collection":[{"href":"https:\/\/www.samscoffee.co\/en\/wp-json\/wp\/v2\/product"}],"about":[{"href":"https:\/\/www.samscoffee.co\/en\/wp-json\/wp\/v2\/types\/product"}],"replies":[{"embeddable":true,"href":"https:\/\/www.samscoffee.co\/en\/wp-json\/wp\/v2\/comments?post=1848"}],"wp:featuredmedia":[{"embeddable":true,"href":"https:\/\/www.samscoffee.co\/en\/wp-json\/wp\/v2\/media\/1849"}],"wp:attachment":[{"href":"https:\/\/www.samscoffee.co\/en\/wp-json\/wp\/v2\/media?parent=1848"}],"wp:term":[{"taxonomy":"product_brand","embeddable":true,"href":"https:\/\/www.samscoffee.co\/en\/wp-json\/wp\/v2\/product_brand?post=1848"},{"taxonomy":"product_cat","embeddable":true,"href":"https:\/\/www.samscoffee.co\/en\/wp-json\/wp\/v2\/product_cat?post=1848"},{"taxonomy":"product_tag","embeddable":true,"href":"https:\/\/www.samscoffee.co\/en\/wp-json\/wp\/v2\/product_tag?post=1848"}],"curies":[{"name":"wp","href":"https:\/\/api.w.org\/{rel}","templated":true}]}}