{"id":1851,"date":"2021-05-17T15:58:05","date_gmt":"2021-05-17T15:58:05","guid":{"rendered":"https:\/\/www.samscoffee.co\/?post_type=product&#038;p=1851"},"modified":"2021-11-17T15:22:39","modified_gmt":"2021-11-17T15:22:39","slug":"delonghi-kg49-kahve-ogutucu","status":"publish","type":"product","link":"https:\/\/www.samscoffee.co\/en\/product\/delonghi-kg49-kahve-ogutucu\/","title":{"rendered":"DeLonghi KG49 Kahve \u00d6\u011f\u00fct\u00fcc\u00fc"},"content":{"rendered":"<p>Boyutlar (exbxy cm): 11x13x25<br \/>\nA\u011f\u0131rl\u0131k (Kg): 1<br \/>\nVoltaj\/Frekans (V~Hz): 220\/240~50\/60<br \/>\nGiri\u015f g\u00fcc\u00fc (W): 170<br \/>\n\u00c7ekirdek haznesi kapasitesi (g): 90<br \/>\nMaksimum fincan say\u0131s\u0131: 12<br \/>\n&#8220;Bas &#038; \u00d6\u011f\u00fct&#8221; sistemi: \u2713<br \/>\nTemizleme f\u0131r\u00e7as\u0131: \u2713<br \/>\n\u00d6\u011f\u00fctme ayar\u0131 se\u00e7icisi: \u2713<br \/>\n\u00c7\u0131kar\u0131labilir toz kahve haznesi: \u2713<br \/>\nKau\u00e7uk ayaklar: \u2713<br \/>\nSelf-contained cord storage: \u2713<br \/>\nPaslanmaz \u00e7elik \u00f6\u011f\u00fct\u00fcc\u00fc b\u0131\u00e7aklar\u0131: \u2713<br \/>\n\u00dcst kapak: \u2713<br \/>\n\u015eeffaf &#038; \u00e7\u0131kar\u0131labilir \u00e7ekirdek kahve haznesi: \u2713<\/p>","protected":false},"excerpt":{"rendered":"<p>Delonghi KG49 kahve \u00f6\u011f\u00fct\u00fcc\u00fc sahip oldu\u011fu 1 b\u0131\u00e7ak ile \u00e7ekirdekleri defalarca keserek toza d\u00f6n\u00fc\u015ft\u00fcr\u00fcr.<\/p>","protected":false},"featured_media":1852,"comment_status":"open","ping_status":"closed","template":"","meta":[],"product_brand":[],"product_cat":[141],"product_tag":[221,101,368,343,369,215,214],"class_list":{"0":"post-1851","1":"product","2":"type-product","3":"status-publish","4":"has-post-thumbnail","6":"product_cat-kahve-degirmenleri","7":"product_tag-baharat-ogutucu","8":"product_tag-delonghi","9":"product_tag-delonghi-baharat-ogutucu","10":"product_tag-delonghi-kahve-ogutucu","11":"product_tag-delonghi-kg49-kahve-ogutucu","12":"product_tag-kahve-degirmeni","13":"product_tag-kahve-ogutucu","15":"first","16":"outofstock","17":"shipping-taxable","18":"purchasable","19":"product-type-simple"},"_links":{"self":[{"href":"https:\/\/www.samscoffee.co\/en\/wp-json\/wp\/v2\/product\/1851","targetHints":{"allow":["GET"]}}],"collection":[{"href":"https:\/\/www.samscoffee.co\/en\/wp-json\/wp\/v2\/product"}],"about":[{"href":"https:\/\/www.samscoffee.co\/en\/wp-json\/wp\/v2\/types\/product"}],"replies":[{"embeddable":true,"href":"https:\/\/www.samscoffee.co\/en\/wp-json\/wp\/v2\/comments?post=1851"}],"wp:featuredmedia":[{"embeddable":true,"href":"https:\/\/www.samscoffee.co\/en\/wp-json\/wp\/v2\/media\/1852"}],"wp:attachment":[{"href":"https:\/\/www.samscoffee.co\/en\/wp-json\/wp\/v2\/media?parent=1851"}],"wp:term":[{"taxonomy":"product_brand","embeddable":true,"href":"https:\/\/www.samscoffee.co\/en\/wp-json\/wp\/v2\/product_brand?post=1851"},{"taxonomy":"product_cat","embeddable":true,"href":"https:\/\/www.samscoffee.co\/en\/wp-json\/wp\/v2\/product_cat?post=1851"},{"taxonomy":"product_tag","embeddable":true,"href":"https:\/\/www.samscoffee.co\/en\/wp-json\/wp\/v2\/product_tag?post=1851"}],"curies":[{"name":"wp","href":"https:\/\/api.w.org\/{rel}","templated":true}]}}