{"id":1857,"date":"2021-05-20T15:59:44","date_gmt":"2021-05-20T15:59:44","guid":{"rendered":"https:\/\/www.samscoffee.co\/?post_type=product&#038;p=1857"},"modified":"2025-06-03T04:53:13","modified_gmt":"2025-06-03T04:53:13","slug":"delongi-distinta","status":"publish","type":"product","link":"https:\/\/www.samscoffee.co\/en\/product\/delongi-distinta\/","title":{"rendered":"Delongi Distinta"},"content":{"rendered":"<p>A\u011f\u0131rl\u0131k (Kg): 4,2<br \/>\nCoffee tamper: Accessory<br \/>\nVoltaj\/Frekans (V~Hz): 220-240 V \/ 50-60 Hz<br \/>\nGiri\u015f g\u00fcc\u00fc (W): 1100<br \/>\nFavori renginizi se\u00e7in: Pure White<br \/>\nCup warmer: Passive<br \/>\nAuto shut-off: \u2713<br \/>\nMilk system: Manual<br \/>\nFinishing: Matt metallic<br \/>\nBas\u0131n\u00e7 g\u00fcc\u00fc (bar): 15<br \/>\nD\u0131\u015f boyutlar (exbxy) (mm): 197x310x322<br \/>\nMaksimum fincan y\u00fcksekli\u011fi (cm): 120<br \/>\nSu tank\u0131 kapasitesi (l): 1<br \/>\n1&amp;2 cups filters: \u2713<br \/>\nA\u00e7ma\/kapama d\u00fc\u011fmesi: \u2713<br \/>\n\u00c7\u0131kar\u0131labilir damlama tepsisi: \u2713<br \/>\n\u00c7\u0131kart\u0131labilir su tank\u0131: \u2713<br \/>\nSu seviye g\u00f6stergesi: \u2713<br \/>\nBody material: Metal<br \/>\nESE pods: \u2713<br \/>\nFiltre say\u0131s\u0131: 3<\/p>","protected":false},"excerpt":{"rendered":"<p>Ustaca i\u015flenmi\u015f materyaller, modern ve al\u0131\u015f\u0131lm\u0131\u015f\u0131n d\u0131\u015f\u0131ndaki renk se\u00e7enekleri sa\u011flaml\u0131k ve b\u00fcy\u00fcleyici \u015f\u0131kl\u0131\u011f\u0131 simgeliyor. Sofistike mat metalik boya ve krom detaylar ise koleksiyona do\u011fal bir safl\u0131k kat\u0131yor.<\/p>\n<p>Distinta, mutfak aletlerinde yeni bir devir.<\/p>\n<p>M\u00fckemmel performans\u0131yla \u00a0Distinta espresso ve cappuccino makinesi benzersiz bir kahve deneyimi sunuyor.<\/p>","protected":false},"featured_media":1859,"comment_status":"open","ping_status":"closed","template":"","meta":[],"product_brand":[],"product_cat":[47,137],"product_tag":[101,376,377,374,373,371,375],"class_list":{"0":"post-1857","1":"product","2":"type-product","3":"status-publish","4":"has-post-thumbnail","6":"product_cat-ekipmanlar","7":"product_cat-espresso-makineleri","8":"product_tag-delonghi","9":"product_tag-delonghi-kahve-makineleri","10":"product_tag-delonghi-kahve-makinesi","11":"product_tag-espresso-makineleri","12":"product_tag-vintage-kahve-makineleri","13":"product_tag-vintage-kahve-makinesi","14":"product_tag-vintage-urunler","16":"first","17":"outofstock","18":"shipping-taxable","19":"purchasable","20":"product-type-simple"},"_links":{"self":[{"href":"https:\/\/www.samscoffee.co\/en\/wp-json\/wp\/v2\/product\/1857","targetHints":{"allow":["GET"]}}],"collection":[{"href":"https:\/\/www.samscoffee.co\/en\/wp-json\/wp\/v2\/product"}],"about":[{"href":"https:\/\/www.samscoffee.co\/en\/wp-json\/wp\/v2\/types\/product"}],"replies":[{"embeddable":true,"href":"https:\/\/www.samscoffee.co\/en\/wp-json\/wp\/v2\/comments?post=1857"}],"wp:featuredmedia":[{"embeddable":true,"href":"https:\/\/www.samscoffee.co\/en\/wp-json\/wp\/v2\/media\/1859"}],"wp:attachment":[{"href":"https:\/\/www.samscoffee.co\/en\/wp-json\/wp\/v2\/media?parent=1857"}],"wp:term":[{"taxonomy":"product_brand","embeddable":true,"href":"https:\/\/www.samscoffee.co\/en\/wp-json\/wp\/v2\/product_brand?post=1857"},{"taxonomy":"product_cat","embeddable":true,"href":"https:\/\/www.samscoffee.co\/en\/wp-json\/wp\/v2\/product_cat?post=1857"},{"taxonomy":"product_tag","embeddable":true,"href":"https:\/\/www.samscoffee.co\/en\/wp-json\/wp\/v2\/product_tag?post=1857"}],"curies":[{"name":"wp","href":"https:\/\/api.w.org\/{rel}","templated":true}]}}