{"id":1860,"date":"2021-05-20T16:04:29","date_gmt":"2021-05-20T16:04:29","guid":{"rendered":"https:\/\/www.samscoffee.co\/?post_type=product&#038;p=1860"},"modified":"2021-11-17T15:22:06","modified_gmt":"2021-11-17T15:22:06","slug":"delonghi-dedica-pump-espresso","status":"publish","type":"product","link":"https:\/\/www.samscoffee.co\/en\/product\/delonghi-dedica-pump-espresso\/","title":{"rendered":"DeLonghi Dedica Pump Espresso"},"content":{"rendered":"<p>A\u011f\u0131rl\u0131k (Kg): 4,2<br \/>\nCoffee tamper: Accessory<br \/>\nVoltaj\/Frekans (V~Hz): 220-240 V \/ 50-60Hz<br \/>\nGiri\u015f g\u00fcc\u00fc (W): 1300<br \/>\nFavori renginizi se\u00e7in: Siyah<br \/>\nCup warmer: Passive<br \/>\nAuto shut-off: \u2713<br \/>\nMilk system: Manual<br \/>\nHeating system: Thermoblock<br \/>\nBas\u0131n\u00e7 g\u00fcc\u00fc (bar): 15<br \/>\nD\u0131\u015f boyutlar (exbxy) (mm): 149x330x303<br \/>\nMaksimum fincan y\u00fcksekli\u011fi (cm): 12<br \/>\nSu tank\u0131 kapasitesi (l): 1,1<br \/>\n1&#038;2 cups filters: \u2713<br \/>\nA\u00e7ma\/kapama d\u00fc\u011fmesi: \u2713<br \/>\n\u00c7\u0131kar\u0131labilir damlama tepsisi: \u2713<br \/>\n\u00c7\u0131kart\u0131labilir su tank\u0131: \u2713<br \/>\nSu seviye g\u00f6stergesi: \u2713<br \/>\nBody material: Stainless Steel<br \/>\nESE pods: \u2713<br \/>\nFiltre say\u0131s\u0131: 3<\/p>","protected":false},"excerpt":{"rendered":"<p>A\u011f\u0131rl\u0131k (Kg): 4,2 Coffee tamper: Accessory Voltaj\/Frekans (V~Hz): 220-240 V \/ 50-60Hz Giri\u015f g\u00fcc\u00fc (W): 1300 Favori renginizi se\u00e7in: Siyah Cup warmer: Passive Auto shut-off: \u2713 Milk system: Manual Heating system: Thermoblock Bas\u0131n\u00e7 g\u00fcc\u00fc (bar): 15 D\u0131\u015f boyutlar (exbxy) (mm): 149x330x303 Maksimum fincan y\u00fcksekli\u011fi (cm): 12 Su tank\u0131 kapasitesi (l): 1,1 1&#038;2 cups filters: \u2713 A\u00e7ma\/kapama d\u00fc\u011fmesi: \u2713 \u00c7\u0131kar\u0131labilir damlama tepsisi: \u2713 \u00c7\u0131kart\u0131labilir su tank\u0131: \u2713 Su seviye g\u00f6stergesi: \u2713 Body material: Stainless Steel ESE pods: \u2713 Filtre say\u0131s\u0131: 3<\/p>","protected":false},"featured_media":1862,"comment_status":"open","ping_status":"closed","template":"","meta":[],"product_brand":[],"product_cat":[47,137],"product_tag":[380,378,379,374,102],"class_list":{"0":"post-1860","1":"product","2":"type-product","3":"status-publish","4":"has-post-thumbnail","6":"product_cat-ekipmanlar","7":"product_cat-espresso-makineleri","8":"product_tag-cappuccino","9":"product_tag-delongi","10":"product_tag-espresso","11":"product_tag-espresso-makineleri","12":"product_tag-espresso-makinesi","14":"first","15":"outofstock","16":"shipping-taxable","17":"purchasable","18":"product-type-simple"},"_links":{"self":[{"href":"https:\/\/www.samscoffee.co\/en\/wp-json\/wp\/v2\/product\/1860","targetHints":{"allow":["GET"]}}],"collection":[{"href":"https:\/\/www.samscoffee.co\/en\/wp-json\/wp\/v2\/product"}],"about":[{"href":"https:\/\/www.samscoffee.co\/en\/wp-json\/wp\/v2\/types\/product"}],"replies":[{"embeddable":true,"href":"https:\/\/www.samscoffee.co\/en\/wp-json\/wp\/v2\/comments?post=1860"}],"wp:featuredmedia":[{"embeddable":true,"href":"https:\/\/www.samscoffee.co\/en\/wp-json\/wp\/v2\/media\/1862"}],"wp:attachment":[{"href":"https:\/\/www.samscoffee.co\/en\/wp-json\/wp\/v2\/media?parent=1860"}],"wp:term":[{"taxonomy":"product_brand","embeddable":true,"href":"https:\/\/www.samscoffee.co\/en\/wp-json\/wp\/v2\/product_brand?post=1860"},{"taxonomy":"product_cat","embeddable":true,"href":"https:\/\/www.samscoffee.co\/en\/wp-json\/wp\/v2\/product_cat?post=1860"},{"taxonomy":"product_tag","embeddable":true,"href":"https:\/\/www.samscoffee.co\/en\/wp-json\/wp\/v2\/product_tag?post=1860"}],"curies":[{"name":"wp","href":"https:\/\/api.w.org\/{rel}","templated":true}]}}