{"id":1881,"date":"2021-03-10T15:51:02","date_gmt":"2021-03-10T15:51:02","guid":{"rendered":"https:\/\/www.samscoffee.co\/?post_type=product&#038;p=1881"},"modified":"2021-08-17T13:40:46","modified_gmt":"2021-08-17T13:40:46","slug":"french-press-600ml","status":"publish","type":"product","link":"https:\/\/www.samscoffee.co\/en\/product\/french-press-600ml\/","title":{"rendered":"French Press 600ml"},"content":{"rendered":"","protected":false},"excerpt":{"rendered":"<p>Borisilikat camdan \u00fcretilmi\u015f 600ml hazneye sahip <strong>french press<\/strong> ile evinizde veya ofisinizde harika kahvelerin tad\u0131n\u0131 \u00e7\u0131kar\u0131n!<\/p>","protected":false},"featured_media":1883,"comment_status":"open","ping_status":"closed","template":"","meta":[],"product_brand":[],"product_cat":[47,145],"product_tag":[275,311],"class_list":{"0":"post-1881","1":"product","2":"type-product","3":"status-publish","4":"has-post-thumbnail","6":"product_cat-ekipmanlar","7":"product_cat-kahve-demleyici","8":"product_tag-french-press","9":"product_tag-kahve-demleme-ekipmanlari","11":"first","12":"outofstock","13":"shipping-taxable","14":"purchasable","15":"product-type-simple"},"_links":{"self":[{"href":"https:\/\/www.samscoffee.co\/en\/wp-json\/wp\/v2\/product\/1881","targetHints":{"allow":["GET"]}}],"collection":[{"href":"https:\/\/www.samscoffee.co\/en\/wp-json\/wp\/v2\/product"}],"about":[{"href":"https:\/\/www.samscoffee.co\/en\/wp-json\/wp\/v2\/types\/product"}],"replies":[{"embeddable":true,"href":"https:\/\/www.samscoffee.co\/en\/wp-json\/wp\/v2\/comments?post=1881"}],"wp:featuredmedia":[{"embeddable":true,"href":"https:\/\/www.samscoffee.co\/en\/wp-json\/wp\/v2\/media\/1883"}],"wp:attachment":[{"href":"https:\/\/www.samscoffee.co\/en\/wp-json\/wp\/v2\/media?parent=1881"}],"wp:term":[{"taxonomy":"product_brand","embeddable":true,"href":"https:\/\/www.samscoffee.co\/en\/wp-json\/wp\/v2\/product_brand?post=1881"},{"taxonomy":"product_cat","embeddable":true,"href":"https:\/\/www.samscoffee.co\/en\/wp-json\/wp\/v2\/product_cat?post=1881"},{"taxonomy":"product_tag","embeddable":true,"href":"https:\/\/www.samscoffee.co\/en\/wp-json\/wp\/v2\/product_tag?post=1881"}],"curies":[{"name":"wp","href":"https:\/\/api.w.org\/{rel}","templated":true}]}}