{"id":2083,"date":"2021-08-17T13:04:00","date_gmt":"2021-08-17T13:04:00","guid":{"rendered":"https:\/\/www.samscoffee.co\/?post_type=product&#038;p=2083"},"modified":"2021-11-17T15:21:42","modified_gmt":"2021-11-17T15:21:42","slug":"chemex-kahve-demleme-400-ml","status":"publish","type":"product","link":"https:\/\/www.samscoffee.co\/en\/product\/chemex-kahve-demleme-400-ml\/","title":{"rendered":"Chemex 400 ml"},"content":{"rendered":"<p>Harika kahve demlemenin birden \u00e7ok y\u00f6ntemi vard\u0131r. Chemex kahve demleme ekipman\u0131 ile sizde evde veya i\u015fyerinizde kendi filtre kahvenizi yapabilirsiniz.<\/p>","protected":false},"excerpt":{"rendered":"<p>Chemex kahve demleme s\u00fcrahisi Sams&#8217;in online kahve d\u00fckkan\u0131nda!<\/p>","protected":false},"featured_media":1246,"comment_status":"open","ping_status":"closed","template":"","meta":[],"product_brand":[],"product_cat":[47,143,145],"product_tag":[269,528,529,152],"class_list":{"0":"post-2083","1":"product","2":"type-product","3":"status-publish","4":"has-post-thumbnail","6":"product_cat-ekipmanlar","7":"product_cat-chemex-pour-over","8":"product_cat-kahve-demleyici","9":"product_tag-chemex","10":"product_tag-chemex-fiyatlari","11":"product_tag-chemex-kahve","12":"product_tag-kahve-demleme","14":"first","15":"outofstock","16":"shipping-taxable","17":"purchasable","18":"product-type-simple"},"_links":{"self":[{"href":"https:\/\/www.samscoffee.co\/en\/wp-json\/wp\/v2\/product\/2083","targetHints":{"allow":["GET"]}}],"collection":[{"href":"https:\/\/www.samscoffee.co\/en\/wp-json\/wp\/v2\/product"}],"about":[{"href":"https:\/\/www.samscoffee.co\/en\/wp-json\/wp\/v2\/types\/product"}],"replies":[{"embeddable":true,"href":"https:\/\/www.samscoffee.co\/en\/wp-json\/wp\/v2\/comments?post=2083"}],"wp:featuredmedia":[{"embeddable":true,"href":"https:\/\/www.samscoffee.co\/en\/wp-json\/wp\/v2\/media\/1246"}],"wp:attachment":[{"href":"https:\/\/www.samscoffee.co\/en\/wp-json\/wp\/v2\/media?parent=2083"}],"wp:term":[{"taxonomy":"product_brand","embeddable":true,"href":"https:\/\/www.samscoffee.co\/en\/wp-json\/wp\/v2\/product_brand?post=2083"},{"taxonomy":"product_cat","embeddable":true,"href":"https:\/\/www.samscoffee.co\/en\/wp-json\/wp\/v2\/product_cat?post=2083"},{"taxonomy":"product_tag","embeddable":true,"href":"https:\/\/www.samscoffee.co\/en\/wp-json\/wp\/v2\/product_tag?post=2083"}],"curies":[{"name":"wp","href":"https:\/\/api.w.org\/{rel}","templated":true}]}}