{"id":2085,"date":"2021-08-17T13:14:41","date_gmt":"2021-08-17T13:14:41","guid":{"rendered":"https:\/\/www.samscoffee.co\/?post_type=product&#038;p=2085"},"modified":"2021-11-17T15:21:18","modified_gmt":"2021-11-17T15:21:18","slug":"v60-cam-dripper","status":"publish","type":"product","link":"https:\/\/www.samscoffee.co\/en\/product\/v60-cam-dripper\/","title":{"rendered":"V60 Glass Dripper"},"content":{"rendered":"<p>Kahve severlerin en \u00e7ok sevdi\u011fi kahve demleme ekipmanlar\u0131ndan birisi olan V60 demleme ekipman\u0131 Sams&#8217;de! Kahvenin net tatlar\u0131 ve aromalar\u0131n\u0131 hissedebilece\u011finiz, kullan\u0131m\u0131 pratik, \u015f\u0131k v60 cam dripper modelini \u00e7ok be\u011feneceksiniz.<\/p>","protected":false},"excerpt":{"rendered":"<p>V60 o2 Siyah Cam Dripper en iyi fiyatlarla Sams&#8217;in kahve d\u00fckkan\u0131nda!<\/p>","protected":false},"featured_media":2086,"comment_status":"open","ping_status":"closed","template":"","meta":[],"product_brand":[],"product_cat":[47,139],"product_tag":[311,415,412,530,332,350,222],"class_list":{"0":"post-2085","1":"product","2":"type-product","3":"status-publish","4":"has-post-thumbnail","6":"product_cat-ekipmanlar","7":"product_cat-v60","8":"product_tag-kahve-demleme-ekipmanlari","9":"product_tag-kahve-ekipmani","10":"product_tag-kahve-ekipmanlari","11":"product_tag-v60-cam-dripper","12":"product_tag-v60-dripper","13":"product_tag-v60-kahve","14":"product_tag-v60-kahve-demleme","16":"first","17":"outofstock","18":"shipping-taxable","19":"purchasable","20":"product-type-simple"},"_links":{"self":[{"href":"https:\/\/www.samscoffee.co\/en\/wp-json\/wp\/v2\/product\/2085","targetHints":{"allow":["GET"]}}],"collection":[{"href":"https:\/\/www.samscoffee.co\/en\/wp-json\/wp\/v2\/product"}],"about":[{"href":"https:\/\/www.samscoffee.co\/en\/wp-json\/wp\/v2\/types\/product"}],"replies":[{"embeddable":true,"href":"https:\/\/www.samscoffee.co\/en\/wp-json\/wp\/v2\/comments?post=2085"}],"wp:featuredmedia":[{"embeddable":true,"href":"https:\/\/www.samscoffee.co\/en\/wp-json\/wp\/v2\/media\/2086"}],"wp:attachment":[{"href":"https:\/\/www.samscoffee.co\/en\/wp-json\/wp\/v2\/media?parent=2085"}],"wp:term":[{"taxonomy":"product_brand","embeddable":true,"href":"https:\/\/www.samscoffee.co\/en\/wp-json\/wp\/v2\/product_brand?post=2085"},{"taxonomy":"product_cat","embeddable":true,"href":"https:\/\/www.samscoffee.co\/en\/wp-json\/wp\/v2\/product_cat?post=2085"},{"taxonomy":"product_tag","embeddable":true,"href":"https:\/\/www.samscoffee.co\/en\/wp-json\/wp\/v2\/product_tag?post=2085"}],"curies":[{"name":"wp","href":"https:\/\/api.w.org\/{rel}","templated":true}]}}