{"id":2114,"date":"2021-09-09T12:04:44","date_gmt":"2021-09-09T12:04:44","guid":{"rendered":"https:\/\/www.samscoffee.co\/?post_type=product&#038;p=2114"},"modified":"2025-09-29T13:28:49","modified_gmt":"2025-09-29T13:28:49","slug":"turk-kahvesi-500g","status":"publish","type":"product","link":"https:\/\/www.samscoffee.co\/en\/product\/turk-kahvesi-500g\/","title":{"rendered":"T\u00fcrk Kahvesi 500g"},"content":{"rendered":"<p>Brezilya ve El Salvador\u2019un nitelikli \u00e7ekirdeklerinden elde edilen uzmanl\u0131kla kavurdu\u011fumuz %100 arabica \u00f6zel harman T\u00fcrk Kahvesi<\/p>","protected":false},"excerpt":{"rendered":"<p>%100 arabica kahve \u00e7ekirdeklerinden uzmanl\u0131kla kavrulmu\u015f T\u00fcrk Kahvesi<\/p>","protected":false},"featured_media":2115,"comment_status":"open","ping_status":"closed","template":"","meta":[],"product_brand":[],"product_cat":[58],"product_tag":[531,532],"class_list":{"0":"post-2114","1":"product","2":"type-product","3":"status-publish","4":"has-post-thumbnail","6":"product_cat-kahveler","7":"product_tag-turk-kahvesi","8":"product_tag-turkish-coffee","10":"first","11":"outofstock","12":"shipping-taxable","13":"purchasable","14":"product-type-simple"},"_links":{"self":[{"href":"https:\/\/www.samscoffee.co\/en\/wp-json\/wp\/v2\/product\/2114","targetHints":{"allow":["GET"]}}],"collection":[{"href":"https:\/\/www.samscoffee.co\/en\/wp-json\/wp\/v2\/product"}],"about":[{"href":"https:\/\/www.samscoffee.co\/en\/wp-json\/wp\/v2\/types\/product"}],"replies":[{"embeddable":true,"href":"https:\/\/www.samscoffee.co\/en\/wp-json\/wp\/v2\/comments?post=2114"}],"wp:featuredmedia":[{"embeddable":true,"href":"https:\/\/www.samscoffee.co\/en\/wp-json\/wp\/v2\/media\/2115"}],"wp:attachment":[{"href":"https:\/\/www.samscoffee.co\/en\/wp-json\/wp\/v2\/media?parent=2114"}],"wp:term":[{"taxonomy":"product_brand","embeddable":true,"href":"https:\/\/www.samscoffee.co\/en\/wp-json\/wp\/v2\/product_brand?post=2114"},{"taxonomy":"product_cat","embeddable":true,"href":"https:\/\/www.samscoffee.co\/en\/wp-json\/wp\/v2\/product_cat?post=2114"},{"taxonomy":"product_tag","embeddable":true,"href":"https:\/\/www.samscoffee.co\/en\/wp-json\/wp\/v2\/product_tag?post=2114"}],"curies":[{"name":"wp","href":"https:\/\/api.w.org\/{rel}","templated":true}]}}