{"id":2123,"date":"2021-09-24T13:18:02","date_gmt":"2021-09-24T13:18:02","guid":{"rendered":"https:\/\/www.samscoffee.co\/?post_type=product&#038;p=2123"},"modified":"2025-04-24T09:24:35","modified_gmt":"2025-04-24T09:24:35","slug":"fakir-kaave-turk-kahvesi-makinesi","status":"publish","type":"product","link":"https:\/\/www.samscoffee.co\/en\/product\/fakir-kaave-turk-kahvesi-makinesi\/","title":{"rendered":"Fakir Kaave T\u00fcrk Kahvesi Makinesi"},"content":{"rendered":"<p>G\u00fc\u00e7: 735 W<br \/>\nKapasite: Max. 4 T\u00fcrk kahvesi fincan\u0131 (70 ml orta boy)<br \/>\nTek tu\u015fla kolay kontrol<br \/>\nI\u015f\u0131kl\u0131 uyar\u0131<br \/>\nSesli uyar\u0131<br \/>\nSu olmadan \u00e7al\u0131\u015fmas\u0131n\u0131 engelleyen koruma<br \/>\nTa\u015fmay\u0131 \u00f6nleyen Luminasense Technology<br \/>\n\u00c7al\u0131\u015fma esnas\u0131nda ayd\u0131nlatmal\u0131 pi\u015firme yuvas\u0131<br \/>\nSu seviye penceresi<br \/>\nKablo boyu: 75 cm<br \/>\nKablo saklama yuvas\u0131<br \/>\nKahve \u00f6l\u00e7\u00fc ka\u015f\u0131\u011f\u0131<\/p>","protected":false},"excerpt":{"rendered":"<p>Pratik, tek tu\u015fla <strong>T\u00fcrk kahvesi<\/strong> yapman\u0131z\u0131 sa\u011flayan Fakir Kaave <em>T\u00fcrk kahvesi makinesi<\/em> Sams&#8217;in online d\u00fckkan\u0131nda!<\/p>","protected":false},"featured_media":2124,"comment_status":"open","ping_status":"closed","template":"","meta":[],"product_brand":[],"product_cat":[47,148],"product_tag":[534,535,536,97,96,562,533,299],"class_list":{"0":"post-2123","1":"product","2":"type-product","3":"status-publish","4":"has-post-thumbnail","6":"product_cat-ekipmanlar","7":"product_cat-turk-kahvesi-makineleri","8":"product_tag-fakir","9":"product_tag-fakir-kaave","10":"product_tag-kaave","11":"product_tag-kahve-makineleri","12":"product_tag-kahve-makinesi","13":"product_tag-turk-kahve-makinesi","14":"product_tag-turk-kahvesi-makineleri","15":"product_tag-turk-kahvesi-makinesi","17":"first","18":"outofstock","19":"shipping-taxable","20":"purchasable","21":"product-type-simple"},"_links":{"self":[{"href":"https:\/\/www.samscoffee.co\/en\/wp-json\/wp\/v2\/product\/2123","targetHints":{"allow":["GET"]}}],"collection":[{"href":"https:\/\/www.samscoffee.co\/en\/wp-json\/wp\/v2\/product"}],"about":[{"href":"https:\/\/www.samscoffee.co\/en\/wp-json\/wp\/v2\/types\/product"}],"replies":[{"embeddable":true,"href":"https:\/\/www.samscoffee.co\/en\/wp-json\/wp\/v2\/comments?post=2123"}],"wp:featuredmedia":[{"embeddable":true,"href":"https:\/\/www.samscoffee.co\/en\/wp-json\/wp\/v2\/media\/2124"}],"wp:attachment":[{"href":"https:\/\/www.samscoffee.co\/en\/wp-json\/wp\/v2\/media?parent=2123"}],"wp:term":[{"taxonomy":"product_brand","embeddable":true,"href":"https:\/\/www.samscoffee.co\/en\/wp-json\/wp\/v2\/product_brand?post=2123"},{"taxonomy":"product_cat","embeddable":true,"href":"https:\/\/www.samscoffee.co\/en\/wp-json\/wp\/v2\/product_cat?post=2123"},{"taxonomy":"product_tag","embeddable":true,"href":"https:\/\/www.samscoffee.co\/en\/wp-json\/wp\/v2\/product_tag?post=2123"}],"curies":[{"name":"wp","href":"https:\/\/api.w.org\/{rel}","templated":true}]}}