{"id":2139,"date":"2022-04-29T14:21:30","date_gmt":"2022-04-29T14:21:30","guid":{"rendered":"https:\/\/www.samscoffee.co\/?post_type=product&#038;p=2139"},"modified":"2025-06-03T22:30:04","modified_gmt":"2025-06-03T22:30:04","slug":"stanley-klasik-vakumlu-termos-0-75-lt","status":"publish","type":"product","link":"https:\/\/www.samscoffee.co\/en\/product\/stanley-klasik-vakumlu-termos-0-75-lt\/","title":{"rendered":"Stanley Klasik Vakumlu Termos 0.75 lt"},"content":{"rendered":"<p>Paslanmaz \u00e7elik vakumlu yal\u0131t\u0131m\u0131n en tepe noktas\u0131, \u00e7ift duvarl\u0131 750 ml hacimli Stanley Classic termos s\u0131cak veya so\u011fuk i\u00e7ecekleri 20 saate kadar, buzlu i\u00e7ecekleri de 4 g\u00fcne kadar korur. 18\/8 paslanmaz \u00e7elik ve BPA&#8217;s\u0131z malzemelerle \u00fcretilmi\u015ftir, s\u0131z\u0131nt\u0131 yapmaz, paslanmaz, kapa\u011f\u0131 bardak olarak kullan\u0131labilir, \u00f6m\u00fcr boyu garantilidir ve sizi asla yar\u0131 yolda b\u0131rakmaz.<\/p>\n<p><strong>\u00dcr\u00fcn \u00d6zellikleri<\/strong><br \/>\n18\/8 Paslanmaz \u00c7elik, BPA&#8217;s\u0131z<br \/>\n\u00c7ift duvar vakumlu yal\u0131t\u0131m<br \/>\nS\u0131z\u0131nt\u0131 yapmaz, \u00e7antada kolay ta\u015f\u0131n\u0131r,<br \/>\nDaha kontroll\u00fc bir d\u00f6k\u00fcm deneyimi i\u00e7in yeni stoper<br \/>\nYal\u0131t\u0131ml\u0131 kapak, bardak olarak da kullan\u0131labilir.<br \/>\nS\u0131z\u0131nt\u0131 yapmaz ve \u00e7antada kolay ta\u015f\u0131n\u0131r<br \/>\nBula\u015f\u0131k makinesinde y\u0131kanabilir<\/p>\n<p><strong>Teknik \u00d6zellikleri<\/strong><br \/>\nHacim:0,75 lt<br \/>\nA\u011f\u0131rl\u0131k:481 gr<br \/>\nBoyutlar: 8.6 x 8.6 x 30 cm<br \/>\nYap\u0131: Paslanmaz \u00c7elik G\u00f6vde,<br \/>\nYap\u0131: \u00c7ift Duvar Yal\u0131t\u0131m\u0131<br \/>\nBPA: \u0130\u00e7ermez<br \/>\nS\u0131cakl\u0131k &amp; So\u011fukluk: 20 Saat<br \/>\nBuzlu \u0130\u00e7ecekler: 96 Saat<\/p>","protected":false},"excerpt":{"rendered":"<p>Paslanmaz \u00e7elik vakumlu yal\u0131t\u0131m\u0131n en tepe noktas\u0131, \u00e7ift duvarl\u0131 750 ml hacimli Stanley Classic termos s\u0131cak veya so\u011fuk i\u00e7ecekleri 20 saate kadar, buzlu i\u00e7ecekleri de 4 g\u00fcne kadar korur. 18\/8 paslanmaz \u00e7elik ve BPA&#8217;s\u0131z malzemelerle \u00fcretilmi\u015ftir, s\u0131z\u0131nt\u0131 yapmaz, paslanmaz, kapa\u011f\u0131 bardak olarak kullan\u0131labilir, \u00f6m\u00fcr boyu garantilidir ve sizi asla yar\u0131 yolda b\u0131rakmaz. \u00dcr\u00fcn \u00d6zellikleri 18\/8 Paslanmaz \u00c7elik, BPA&#8217;s\u0131z \u00c7ift duvar vakumlu yal\u0131t\u0131m S\u0131z\u0131nt\u0131 yapmaz, \u00e7antada kolay ta\u015f\u0131n\u0131r, Daha kontroll\u00fc bir d\u00f6k\u00fcm deneyimi i\u00e7in yeni stoper Yal\u0131t\u0131ml\u0131 kapak, bardak olarak da kullan\u0131labilir. S\u0131z\u0131nt\u0131 yapmaz ve&hellip;<\/p>","protected":false},"featured_media":2140,"comment_status":"open","ping_status":"closed","template":"","meta":[],"product_brand":[],"product_cat":[47,144,537],"product_tag":[280,540,538,539,541],"class_list":{"0":"post-2139","1":"product","2":"type-product","3":"status-publish","4":"has-post-thumbnail","6":"product_cat-ekipmanlar","7":"product_cat-termos","8":"product_cat-termos-2","9":"product_tag-celik-termos","10":"product_tag-kahve-termosu","11":"product_tag-stanley","12":"product_tag-stanley-termos","13":"product_tag-termos","15":"first","16":"outofstock","17":"shipping-taxable","18":"purchasable","19":"product-type-simple"},"_links":{"self":[{"href":"https:\/\/www.samscoffee.co\/en\/wp-json\/wp\/v2\/product\/2139","targetHints":{"allow":["GET"]}}],"collection":[{"href":"https:\/\/www.samscoffee.co\/en\/wp-json\/wp\/v2\/product"}],"about":[{"href":"https:\/\/www.samscoffee.co\/en\/wp-json\/wp\/v2\/types\/product"}],"replies":[{"embeddable":true,"href":"https:\/\/www.samscoffee.co\/en\/wp-json\/wp\/v2\/comments?post=2139"}],"wp:featuredmedia":[{"embeddable":true,"href":"https:\/\/www.samscoffee.co\/en\/wp-json\/wp\/v2\/media\/2140"}],"wp:attachment":[{"href":"https:\/\/www.samscoffee.co\/en\/wp-json\/wp\/v2\/media?parent=2139"}],"wp:term":[{"taxonomy":"product_brand","embeddable":true,"href":"https:\/\/www.samscoffee.co\/en\/wp-json\/wp\/v2\/product_brand?post=2139"},{"taxonomy":"product_cat","embeddable":true,"href":"https:\/\/www.samscoffee.co\/en\/wp-json\/wp\/v2\/product_cat?post=2139"},{"taxonomy":"product_tag","embeddable":true,"href":"https:\/\/www.samscoffee.co\/en\/wp-json\/wp\/v2\/product_tag?post=2139"}],"curies":[{"name":"wp","href":"https:\/\/api.w.org\/{rel}","templated":true}]}}