{"id":2142,"date":"2022-04-29T14:25:11","date_gmt":"2022-04-29T14:25:11","guid":{"rendered":"https:\/\/www.samscoffee.co\/?post_type=product&#038;p=2142"},"modified":"2022-04-29T14:26:12","modified_gmt":"2022-04-29T14:26:12","slug":"stanley-klasik-vakumlu-celik-termos-1-4-lt","status":"publish","type":"product","link":"https:\/\/www.samscoffee.co\/en\/product\/stanley-klasik-vakumlu-celik-termos-1-4-lt\/","title":{"rendered":"Stanley Klasik Vakumlu \u00c7elik Termos 1.4 lt"},"content":{"rendered":"<p>Kamp alan\u0131, karavan, ofiste veya \u015fantiyede &#8211; bu termosun ikonik stili ve dayan\u0131kl\u0131l\u0131\u011f\u0131, her yere gitmeye haz\u0131r oldu\u011fu anlam\u0131na gelir. Stanley 1.4 lt termosun, \u00e7ift duvarl\u0131 vakum yal\u0131t\u0131m\u0131, t\u00fcm i\u00e7eceklerinizi ideal s\u0131cakl\u0131kta tutar ve i\u00e7ece\u011finizi daha kolay d\u00f6kmeniz i\u00e7in, \u00e7evir \u2013 d\u00f6k t\u0131pas\u0131 vard\u0131r. Kullan\u0131\u015fl\u0131 yal\u0131t\u0131ml\u0131 kapak bir bardak g\u00f6revi g\u00f6r\u00fcr ve ayr\u0131ca kolay ta\u015f\u0131ma i\u00e7in katlanabilir bir ta\u015f\u0131ma kulpu vard\u0131r.<br \/>\nStanley 1.4 lt termos, dayan\u0131kl\u0131, s\u0131zd\u0131rma yapmayan, paslanmayan bu vakumlu \u00e7ok kullan\u0131\u015fl\u0131 termos, g\u00fczel, g\u00fcne\u015fli bir g\u00fcnde pikni\u011fe \u00e7\u0131kanlar ve macerac\u0131lar i\u00e7in m\u00fckemmel bir arkada\u015ft\u0131r.<\/p>\n<p><strong>Stanley Termos \u00dcr\u00fcn Teknik \u00d6zellikleri<\/strong><br \/>\nHacim: 1,4 lt<br \/>\nA\u011f\u0131rl\u0131k: 935 gr<br \/>\nBoyutlar: 9.9 x 12 x 35.8 cm<br \/>\nYap\u0131: Paslanmaz \u00c7elik G\u00f6vde<br \/>\nYap\u0131: \u00c7ift Duvar Yal\u0131t\u0131m<br \/>\nBPA: \u0130\u00e7ermez<br \/>\nS\u0131cak: 40 Saat<br \/>\nSo\u011fuk: 35 Saat<br \/>\nBuzlu \u0130\u00e7ecekler: 144 Saat<\/p>","protected":false},"excerpt":{"rendered":"<p>Kamp alan\u0131, karavan, ofiste veya \u015fantiyede &#8211; bu termosun ikonik stili ve dayan\u0131kl\u0131l\u0131\u011f\u0131, her yere gitmeye haz\u0131r oldu\u011fu anlam\u0131na gelir. Stanley 1.4 lt termosun, \u00e7ift duvarl\u0131 vakum yal\u0131t\u0131m\u0131, t\u00fcm i\u00e7eceklerinizi ideal s\u0131cakl\u0131kta tutar ve i\u00e7ece\u011finizi daha kolay d\u00f6kmeniz i\u00e7in, \u00e7evir \u2013 d\u00f6k t\u0131pas\u0131 vard\u0131r. Kullan\u0131\u015fl\u0131 yal\u0131t\u0131ml\u0131 kapak bir bardak g\u00f6revi g\u00f6r\u00fcr ve ayr\u0131ca kolay ta\u015f\u0131ma i\u00e7in katlanabilir bir ta\u015f\u0131ma kulpu vard\u0131r. Stanley 1.4 lt termos, dayan\u0131kl\u0131, s\u0131zd\u0131rma yapmayan, paslanmayan bu vakumlu \u00e7ok kullan\u0131\u015fl\u0131 termos, g\u00fczel, g\u00fcne\u015fli bir g\u00fcnde pikni\u011fe \u00e7\u0131kanlar ve macerac\u0131lar i\u00e7in m\u00fckemmel&hellip;<\/p>","protected":false},"featured_media":2145,"comment_status":"open","ping_status":"closed","template":"","meta":[],"product_brand":[],"product_cat":[144],"product_tag":[280,543,542,538,539,541],"class_list":{"0":"post-2142","1":"product","2":"type-product","3":"status-publish","4":"has-post-thumbnail","6":"product_cat-termos","7":"product_tag-celik-termos","8":"product_tag-kamp","9":"product_tag-kamp-malzemeleri","10":"product_tag-stanley","11":"product_tag-stanley-termos","12":"product_tag-termos","14":"first","15":"outofstock","16":"shipping-taxable","17":"purchasable","18":"product-type-simple"},"_links":{"self":[{"href":"https:\/\/www.samscoffee.co\/en\/wp-json\/wp\/v2\/product\/2142","targetHints":{"allow":["GET"]}}],"collection":[{"href":"https:\/\/www.samscoffee.co\/en\/wp-json\/wp\/v2\/product"}],"about":[{"href":"https:\/\/www.samscoffee.co\/en\/wp-json\/wp\/v2\/types\/product"}],"replies":[{"embeddable":true,"href":"https:\/\/www.samscoffee.co\/en\/wp-json\/wp\/v2\/comments?post=2142"}],"wp:featuredmedia":[{"embeddable":true,"href":"https:\/\/www.samscoffee.co\/en\/wp-json\/wp\/v2\/media\/2145"}],"wp:attachment":[{"href":"https:\/\/www.samscoffee.co\/en\/wp-json\/wp\/v2\/media?parent=2142"}],"wp:term":[{"taxonomy":"product_brand","embeddable":true,"href":"https:\/\/www.samscoffee.co\/en\/wp-json\/wp\/v2\/product_brand?post=2142"},{"taxonomy":"product_cat","embeddable":true,"href":"https:\/\/www.samscoffee.co\/en\/wp-json\/wp\/v2\/product_cat?post=2142"},{"taxonomy":"product_tag","embeddable":true,"href":"https:\/\/www.samscoffee.co\/en\/wp-json\/wp\/v2\/product_tag?post=2142"}],"curies":[{"name":"wp","href":"https:\/\/api.w.org\/{rel}","templated":true}]}}