{"id":2181,"date":"2023-05-23T10:00:17","date_gmt":"2023-05-23T10:00:17","guid":{"rendered":"https:\/\/www.samscoffee.co\/?post_type=product&#038;p=2181"},"modified":"2023-10-20T05:07:21","modified_gmt":"2023-10-20T05:07:21","slug":"smeg-retro-espresso-kahve-makinesi","status":"publish","type":"product","link":"https:\/\/www.samscoffee.co\/en\/product\/smeg-retro-espresso-kahve-makinesi\/","title":{"rendered":"Smeg Retro Espresso Coffee Machine"},"content":{"rendered":"<p>Termoblok \u0131s\u0131tma sistemi<br \/>\n15 bar bas\u0131n\u00e7<br \/>\nPaslanmaz \u00e7elik fincanl\u0131k ve pasif fincan \u0131s\u0131tma<br \/>\nPaslanmaz \u00e7elik filtre tutucu<br \/>\n\u00c7\u0131kar\u0131labilir damlal\u0131k tepsisi<br \/>\nDamlatma yapmayan \u00f6zel sistem<br \/>\n\u0130ste\u011fe ba\u011fl\u0131 su filtreli 1L \u00e7\u0131kar\u0131labilir su haznesi<br \/>\n1 fincan, 2 fincan se\u00e7ene\u011fi ve buhar \u00f6zelli\u011fi<br \/>\nAyarlanabilir Cappuccino sistemi<br \/>\nKahve s\u00fcrenizi \u00f6zelle\u015ftirmek i\u00e7in ak\u0131\u015f durdurma i\u015flevi<br \/>\nAyarlanabilir kahve s\u0131cakl\u0131\u011f\u0131<br \/>\nAyarlanabilir su sertli\u011fi<br \/>\nSadece s\u0131cak su alabilme (\u00e7ay vs. s\u0131cak i\u00e7ecek i\u00e7in)<br \/>\nKire\u00e7 temizleme zaman\u0131 uyar\u0131 \u0131\u015f\u0131\u011f\u0131<br \/>\nOtomatik bekleme moduna ge\u00e7en a\u00e7ma\/kapama d\u00fc\u011fmesi<br \/>\nKaymayan ayaklar<br \/>\n1350 Watt motor g\u00fcc\u00fc<\/p>\n<p>Boyutlar:<br \/>\nYxGxD 149x330x303 mm<br \/>\n5 kg a\u011f\u0131rl\u0131k<br \/>\nKordon uzunlu\u011fu 1 m<\/p>","protected":false},"excerpt":{"rendered":"<p>Smeg 50&#8217;ler stili <em>retro<\/em> serisi k\u00fc\u00e7\u00fck ev aletleri koleksiyonundan k\u0131rm\u0131z\u0131 <strong>espresso kahve makinesi<\/strong> Sams&#8217;in online <em>kahve<\/em> d\u00fckkan\u0131nda!<\/p>","protected":false},"featured_media":2182,"comment_status":"open","ping_status":"closed","template":"","meta":[],"product_brand":[],"product_cat":[137],"product_tag":[374,547,548,550,549],"class_list":{"0":"post-2181","1":"product","2":"type-product","3":"status-publish","4":"has-post-thumbnail","6":"product_cat-espresso-makineleri","7":"product_tag-espresso-makineleri","8":"product_tag-retro-espresso-makinesi","9":"product_tag-retro-kahve-makinesi","10":"product_tag-smeg-retro","11":"product_tag-smeg-retro-serisi","13":"first","14":"outofstock","15":"shipping-taxable","16":"purchasable","17":"product-type-simple"},"_links":{"self":[{"href":"https:\/\/www.samscoffee.co\/en\/wp-json\/wp\/v2\/product\/2181","targetHints":{"allow":["GET"]}}],"collection":[{"href":"https:\/\/www.samscoffee.co\/en\/wp-json\/wp\/v2\/product"}],"about":[{"href":"https:\/\/www.samscoffee.co\/en\/wp-json\/wp\/v2\/types\/product"}],"replies":[{"embeddable":true,"href":"https:\/\/www.samscoffee.co\/en\/wp-json\/wp\/v2\/comments?post=2181"}],"wp:featuredmedia":[{"embeddable":true,"href":"https:\/\/www.samscoffee.co\/en\/wp-json\/wp\/v2\/media\/2182"}],"wp:attachment":[{"href":"https:\/\/www.samscoffee.co\/en\/wp-json\/wp\/v2\/media?parent=2181"}],"wp:term":[{"taxonomy":"product_brand","embeddable":true,"href":"https:\/\/www.samscoffee.co\/en\/wp-json\/wp\/v2\/product_brand?post=2181"},{"taxonomy":"product_cat","embeddable":true,"href":"https:\/\/www.samscoffee.co\/en\/wp-json\/wp\/v2\/product_cat?post=2181"},{"taxonomy":"product_tag","embeddable":true,"href":"https:\/\/www.samscoffee.co\/en\/wp-json\/wp\/v2\/product_tag?post=2181"}],"curies":[{"name":"wp","href":"https:\/\/api.w.org\/{rel}","templated":true}]}}